{"id":9112,"date":"2024-11-05T22:18:19","date_gmt":"2024-11-05T19:18:19","guid":{"rendered":"https:\/\/ecoshop.ee\/?post_type=product&#038;p=9112"},"modified":"2025-12-14T20:14:58","modified_gmt":"2025-12-14T17:14:58","slug":"metallinen-partahoylan-pohja-leveampi","status":"publish","type":"product","link":"https:\/\/ecoshop.ee\/fi\/raseerijad\/metallist-raseerija-alus-laiem\/","title":{"rendered":"Metallinen partah\u00f6yl\u00e4n teline (leve\u00e4mpi aukko)"},"content":{"rendered":"<p>Metallinen h\u00f6yl\u00e4ntelineemme auttaa pit\u00e4m\u00e4\u00e4n kylpyhuoneesi siistin\u00e4 ja j\u00e4rjestyksess\u00e4 tarjoamalla vakaan ja tyylikk\u00e4\u00e4n paikan h\u00f6yl\u00e4llesi. Teline on v\u00e4rilt\u00e4\u00e4n ja kooltaan tarkasti suunniteltu, ja sen paino varmistaa tukevan istuvuuden. Telineet on pakattu yksinkertaiseen ja ymp\u00e4rist\u00f6yst\u00e4v\u00e4lliseen kraft-paperilaatikkoon. Huom! H\u00f6yl\u00e4 on ostettava erikseen. Teline sopii <strong><a href=\"https:\/\/ecoshop.ee\/fi\/partakoneet\/ergonominen-metallinen-hoyla-10-teraa\/?_gl=1*1belosa*_up*MQ..*_ga*MTY3MjE1OTIxLjE3MzA4MzA3NjM.*_ga_Y9PRLEL9G3*MTczMDgzMDc2My4xLjEuMTczMDgzMzg4Ni4wLjAuMzgyNDAwNDk3\" target=\"_blank\" rel=\"noopener\">partakoneen malliin.<\/a><\/strong><\/p>\n<p><strong>Setti sis\u00e4lt\u00e4\u00e4:<\/strong><\/p>\n<ul>\n<li>1 x partah\u00f6yl\u00e4n teline (musta\/pinkki)<\/li>\n<li>1 x kraft-paperilaatikko<\/li>\n<\/ul>\n<p><strong>Tuotteen tekniset tiedot:<\/strong><\/p>\n<ul>\n<li>Paino: 68 g<\/li>\n<li>Mitat: 5 cm x 5 cm x 5 cm<\/li>\n<\/ul>\n<p><strong>Materiaalit<\/strong>:<\/p>\n<ul>\n<li>Messinkiseos, kromattu<\/li>\n<\/ul>","protected":false},"excerpt":{"rendered":"<p>Meie metallist raseerija alus aitab hoida vannitoa korras ja organiseerituna, pakkudes stabiilset ja stiilset paika sinu raseerijale. Alus on v\u00e4rvi ja suuruse&hellip;<\/p>","protected":false},"featured_media":9114,"comment_status":"open","ping_status":"closed","template":"","meta":{"wprm-recipe-roundup-name":"","wprm-recipe-roundup-description":""},"product_brand":[],"product_cat":[280],"product_tag":[290],"class_list":{"0":"post-9112","1":"product","2":"type-product","3":"status-publish","4":"has-post-thumbnail","6":"product_cat-raseerijad","7":"product_tag-raseerija-alus","9":"first","10":"instock","11":"taxable","12":"shipping-taxable","13":"purchasable","14":"product-type-variable"},"supplier_id":null,"supplier_sku":"","barcode":null,"atum_controlled":true,"out_stock_date":null,"out_stock_threshold":null,"inheritable":false,"inbound_stock":0,"stock_on_hold":0,"sold_today":0,"sales_last_days":0,"reserved_stock":0,"customer_returns":0,"warehouse_damage":0,"lost_in_post":0,"other_logs":0,"out_stock_days":0,"lost_sales":0,"has_location":false,"update_date":"2026-03-07T01:16:14","atum_locations":[],"atum_stock_status":"instock","restock_status":false,"low_stock_amount":"","sales_update_date":"2026-03-07T01:16:14","calc_backorders":null,"aioseo_notices":[],"_links":{"self":[{"href":"https:\/\/ecoshop.ee\/fi\/wp-json\/wp\/v2\/product\/9112","targetHints":{"allow":["GET"]}}],"collection":[{"href":"https:\/\/ecoshop.ee\/fi\/wp-json\/wp\/v2\/product"}],"about":[{"href":"https:\/\/ecoshop.ee\/fi\/wp-json\/wp\/v2\/types\/product"}],"replies":[{"embeddable":true,"href":"https:\/\/ecoshop.ee\/fi\/wp-json\/wp\/v2\/comments?post=9112"}],"version-history":[{"count":0,"href":"https:\/\/ecoshop.ee\/fi\/wp-json\/wp\/v2\/product\/9112\/revisions"}],"wp:featuredmedia":[{"embeddable":true,"href":"https:\/\/ecoshop.ee\/fi\/wp-json\/wp\/v2\/media\/9114"}],"wp:attachment":[{"href":"https:\/\/ecoshop.ee\/fi\/wp-json\/wp\/v2\/media?parent=9112"}],"wp:term":[{"taxonomy":"product_brand","embeddable":true,"href":"https:\/\/ecoshop.ee\/fi\/wp-json\/wp\/v2\/product_brand?post=9112"},{"taxonomy":"product_cat","embeddable":true,"href":"https:\/\/ecoshop.ee\/fi\/wp-json\/wp\/v2\/product_cat?post=9112"},{"taxonomy":"product_tag","embeddable":true,"href":"https:\/\/ecoshop.ee\/fi\/wp-json\/wp\/v2\/product_tag?post=9112"}],"curies":[{"name":"wp","href":"https:\/\/api.w.org\/{rel}","templated":true}]}}