{"id":9125,"date":"2024-11-05T22:57:57","date_gmt":"2024-11-05T19:57:57","guid":{"rendered":"https:\/\/ecoshop.ee\/?post_type=product&#038;p=9125"},"modified":"2026-04-14T00:49:11","modified_gmt":"2026-04-13T21:49:11","slug":"suuri-bambuinen-hedelmakulho-30-cm","status":"publish","type":"product","link":"https:\/\/ecoshop.ee\/fi\/noud-ja-koogitarbed\/suur-bambusest-puuviljakauss-30cm\/","title":{"rendered":"Suuri bambuinen hedelm\u00e4kulho, 30 cm"},"content":{"rendered":"<p>Kaksiv\u00e4rinen, luonnollisen reunan omaava bambuinen hedelm\u00e4kulhomme on kaunis ja k\u00e4yt\u00e4nn\u00f6llinen lis\u00e4 mihin tahansa kotiin. Se on valmistettu Vietnamissa paikallisten k\u00e4sity\u00f6l\u00e4isten toimesta k\u00e4ytt\u00e4en perinteist\u00e4 bambukuitujen kiert\u00e4mistekniikkaa, mik\u00e4 varmistaa, ett\u00e4 kulho on muoviton ja ainutlaatuinen.<\/p>\n<p>Jokainen kulho on k\u00e4sinmaalattu ja pakattu kierr\u00e4tetyst\u00e4 kraftpaperista valmistettuun laatikkoon. Modernin ja rustiikkisen muotoilunsa ansiosta kulho sopii t\u00e4ydellisesti sek\u00e4 keitti\u00f6\u00f6n ett\u00e4 ruokap\u00f6yd\u00e4n keskipisteeksi. K\u00e4yt\u00e4 t\u00e4t\u00e4 kulhoa hedelmien s\u00e4ilytt\u00e4miseen tai katseenvangitsevana p\u00f6yt\u00e4koristeena.<\/p>\n<p><strong>Setti sis\u00e4lt\u00e4\u00e4:<\/strong><\/p>\n<ul>\n<li>1 x eritt\u00e4in suuri bambuinen hedelm\u00e4kulho (30 cm)<\/li>\n<\/ul>\n<p><strong>Tuotteen tekniset tiedot:<\/strong><\/p>\n<ul>\n<li>Pakkauksen paino: 608 g<\/li>\n<li>Mitat: 30 cm x 11,5 cm x 30 cm<\/li>\n<\/ul>\n<p><strong>Materiaalit<\/strong>:<\/p>\n<ul>\n<li>Bambu, vesipohjainen lakka<\/li>\n<\/ul>","protected":false},"excerpt":{"rendered":"<p>Meie kahetooniline bambusest puuviljakauss on loodusliku \u00e4\u00e4ristusega kaunis ja praktiline sisustuselement k\u00f5ikidesse kodudesse. Valmistatud Vietnamis kohalike k\u00e4sit\u00f6\u00f6liste poolt traditsioonilises bambuskiu keeramistehnikas, mis&hellip;<\/p>","protected":false},"featured_media":9126,"comment_status":"open","ping_status":"closed","template":"","meta":{"wprm-recipe-roundup-name":"","wprm-recipe-roundup-description":""},"product_brand":[12064],"product_cat":[247],"product_tag":[433,171],"class_list":{"0":"post-9125","1":"product","2":"type-product","3":"status-publish","4":"has-post-thumbnail","6":"product_brand-jungle-culture","7":"product_cat-noud-ja-koogitarbed","8":"product_tag-bambus","9":"product_tag-kauss","11":"first","12":"instock","13":"taxable","14":"shipping-taxable","15":"purchasable","16":"product-type-simple"},"supplier_id":9133,"supplier_sku":"","barcode":null,"atum_controlled":true,"out_stock_date":null,"out_stock_threshold":null,"inheritable":false,"inbound_stock":0,"stock_on_hold":0,"sold_today":0,"sales_last_days":0,"reserved_stock":0,"customer_returns":0,"warehouse_damage":0,"lost_in_post":0,"other_logs":0,"out_stock_days":0,"lost_sales":0,"has_location":false,"update_date":"2026-04-13T21:49:12","atum_locations":[],"atum_stock_status":"instock","restock_status":false,"low_stock_amount":1,"sales_update_date":"2026-03-07T01:16:14","calc_backorders":null,"aioseo_notices":[],"_links":{"self":[{"href":"https:\/\/ecoshop.ee\/fi\/wp-json\/wp\/v2\/product\/9125","targetHints":{"allow":["GET"]}}],"collection":[{"href":"https:\/\/ecoshop.ee\/fi\/wp-json\/wp\/v2\/product"}],"about":[{"href":"https:\/\/ecoshop.ee\/fi\/wp-json\/wp\/v2\/types\/product"}],"replies":[{"embeddable":true,"href":"https:\/\/ecoshop.ee\/fi\/wp-json\/wp\/v2\/comments?post=9125"}],"version-history":[{"count":0,"href":"https:\/\/ecoshop.ee\/fi\/wp-json\/wp\/v2\/product\/9125\/revisions"}],"wp:featuredmedia":[{"embeddable":true,"href":"https:\/\/ecoshop.ee\/fi\/wp-json\/wp\/v2\/media\/9126"}],"wp:attachment":[{"href":"https:\/\/ecoshop.ee\/fi\/wp-json\/wp\/v2\/media?parent=9125"}],"wp:term":[{"taxonomy":"product_brand","embeddable":true,"href":"https:\/\/ecoshop.ee\/fi\/wp-json\/wp\/v2\/product_brand?post=9125"},{"taxonomy":"product_cat","embeddable":true,"href":"https:\/\/ecoshop.ee\/fi\/wp-json\/wp\/v2\/product_cat?post=9125"},{"taxonomy":"product_tag","embeddable":true,"href":"https:\/\/ecoshop.ee\/fi\/wp-json\/wp\/v2\/product_tag?post=9125"}],"curies":[{"name":"wp","href":"https:\/\/api.w.org\/{rel}","templated":true}]}}