{"id":9639,"date":"2024-12-01T01:42:56","date_gmt":"2024-11-30T22:42:56","guid":{"rendered":"https:\/\/ecoshop.ee\/?post_type=product&#038;p=9639"},"modified":"2026-05-05T15:59:42","modified_gmt":"2026-05-05T12:59:42","slug":"bettr-gluteeniton-piparkakkutaikinajauhe-luomu-350g","status":"publish","type":"product","link":"https:\/\/ecoshop.ee\/fi\/kupsetussegud-ja-kuivained\/bettr-gluteenivaba-piparkoogitainasegu-mahe-350g\/","title":{"rendered":"Bett&#039;r gluteeniton piparkakkutaikinajauhe, luomu, 350g"},"content":{"rendered":"<p>Tuo joulun taika kotiisi! Bett&#039;r Gluteeniton piparkakkutaikinasekoitus t\u00e4ytt\u00e4\u00e4 kotisi vastustamattoman makealla ja mausteisella aromilla. Luomu, vegaaninen ja gluteeniton sekoitus ei sis\u00e4ll\u00e4 jalostettua sokeria tai s\u00e4il\u00f6nt\u00e4aineita, tarjoten terveellisen vaihtoehdon perinteisille piparkakuille.<\/p>\n<p>Kookossokerin karamellin maku ja aromaattiset mausteet tekev\u00e4t piparkakuista todella taianomaisen nautinnon. Valmista taikina vain muutamalla yksinkertaisella vaiheella: lis\u00e4\u00e4 vesi, kasvipohjainen maito ja rasva, muotoile piparkakut ja paista.<\/p>\n<p><strong>Valmistelu:<\/strong><\/p>\n<ol>\n<li>Kuumenna uuni 185\u00b0C:een (kiertoilmauuni 165\u00b0C). Vuoraa leivinpelti leivinpaperilla.<\/li>\n<li>Kaada taikinaseos kulhoon ja lis\u00e4\u00e4 55 ml \u00f6ljy\u00e4 tai sulatettua voita ja 105 ml vett\u00e4 tai kasvimaitoa.<\/li>\n<li>Sekoita, kunnes taikina muodostuu. Kauli taikina noin 5 mm paksuiseksi ja leikkaa siit\u00e4 haluamasi muotoisia paloja.<\/li>\n<li>Paista 185\u00b0C:ssa (kiertoilmauunissa 165\u00b0C) 10\u201312 minuuttia.<\/li>\n<\/ol>\n<p>On niin helppoa tehd\u00e4 omia piparkakkuja ja ilahduttaa rakkaitasi kotitekoisella joulutaikuudella!<\/p>","protected":false},"excerpt":{"rendered":"<p>Too j\u00f5ulumaagia oma koju! Bett\u2019r gluteenivaba piparkoogitainasegu t\u00e4idab su kodu vastupandamatult magusa ja v\u00fcrtsika aroomiga. Mahe, vegan ja gluteenivaba segu ei sisalda&hellip;<\/p>","protected":false},"featured_media":9640,"comment_status":"open","ping_status":"closed","template":"","meta":{"wprm-recipe-roundup-name":"","wprm-recipe-roundup-description":""},"product_brand":[],"product_cat":[323,303,302],"product_tag":[296,330,297,527],"class_list":{"0":"post-9639","1":"product","2":"type-product","3":"status-publish","4":"has-post-thumbnail","6":"product_cat-kupsetussegud-ja-kuivained","7":"product_cat-mahetooted","8":"product_cat-gluteenivaba","9":"product_tag-gluteenivaba","10":"product_tag-kupsetussegu","11":"product_tag-mahe","12":"product_tag-piparkook","13":"j79_wcxd_expiry_type-best-before","15":"first","16":"instock","17":"taxable","18":"shipping-taxable","19":"purchasable","20":"product-type-simple"},"supplier_id":9165,"supplier_sku":"","barcode":"3800233782547","atum_controlled":true,"out_stock_date":null,"out_stock_threshold":null,"inheritable":false,"inbound_stock":0,"stock_on_hold":0,"sold_today":0,"sales_last_days":1,"reserved_stock":0,"customer_returns":0,"warehouse_damage":0,"lost_in_post":0,"other_logs":0,"out_stock_days":0,"lost_sales":0,"has_location":false,"update_date":"2026-05-07T13:09:48","atum_locations":[],"atum_stock_status":"instock","restock_status":false,"low_stock_amount":"","sales_update_date":"2026-05-07T13:09:48","calc_backorders":null,"aioseo_notices":[],"_links":{"self":[{"href":"https:\/\/ecoshop.ee\/fi\/wp-json\/wp\/v2\/product\/9639","targetHints":{"allow":["GET"]}}],"collection":[{"href":"https:\/\/ecoshop.ee\/fi\/wp-json\/wp\/v2\/product"}],"about":[{"href":"https:\/\/ecoshop.ee\/fi\/wp-json\/wp\/v2\/types\/product"}],"replies":[{"embeddable":true,"href":"https:\/\/ecoshop.ee\/fi\/wp-json\/wp\/v2\/comments?post=9639"}],"version-history":[{"count":0,"href":"https:\/\/ecoshop.ee\/fi\/wp-json\/wp\/v2\/product\/9639\/revisions"}],"wp:featuredmedia":[{"embeddable":true,"href":"https:\/\/ecoshop.ee\/fi\/wp-json\/wp\/v2\/media\/9640"}],"wp:attachment":[{"href":"https:\/\/ecoshop.ee\/fi\/wp-json\/wp\/v2\/media?parent=9639"}],"wp:term":[{"taxonomy":"product_brand","embeddable":true,"href":"https:\/\/ecoshop.ee\/fi\/wp-json\/wp\/v2\/product_brand?post=9639"},{"taxonomy":"product_cat","embeddable":true,"href":"https:\/\/ecoshop.ee\/fi\/wp-json\/wp\/v2\/product_cat?post=9639"},{"taxonomy":"product_tag","embeddable":true,"href":"https:\/\/ecoshop.ee\/fi\/wp-json\/wp\/v2\/product_tag?post=9639"}],"curies":[{"name":"wp","href":"https:\/\/api.w.org\/{rel}","templated":true}]}}