{"id":17,"date":"2024-05-09T16:36:28","date_gmt":"2024-05-09T16:36:28","guid":{"rendered":"https:\/\/ecoshop.ee\/about\/"},"modified":"2026-04-18T22:42:09","modified_gmt":"2026-04-18T19:42:09","slug":"apie-mus","status":"publish","type":"page","link":"https:\/\/ecoshop.ee\/lt\/meist\/","title":{"rendered":"Apie mus"},"content":{"rendered":"<div data-elementor-type=\"wp-page\" data-elementor-id=\"17\" class=\"elementor elementor-17\">\n\t\t\t\t<div class=\"elementor-element elementor-element-b86ba8a e-flex e-con-boxed e-con e-parent\" data-id=\"b86ba8a\" data-element_type=\"container\">\n\t\t\t\t\t<div class=\"e-con-inner\">\n\t\t\t\t<div class=\"elementor-element elementor-element-172cca8 elementor-widget elementor-widget-spacer\" data-id=\"172cca8\" data-element_type=\"widget\" data-widget_type=\"spacer.default\">\n\t\t\t\t\t\t\t<div class=\"elementor-spacer\">\n\t\t\t<div class=\"elementor-spacer-inner\"><\/div>\n\t\t<\/div>\n\t\t\t\t\t\t<\/div>\n\t\t\t\t<div class=\"elementor-element elementor-element-0194182 elementor-widget elementor-widget-heading\" data-id=\"0194182\" data-element_type=\"widget\" data-widget_type=\"heading.default\">\n\t\t\t\t\t<h1 class=\"elementor-heading-title elementor-size-default\">Ecoshop tikslas \u2013 remti tvari\u0105 ir s\u0105moning\u0105 vartojimo kult\u016br\u0105.<\/h1>\t\t\t\t<\/div>\n\t\t\t\t<div class=\"elementor-element elementor-element-48f0cd3 elementor-widget elementor-widget-spacer\" data-id=\"48f0cd3\" data-element_type=\"widget\" data-widget_type=\"spacer.default\">\n\t\t\t\t\t\t\t<div class=\"elementor-spacer\">\n\t\t\t<div class=\"elementor-spacer-inner\"><\/div>\n\t\t<\/div>\n\t\t\t\t\t\t<\/div>\n\t\t<div class=\"elementor-element elementor-element-503e906 e-grid e-con-full e-con e-child\" data-id=\"503e906\" data-element_type=\"container\">\n\t\t\t\t<div class=\"elementor-element elementor-element-fe202df elementor-widget elementor-widget-text-editor\" data-id=\"fe202df\" data-element_type=\"widget\" data-widget_type=\"text-editor.default\">\n\t\t\t\t\t\t\t\t\t<h3 class=\"elementor-heading-title elementor-size-default\" style=\"text-align: left;\">D\u0117l gra\u017eesn\u0117s ateities!<\/h3><h6 style=\"text-align: left;\">Ecoshop \u012fsipareigoja padaryti ekologi\u0161kus ir eti\u0161kai pagamintus produktus lengviau prieinamus visiems, kad kartu gal\u0117tume matyti didesnius poky\u010dius visuomen\u0117s tvarios ir empati\u0161kesn\u0117s raidos link. Norime, kad visi mus supantys \u017emon\u0117s ir gyv\u016bnai b\u016bt\u0173 sveiki ir laimingi, o aplinka, kurioje gyvename, b\u016bt\u0173 gerai pri\u017ei\u016br\u0117ta ir m\u016bs\u0173 palikuoniams. Tod\u0117l keliame sau auk\u0161tus reikalavimus tiek produkt\u0173 kokybei, tiek kilmei.<\/h6><h6>Pirkdami i\u0161 m\u016bs\u0173, galite b\u016bti patenkinti tiek preke, tiek savimi!<\/h6>\t\t\t\t\t\t\t\t<\/div>\n\t\t<div class=\"elementor-element elementor-element-c6371da e-grid e-con-full e-con e-child\" data-id=\"c6371da\" data-element_type=\"container\">\n\t\t\t\t<div class=\"elementor-element elementor-element-c6e3208 elementor-widget elementor-widget-image\" data-id=\"c6e3208\" data-element_type=\"widget\" data-widget_type=\"image.default\">\n\t\t\t\t\t\t\t\t\t\t\t\t\t\t\t<img decoding=\"async\" src=\"https:\/\/ecoshop.ee\/wp-content\/uploads\/2024\/12\/child-8676534_1280.webp\" title=\"child-8676534_1280\" alt=\"child-8676534_1280\" loading=\"lazy\" data-no-translation=\"\" \/>\t\t\t\t\t\t\t\t\t\t\t\t\t\t\t<\/div>\n\t\t\t\t<\/div>\n\t\t\t\t<\/div>\n\t\t\t\t<div class=\"elementor-element elementor-element-5e46b19 elementor-widget elementor-widget-spacer\" data-id=\"5e46b19\" data-element_type=\"widget\" data-widget_type=\"spacer.default\">\n\t\t\t\t\t\t\t<div class=\"elementor-spacer\">\n\t\t\t<div class=\"elementor-spacer-inner\"><\/div>\n\t\t<\/div>\n\t\t\t\t\t\t<\/div>\n\t\t\t\t<div class=\"elementor-element elementor-element-5e31e6b elementor-widget elementor-widget-text-editor\" data-id=\"5e31e6b\" data-element_type=\"widget\" data-widget_type=\"text-editor.default\">\n\t\t\t\t\t\t\t\t\t<h3>Vertyb\u0117s<\/h3>\n<h6>Savo \u017eod\u017eiais ir darbais remiame vartotoj\u0173 jud\u0117jim\u0105 atsinaujinan\u010di\u0173, ekologi\u0161k\u0173 ir eti\u0161k\u0173 pasirinkim\u0173 link.<\/h6>\n<h6>Nuolat ie\u0161kome b\u016bd\u0173, kaip i\u0161pl\u0117sti savo produkt\u0173 katalog\u0105, pagerinti naudojimo patogum\u0105 ir tobulinti paslaug\u0173 kokyb\u0119.<\/h6>\t\t\t\t\t\t\t\t<\/div>\n\t\t\t\t<div class=\"elementor-element elementor-element-d6a4451 elementor-widget elementor-widget-spacer\" data-id=\"d6a4451\" data-element_type=\"widget\" data-widget_type=\"spacer.default\">\n\t\t\t\t\t\t\t<div class=\"elementor-spacer\">\n\t\t\t<div class=\"elementor-spacer-inner\"><\/div>\n\t\t<\/div>\n\t\t\t\t\t\t<\/div>\n\t\t\t\t<div class=\"elementor-element elementor-element-41d4688 elementor-align-center elementor-widget elementor-widget-ideapark-button\" data-id=\"41d4688\" data-element_type=\"widget\" data-widget_type=\"ideapark-button.default\">\n\t\t\t\t<div class=\"elementor-widget-container\">\n\t\t\t\t\t\t\t<div class=\"c-ip-button__wrap\">\n\t\t\t<a href=\"https:\/\/ecoshop.ee\/lt\/samoningas-vartojimas\/\" class=\"c-button c-ip-button c-button--outline\" role=\"button\">\n\t\t\t\t\t\t\t\t<span class=\"c-ip-button__text\">Su\u017einokite daugiau apie m\u016bs\u0173 produkt\u0173 asortiment\u0105<\/span>\n\t\t\t\t\t\t\t<\/a>\n\t\t<\/div>\n\t\t\t\t\t\t<\/div>\n\t\t\t\t<\/div>\n\t\t\t\t<div class=\"elementor-element elementor-element-1517a88 elementor-widget elementor-widget-spacer\" data-id=\"1517a88\" data-element_type=\"widget\" data-widget_type=\"spacer.default\">\n\t\t\t\t\t\t\t<div class=\"elementor-spacer\">\n\t\t\t<div class=\"elementor-spacer-inner\"><\/div>\n\t\t<\/div>\n\t\t\t\t\t\t<\/div>\n\t\t\t\t\t<\/div>\n\t\t\t\t<\/div>\n\t\t\t\t<\/div>","protected":false},"excerpt":{"rendered":"<p>Ecoshopi eesm\u00e4rk on toetada j\u00e4tkusuutlikku ja teadlikku tarbimiskultuuri Ilusama tuleviku nimel! Ecoshopi p\u00fchendumus on teha keskkonnas\u00f5bralikul ja eetilisel teel valmistatud toodete k\u00e4ttesaadavus&hellip;<\/p>","protected":false},"author":1,"featured_media":0,"parent":0,"menu_order":0,"comment_status":"closed","ping_status":"closed","template":"elementor_header_footer","meta":{"wprm-recipe-roundup-name":"","wprm-recipe-roundup-description":"","footnotes":""},"class_list":["post-17","page","type-page","status-publish","hentry"],"aioseo_notices":[],"_links":{"self":[{"href":"https:\/\/ecoshop.ee\/lt\/wp-json\/wp\/v2\/pages\/17","targetHints":{"allow":["GET"]}}],"collection":[{"href":"https:\/\/ecoshop.ee\/lt\/wp-json\/wp\/v2\/pages"}],"about":[{"href":"https:\/\/ecoshop.ee\/lt\/wp-json\/wp\/v2\/types\/page"}],"author":[{"embeddable":true,"href":"https:\/\/ecoshop.ee\/lt\/wp-json\/wp\/v2\/users\/1"}],"replies":[{"embeddable":true,"href":"https:\/\/ecoshop.ee\/lt\/wp-json\/wp\/v2\/comments?post=17"}],"version-history":[{"count":4,"href":"https:\/\/ecoshop.ee\/lt\/wp-json\/wp\/v2\/pages\/17\/revisions"}],"predecessor-version":[{"id":395972,"href":"https:\/\/ecoshop.ee\/lt\/wp-json\/wp\/v2\/pages\/17\/revisions\/395972"}],"wp:attachment":[{"href":"https:\/\/ecoshop.ee\/lt\/wp-json\/wp\/v2\/media?parent=17"}],"curies":[{"name":"wp","href":"https:\/\/api.w.org\/{rel}","templated":true}]}}