{"id":3310,"date":"2024-05-11T21:14:00","date_gmt":"2024-05-11T18:14:00","guid":{"rendered":"https:\/\/ecoshop.ee\/?page_id=3310"},"modified":"2025-12-07T18:05:13","modified_gmt":"2025-12-07T15:05:13","slug":"privatumo-politika","status":"publish","type":"page","link":"https:\/\/ecoshop.ee\/lt\/privaatsuspoliitika\/","title":{"rendered":"Privatumo politika"},"content":{"rendered":"<div data-elementor-type=\"wp-page\" data-elementor-id=\"3310\" class=\"elementor elementor-3310\">\n\t\t\t\t<div class=\"elementor-element elementor-element-2d8891d e-flex e-con-boxed e-con e-parent\" data-id=\"2d8891d\" data-element_type=\"container\">\n\t\t\t\t\t<div class=\"e-con-inner\">\n\t\t\t\t<div class=\"elementor-element elementor-element-3e96c6b elementor-widget elementor-widget-heading\" data-id=\"3e96c6b\" data-element_type=\"widget\" data-widget_type=\"heading.default\">\n\t\t\t\t\t<h2 class=\"elementor-heading-title elementor-size-default\">Privatumo politika<\/h2>\t\t\t\t<\/div>\n\t\t\t\t<div class=\"elementor-element elementor-element-1544e86 elementor-widget elementor-widget-spacer\" data-id=\"1544e86\" data-element_type=\"widget\" data-widget_type=\"spacer.default\">\n\t\t\t\t\t\t\t<div class=\"elementor-spacer\">\n\t\t\t<div class=\"elementor-spacer-inner\"><\/div>\n\t\t<\/div>\n\t\t\t\t\t\t<\/div>\n\t\t\t\t<div class=\"elementor-element elementor-element-91d63ac elementor-widget elementor-widget-text-editor\" data-id=\"91d63ac\" data-element_type=\"widget\" data-widget_type=\"text-editor.default\">\n\t\t\t\t\t\t\t\t\t<p>\u0160ioje privatumo politikoje paai\u0161kinama, kaip \u201ePlantBased O\u00dc\u201c (duomen\u0173 valdytojas), valdanti ecoshop.ee svetain\u0119, renka, naudoja ir saugo j\u016bs\u0173 asmens duomenis, kai naudojat\u0117s svetaine arba atliekate pirkimus. \u201ePlantBased O\u00dc\u201c tvarko asmens duomenis pagal Europos S\u0105jungos Bendr\u0105j\u012f duomen\u0173 apsaugos reglament\u0105 (BDAR) ir Estijos teis\u0117s aktus.<\/p>\t\t\t\t\t\t\t\t<\/div>\n\t\t\t\t<div class=\"elementor-element elementor-element-46de130 elementor-widget elementor-widget-spacer\" data-id=\"46de130\" data-element_type=\"widget\" data-widget_type=\"spacer.default\">\n\t\t\t\t\t\t\t<div class=\"elementor-spacer\">\n\t\t\t<div class=\"elementor-spacer-inner\"><\/div>\n\t\t<\/div>\n\t\t\t\t\t\t<\/div>\n\t\t\t\t<div class=\"elementor-element elementor-element-9c1ca19 elementor-widget elementor-widget-heading\" data-id=\"9c1ca19\" data-element_type=\"widget\" data-widget_type=\"heading.default\">\n\t\t\t\t\t<h2 class=\"elementor-heading-title elementor-size-default\">Asmens duomen\u0173 rinkimas<\/h2>\t\t\t\t<\/div>\n\t\t\t\t\t<\/div>\n\t\t\t\t<\/div>\n\t\t<div class=\"elementor-element elementor-element-39206bd e-flex e-con-boxed e-con e-parent\" data-id=\"39206bd\" data-element_type=\"container\">\n\t\t\t\t\t<div class=\"e-con-inner\">\n\t\t\t\t<div class=\"elementor-element elementor-element-d65afc8 elementor-widget elementor-widget-spacer\" data-id=\"d65afc8\" data-element_type=\"widget\" data-widget_type=\"spacer.default\">\n\t\t\t\t\t\t\t<div class=\"elementor-spacer\">\n\t\t\t<div class=\"elementor-spacer-inner\"><\/div>\n\t\t<\/div>\n\t\t\t\t\t\t<\/div>\n\t\t\t\t<div class=\"elementor-element elementor-element-7f0657e elementor-widget elementor-widget-text-editor\" data-id=\"7f0657e\" data-element_type=\"widget\" data-widget_type=\"text-editor.default\">\n\t\t\t\t\t\t\t\t\t<p>Naudodamiesi Svetaine ir atlikdami operacijas, J\u016bs sutinkate, kad b\u016bt\u0173 renkama ir tvarkoma pagrindin\u0117 asmenin\u0117 informacija. Rinkama asmenin\u0117 informacija gali apimti toki\u0105 informacij\u0105 kaip J\u016bs\u0173 vardas, pavard\u0117, adresas, el. pa\u0161to adresas, telefono numeris, mok\u0117jimo informacija ir kita informacija, kuri\u0105 J\u016bs savanori\u0161kai pateikiate mums. J\u016bs\u0173 mok\u0117jimo informacija n\u0117ra saugoma m\u016bs\u0173 duomen\u0173 baz\u0117se.<\/p>\t\t\t\t\t\t\t\t<\/div>\n\t\t\t\t<div class=\"elementor-element elementor-element-abf6f05 elementor-widget elementor-widget-spacer\" data-id=\"abf6f05\" data-element_type=\"widget\" data-widget_type=\"spacer.default\">\n\t\t\t\t\t\t\t<div class=\"elementor-spacer\">\n\t\t\t<div class=\"elementor-spacer-inner\"><\/div>\n\t\t<\/div>\n\t\t\t\t\t\t<\/div>\n\t\t\t\t<div class=\"elementor-element elementor-element-2d27dac elementor-widget elementor-widget-heading\" data-id=\"2d27dac\" data-element_type=\"widget\" data-widget_type=\"heading.default\">\n\t\t\t\t\t<h2 class=\"elementor-heading-title elementor-size-default\">J\u016bs\u0173 asmens duomenis naudojame \u0161iais tikslais:<\/h2>\t\t\t\t<\/div>\n\t\t\t\t\t<\/div>\n\t\t\t\t<\/div>\n\t\t<div class=\"elementor-element elementor-element-1641898 e-flex e-con-boxed e-con e-parent\" data-id=\"1641898\" data-element_type=\"container\">\n\t\t\t\t\t<div class=\"e-con-inner\">\n\t\t\t\t<div class=\"elementor-element elementor-element-9411d7e elementor-widget elementor-widget-spacer\" data-id=\"9411d7e\" data-element_type=\"widget\" data-widget_type=\"spacer.default\">\n\t\t\t\t\t\t\t<div class=\"elementor-spacer\">\n\t\t\t<div class=\"elementor-spacer-inner\"><\/div>\n\t\t<\/div>\n\t\t\t\t\t\t<\/div>\n\t\t\t\t<div class=\"elementor-element elementor-element-d9654bf elementor-widget elementor-widget-text-editor\" data-id=\"d9654bf\" data-element_type=\"widget\" data-widget_type=\"text-editor.default\">\n\t\t\t\t\t\t\t\t\t<ul><li>U\u017esakym\u0173 vykdymas ir m\u016bs\u0173 paslaug\u0173 teikimas.<\/li><li>Bendravimas su jumis d\u0117l u\u017esakym\u0173 ir u\u017eklaus\u0173.<\/li><li>J\u016bs\u0173 paskyros valdymas ir prieigos prie jos suteikimas.<\/li><li>Geresn\u0117 internetin\u0117s parduotuv\u0117s naudotoj\u0173 patirtis<\/li><li>Rinkodaros ir reklamos tikslais, jei su tuo sutikote.<\/li><\/ul><div>Duomen\u0173 saugojimo ir tvarkymo teisinis pagrindas yra <strong>BDAR 6 straipsnis<\/strong><\/div>\t\t\t\t\t\t\t\t<\/div>\n\t\t\t\t<div class=\"elementor-element elementor-element-8579632 elementor-widget elementor-widget-spacer\" data-id=\"8579632\" data-element_type=\"widget\" data-widget_type=\"spacer.default\">\n\t\t\t\t\t\t\t<div class=\"elementor-spacer\">\n\t\t\t<div class=\"elementor-spacer-inner\"><\/div>\n\t\t<\/div>\n\t\t\t\t\t\t<\/div>\n\t\t\t\t<div class=\"elementor-element elementor-element-fdf0d82 elementor-widget elementor-widget-heading\" data-id=\"fdf0d82\" data-element_type=\"widget\" data-widget_type=\"heading.default\">\n\t\t\t\t\t<h2 class=\"elementor-heading-title elementor-size-default\">Asmens duomen\u0173 bendrinimas<\/h2>\t\t\t\t<\/div>\n\t\t\t\t<div class=\"elementor-element elementor-element-1ed30c1 elementor-widget elementor-widget-spacer\" data-id=\"1ed30c1\" data-element_type=\"widget\" data-widget_type=\"spacer.default\">\n\t\t\t\t\t\t\t<div class=\"elementor-spacer\">\n\t\t\t<div class=\"elementor-spacer-inner\"><\/div>\n\t\t<\/div>\n\t\t\t\t\t\t<\/div>\n\t\t\t\t\t<\/div>\n\t\t\t\t<\/div>\n\t\t<div class=\"elementor-element elementor-element-681f414 e-con-full e-flex e-con e-parent\" data-id=\"681f414\" data-element_type=\"container\">\n\t\t\t\t<div class=\"elementor-element elementor-element-1e5dafc elementor-widget elementor-widget-text-editor\" data-id=\"1e5dafc\" data-element_type=\"widget\" data-widget_type=\"text-editor.default\">\n\t\t\t\t\t\t\t\t\t<p><span style=\"text-align: var(--text-align-left); letter-spacing: 0.28px; font-family: var(--font-text); color: var(--text-color);\">Internetin\u0117s parduotuv\u0117s savininkas gali naudoti tre\u010di\u0173j\u0173 \u0161ali\u0173 paslaugas asmens duomenims tvarkyti arba saugoti.<\/span><\/p><p><span style=\"text-align: var(--text-align-left); letter-spacing: 0.28px; font-family: var(--font-text); color: var(--text-color);\">Mok\u0117jimams atlikti ir u\u017esakymams pristatyti reikiamus asmens duomenis perduodame \u012fgaliotiems tvarkytojams Montonio Finance UAB, Smartposti O\u00dc, AS Eesti Post (Omniva), DPD Eesti AS, Venipak Eesti O\u00dc.\u00a0<\/span><\/p><p><span style=\"text-align: var(--text-align-left); letter-spacing: 0.28px; font-family: var(--font-text); color: var(--text-color);\"> Si\u016blome galimyb\u0119 susikurti paskyr\u0105 arba prisijungti naudojant Google arba Facebooki. Kai naudojat\u0117s \u0161ia funkcija, j\u016bs\u0173 pasirinktas paslaug\u0173 teik\u0117jas pateiks mums pagrindin\u0119 informacij\u0105 (pvz., j\u016bs\u0173 vard\u0105, pavard\u0119 ir el. pa\u0161to adres\u0105). \u0160i\u0105 informacij\u0105 naudosime tik tam, kad sukurtume arba identifikuotume jus ecoshop.ee aplinkoje.<br data-start=\"486\" data-end=\"489\" \/>Mes negauname jokios kitos informacijos i\u0161 j\u016bs\u0173 socialin\u0117s \u017einiasklaidos paskyros ir visi duomenys tvarkomi pagal \u0161i\u0105 privatumo politik\u0105.<\/span><\/p><p>J\u016bs\u0173 asmens duomenimis nebendrinsime su kitomis tre\u010diosiomis \u0161alimis be j\u016bs\u0173 sutikimo, nebent to reikalaut\u0173 \u012fstatymai.<\/p>\t\t\t\t\t\t\t\t<\/div>\n\t\t\t\t<div class=\"elementor-element elementor-element-b990b51 elementor-widget elementor-widget-spacer\" data-id=\"b990b51\" data-element_type=\"widget\" data-widget_type=\"spacer.default\">\n\t\t\t\t\t\t\t<div class=\"elementor-spacer\">\n\t\t\t<div class=\"elementor-spacer-inner\"><\/div>\n\t\t<\/div>\n\t\t\t\t\t\t<\/div>\n\t\t\t\t<div class=\"elementor-element elementor-element-23e69ef elementor-widget elementor-widget-heading\" data-id=\"23e69ef\" data-element_type=\"widget\" data-widget_type=\"heading.default\">\n\t\t\t\t\t<h2 class=\"elementor-heading-title elementor-size-default\">Pagarbiaiused<\/h2>\t\t\t\t<\/div>\n\t\t\t\t<div class=\"elementor-element elementor-element-73b8e25 elementor-widget elementor-widget-spacer\" data-id=\"73b8e25\" data-element_type=\"widget\" data-widget_type=\"spacer.default\">\n\t\t\t\t\t\t\t<div class=\"elementor-spacer\">\n\t\t\t<div class=\"elementor-spacer-inner\"><\/div>\n\t\t<\/div>\n\t\t\t\t\t\t<\/div>\n\t\t\t\t<div class=\"elementor-element elementor-element-46bf955 elementor-widget elementor-widget-text-editor\" data-id=\"46bf955\" data-element_type=\"widget\" data-widget_type=\"text-editor.default\">\n\t\t\t\t\t\t\t\t\t<p data-start=\"3303\" data-end=\"3345\">Pagal BDAR 15\u201322 straipsnius, j\u016bs turite teis\u0119:<\/p><ul data-start=\"3347\" data-end=\"3644\"><li data-start=\"3347\" data-end=\"3386\"><p data-start=\"3349\" data-end=\"3386\">Gaukite prieig\u0105 prie savo asmenini\u0173 duomen\u0173<\/p><\/li><li data-start=\"3387\" data-end=\"3435\"><p data-start=\"3389\" data-end=\"3435\">Pra\u0161yti i\u0161taisyti arba i\u0161trinti duomenis<\/p><\/li><li data-start=\"3436\" data-end=\"3466\"><p data-start=\"3438\" data-end=\"3466\">Apriboti duomen\u0173 apdorojim\u0105<\/p><\/li><li data-start=\"3467\" data-end=\"3512\"><p data-start=\"3469\" data-end=\"3512\">Prie\u0161taravimas duomen\u0173 tvarkymui<\/p><\/li><li data-start=\"3513\" data-end=\"3546\"><p data-start=\"3515\" data-end=\"3546\">At\u0161aukti sutikim\u0105 d\u0117l rinkodaros<\/p><\/li><li data-start=\"3547\" data-end=\"3579\"><p data-start=\"3549\" data-end=\"3579\">Pra\u0161yti duomen\u0173 perkeliamumo<\/p><\/li><li data-start=\"3580\" data-end=\"3644\"><p data-start=\"3582\" data-end=\"3644\">Pateikti skund\u0105 <strong data-start=\"3597\" data-end=\"3628\">Duomen\u0173 apsaugos inspekcijai<\/strong> (<a class=\"decorated-link cursor-pointer\" rel=\"noopener\" data-start=\"3630\" data-end=\"3641\">info@aki.ee<\/a>)<\/p><\/li><\/ul>\t\t\t\t\t\t\t\t<\/div>\n\t\t\t\t<div class=\"elementor-element elementor-element-d6fcd76 elementor-widget elementor-widget-spacer\" data-id=\"d6fcd76\" data-element_type=\"widget\" data-widget_type=\"spacer.default\">\n\t\t\t\t\t\t\t<div class=\"elementor-spacer\">\n\t\t\t<div class=\"elementor-spacer-inner\"><\/div>\n\t\t<\/div>\n\t\t\t\t\t\t<\/div>\n\t\t\t\t<\/div>\n\t\t<div class=\"elementor-element elementor-element-c41fa2f e-flex e-con-boxed e-con e-parent\" data-id=\"c41fa2f\" data-element_type=\"container\">\n\t\t\t\t\t<div class=\"e-con-inner\">\n\t\t\t\t<div class=\"elementor-element elementor-element-d90fa30 elementor-widget elementor-widget-heading\" data-id=\"d90fa30\" data-element_type=\"widget\" data-widget_type=\"heading.default\">\n\t\t\t\t\t<h2 class=\"elementor-heading-title elementor-size-default\">Slapuk\u0173 naudojimas<\/h2>\t\t\t\t<\/div>\n\t\t\t\t<div class=\"elementor-element elementor-element-8741d14 elementor-widget elementor-widget-spacer\" data-id=\"8741d14\" data-element_type=\"widget\" data-widget_type=\"spacer.default\">\n\t\t\t\t\t\t\t<div class=\"elementor-spacer\">\n\t\t\t<div class=\"elementor-spacer-inner\"><\/div>\n\t\t<\/div>\n\t\t\t\t\t\t<\/div>\n\t\t\t\t\t<\/div>\n\t\t\t\t<\/div>\n\t\t<div class=\"elementor-element elementor-element-01fe085 e-flex e-con-boxed e-con e-parent\" data-id=\"01fe085\" data-element_type=\"container\">\n\t\t\t\t\t<div class=\"e-con-inner\">\n\t\t\t\t<div class=\"elementor-element elementor-element-1553a7d elementor-widget elementor-widget-text-editor\" data-id=\"1553a7d\" data-element_type=\"widget\" data-widget_type=\"text-editor.default\">\n\t\t\t\t\t\t\t\t\t<p>Mes naudojame slapukus, kad u\u017etikrintume internetin\u0117s parduotuv\u0117s veikim\u0105 ir i\u0161saugotume asmeninius pirkini\u0173 krep\u0161elius. Mes taip pat galime naudoti slapukus srautui analizuoti ir apsipirkimo patir\u010diai gerinti. Gav\u0119 j\u016bs\u0173 sutikim\u0105, mes taip pat galime naudoti slapukus rinkodaros tikslais.<\/p>\t\t\t\t\t\t\t\t<\/div>\n\t\t\t\t<div class=\"elementor-element elementor-element-17be749 elementor-widget elementor-widget-spacer\" data-id=\"17be749\" data-element_type=\"widget\" data-widget_type=\"spacer.default\">\n\t\t\t\t\t\t\t<div class=\"elementor-spacer\">\n\t\t\t<div class=\"elementor-spacer-inner\"><\/div>\n\t\t<\/div>\n\t\t\t\t\t\t<\/div>\n\t\t\t\t<div class=\"elementor-element elementor-element-ed6f9fb elementor-widget elementor-widget-heading\" data-id=\"ed6f9fb\" data-element_type=\"widget\" data-widget_type=\"heading.default\">\n\t\t\t\t\t<h2 class=\"elementor-heading-title elementor-size-default\">Duomen\u0173 saugojimas<\/h2>\t\t\t\t<\/div>\n\t\t\t\t<div class=\"elementor-element elementor-element-d8c08c3 elementor-widget elementor-widget-spacer\" data-id=\"d8c08c3\" data-element_type=\"widget\" data-widget_type=\"spacer.default\">\n\t\t\t\t\t\t\t<div class=\"elementor-spacer\">\n\t\t\t<div class=\"elementor-spacer-inner\"><\/div>\n\t\t<\/div>\n\t\t\t\t\t\t<\/div>\n\t\t\t\t<div class=\"elementor-element elementor-element-87f52ae elementor-widget elementor-widget-text-editor\" data-id=\"87f52ae\" data-element_type=\"widget\" data-widget_type=\"text-editor.default\">\n\t\t\t\t\t\t\t\t\t<p data-start=\"2992\" data-end=\"3051\">Asmens duomenis saugome tik tiek laiko, kiek b\u016btina:<\/p><ul data-start=\"3053\" data-end=\"3273\"><li data-start=\"3053\" data-end=\"3113\"><p data-start=\"3055\" data-end=\"3113\">U\u017esakymo informacija: <strong data-start=\"3072\" data-end=\"3086\">7 metai<\/strong> (apskaitos prievol\u0117)<\/p><\/li><li data-start=\"3114\" data-end=\"3164\"><p data-start=\"3116\" data-end=\"3164\">Vartotojo paskyros duomenys: iki paskyros i\u0161trynimo<\/p><\/li><li data-start=\"3165\" data-end=\"3213\"><p data-start=\"3167\" data-end=\"3213\">Sutikimas d\u0117l rinkodaros: iki at\u0161aukimo<\/p><\/li><li data-start=\"3214\" data-end=\"3273\"><p data-start=\"3216\" data-end=\"3273\">Prisijungimo nuo socialini\u0173 tinkl\u0173 duomenys: tol, kol paskyra aktyvi.<\/p><\/li><\/ul>\t\t\t\t\t\t\t\t<\/div>\n\t\t\t\t<div class=\"elementor-element elementor-element-e1a0944 elementor-widget elementor-widget-spacer\" data-id=\"e1a0944\" data-element_type=\"widget\" data-widget_type=\"spacer.default\">\n\t\t\t\t\t\t\t<div class=\"elementor-spacer\">\n\t\t\t<div class=\"elementor-spacer-inner\"><\/div>\n\t\t<\/div>\n\t\t\t\t\t\t<\/div>\n\t\t\t\t<div class=\"elementor-element elementor-element-7aeb6d1 elementor-widget elementor-widget-heading\" data-id=\"7aeb6d1\" data-element_type=\"widget\" data-widget_type=\"heading.default\">\n\t\t\t\t\t<h2 class=\"elementor-heading-title elementor-size-default\">\u201eChangeused\u201c privatumo politika<\/h2>\t\t\t\t<\/div>\n\t\t\t\t<div class=\"elementor-element elementor-element-5a37598 elementor-widget elementor-widget-spacer\" data-id=\"5a37598\" data-element_type=\"widget\" data-widget_type=\"spacer.default\">\n\t\t\t\t\t\t\t<div class=\"elementor-spacer\">\n\t\t\t<div class=\"elementor-spacer-inner\"><\/div>\n\t\t<\/div>\n\t\t\t\t\t\t<\/div>\n\t\t\t\t<div class=\"elementor-element elementor-element-ab37e7e elementor-widget elementor-widget-text-editor\" data-id=\"ab37e7e\" data-element_type=\"widget\" data-widget_type=\"text-editor.default\">\n\t\t\t\t\t\t\t\t\t<p>Pasiliekame teis\u0119 bet kuriuo metu keisti savo privatumo politik\u0105. Raginame jus reguliariai j\u0105 per\u017ei\u016br\u0117ti. Pakeitimai bus paskelbti svetain\u0117je ir \u012fsigalios nedelsiant.<\/p>\t\t\t\t\t\t\t\t<\/div>\n\t\t\t\t<div class=\"elementor-element elementor-element-f858add elementor-widget elementor-widget-spacer\" data-id=\"f858add\" data-element_type=\"widget\" data-widget_type=\"spacer.default\">\n\t\t\t\t\t\t\t<div class=\"elementor-spacer\">\n\t\t\t<div class=\"elementor-spacer-inner\"><\/div>\n\t\t<\/div>\n\t\t\t\t\t\t<\/div>\n\t\t\t\t\t<\/div>\n\t\t\t\t<\/div>\n\t\t<div class=\"elementor-element elementor-element-11dc2ff e-flex e-con-boxed e-con e-parent\" data-id=\"11dc2ff\" data-element_type=\"container\">\n\t\t\t\t\t<div class=\"e-con-inner\">\n\t\t\t\t<div class=\"elementor-element elementor-element-4e9da99 elementor-widget elementor-widget-heading\" data-id=\"4e9da99\" data-element_type=\"widget\" data-widget_type=\"heading.default\">\n\t\t\t\t\t<h2 class=\"elementor-heading-title elementor-size-default\">Kontaktin\u0117 informacija<\/h2>\t\t\t\t<\/div>\n\t\t\t\t<div class=\"elementor-element elementor-element-d05c477 elementor-widget elementor-widget-spacer\" data-id=\"d05c477\" data-element_type=\"widget\" data-widget_type=\"spacer.default\">\n\t\t\t\t\t\t\t<div class=\"elementor-spacer\">\n\t\t\t<div class=\"elementor-spacer-inner\"><\/div>\n\t\t<\/div>\n\t\t\t\t\t\t<\/div>\n\t\t\t\t<div class=\"elementor-element elementor-element-ccbf9c9 elementor-widget elementor-widget-text-editor\" data-id=\"ccbf9c9\" data-element_type=\"widget\" data-widget_type=\"text-editor.default\">\n\t\t\t\t\t\t\t\t\t<p>Jei turite klausim\u0173 ar abejoni\u0173 d\u0117l m\u016bs\u0173 privatumo politikos, susisiekite su mumis adresu <a href=\"http:\/\/ecoshop.ee\/lt\/kontaktas\/\">kontaktin\u0117 forma<\/a> per arba ra\u0161ykite info@ecoshop.ee<\/p>\t\t\t\t\t\t\t\t<\/div>\n\t\t\t\t<div class=\"elementor-element elementor-element-5b62275 elementor-widget elementor-widget-spacer\" data-id=\"5b62275\" data-element_type=\"widget\" data-widget_type=\"spacer.default\">\n\t\t\t\t\t\t\t<div class=\"elementor-spacer\">\n\t\t\t<div class=\"elementor-spacer-inner\"><\/div>\n\t\t<\/div>\n\t\t\t\t\t\t<\/div>\n\t\t\t\t<div class=\"elementor-element elementor-element-cde2e4b elementor-widget elementor-widget-text-editor\" data-id=\"cde2e4b\" data-element_type=\"widget\" data-widget_type=\"text-editor.default\">\n\t\t\t\t\t\t\t\t\t<p>Paskutin\u012f kart\u0105 keista: 2025-12-07<\/p>\t\t\t\t\t\t\t\t<\/div>\n\t\t\t\t\t<\/div>\n\t\t\t\t<\/div>\n\t\t\t\t<\/div>","protected":false},"excerpt":{"rendered":"<p>Privaatsuspoliitika K\u00e4esolev privaatsuspoliitika selgitab, kuidas ecoshop.ee veebilehte haldav PlantBased O\u00dc (vastutav t\u00f6\u00f6tleja) kogub, kasutab ja kaitseb teie isikuandmeid veebilehe kasutamisel v\u00f5i ostude&hellip;<\/p>","protected":false},"author":1,"featured_media":0,"parent":0,"menu_order":0,"comment_status":"closed","ping_status":"closed","template":"","meta":{"wprm-recipe-roundup-name":"","wprm-recipe-roundup-description":"","footnotes":""},"class_list":["post-3310","page","type-page","status-publish","hentry"],"aioseo_notices":[],"_links":{"self":[{"href":"https:\/\/ecoshop.ee\/lt\/wp-json\/wp\/v2\/pages\/3310","targetHints":{"allow":["GET"]}}],"collection":[{"href":"https:\/\/ecoshop.ee\/lt\/wp-json\/wp\/v2\/pages"}],"about":[{"href":"https:\/\/ecoshop.ee\/lt\/wp-json\/wp\/v2\/types\/page"}],"author":[{"embeddable":true,"href":"https:\/\/ecoshop.ee\/lt\/wp-json\/wp\/v2\/users\/1"}],"replies":[{"embeddable":true,"href":"https:\/\/ecoshop.ee\/lt\/wp-json\/wp\/v2\/comments?post=3310"}],"version-history":[{"count":0,"href":"https:\/\/ecoshop.ee\/lt\/wp-json\/wp\/v2\/pages\/3310\/revisions"}],"wp:attachment":[{"href":"https:\/\/ecoshop.ee\/lt\/wp-json\/wp\/v2\/media?parent=3310"}],"curies":[{"name":"wp","href":"https:\/\/api.w.org\/{rel}","templated":true}]}}