{"id":3325,"date":"2024-05-11T21:54:55","date_gmt":"2024-05-11T18:54:55","guid":{"rendered":"https:\/\/ecoshop.ee\/?page_id=3325"},"modified":"2025-02-08T03:21:38","modified_gmt":"2025-02-08T01:21:38","slug":"grazintiused","status":"publish","type":"page","link":"https:\/\/ecoshop.ee\/lt\/tagastused\/","title":{"rendered":"Atgalused"},"content":{"rendered":"<div data-elementor-type=\"wp-page\" data-elementor-id=\"3325\" class=\"elementor elementor-3325\">\n\t\t\t\t<div class=\"elementor-element elementor-element-2d8891d e-flex e-con-boxed e-con e-parent\" data-id=\"2d8891d\" data-element_type=\"container\">\n\t\t\t\t\t<div class=\"e-con-inner\">\n\t\t\t\t<div class=\"elementor-element elementor-element-3e96c6b elementor-widget elementor-widget-heading\" data-id=\"3e96c6b\" data-element_type=\"widget\" data-widget_type=\"heading.default\">\n\t\t\t\t\t<h2 class=\"elementor-heading-title elementor-size-default\">Gr\u0105\u017einimo politika<\/h2>\t\t\t\t<\/div>\n\t\t\t\t<div class=\"elementor-element elementor-element-1544e86 elementor-widget elementor-widget-spacer\" data-id=\"1544e86\" data-element_type=\"widget\" data-widget_type=\"spacer.default\">\n\t\t\t\t\t\t\t<div class=\"elementor-spacer\">\n\t\t\t<div class=\"elementor-spacer-inner\"><\/div>\n\t\t<\/div>\n\t\t\t\t\t\t<\/div>\n\t\t\t\t<div class=\"elementor-element elementor-element-91d63ac elementor-widget elementor-widget-text-editor\" data-id=\"91d63ac\" data-element_type=\"widget\" data-widget_type=\"text-editor.default\">\n\t\t\t\t\t\t\t\t\t<p>Sveiki atvyk\u0119 \u012f m\u016bs\u0173 gr\u0105\u017einimo politikos puslap\u012f. Prie\u0161 gr\u0105\u017eindami prek\u0119, atid\u017eiai perskaitykite toliau pateiktas instrukcijas.<\/p>\t\t\t\t\t\t\t\t<\/div>\n\t\t\t\t<div class=\"elementor-element elementor-element-46de130 elementor-widget elementor-widget-spacer\" data-id=\"46de130\" data-element_type=\"widget\" data-widget_type=\"spacer.default\">\n\t\t\t\t\t\t\t<div class=\"elementor-spacer\">\n\t\t\t<div class=\"elementor-spacer-inner\"><\/div>\n\t\t<\/div>\n\t\t\t\t\t\t<\/div>\n\t\t\t\t<div class=\"elementor-element elementor-element-9c1ca19 elementor-widget elementor-widget-heading\" data-id=\"9c1ca19\" data-element_type=\"widget\" data-widget_type=\"heading.default\">\n\t\t\t\t\t<h2 class=\"elementor-heading-title elementor-size-default\">Gr\u0105\u017einimo politikaused:<\/h2>\t\t\t\t<\/div>\n\t\t\t\t\t<\/div>\n\t\t\t\t<\/div>\n\t\t<div class=\"elementor-element elementor-element-39206bd e-flex e-con-boxed e-con e-parent\" data-id=\"39206bd\" data-element_type=\"container\">\n\t\t\t\t\t<div class=\"e-con-inner\">\n\t\t\t\t<div class=\"elementor-element elementor-element-d65afc8 elementor-widget elementor-widget-spacer\" data-id=\"d65afc8\" data-element_type=\"widget\" data-widget_type=\"spacer.default\">\n\t\t\t\t\t\t\t<div class=\"elementor-spacer\">\n\t\t\t<div class=\"elementor-spacer-inner\"><\/div>\n\t\t<\/div>\n\t\t\t\t\t\t<\/div>\n\t\t\t\t<div class=\"elementor-element elementor-element-7f0657e elementor-widget elementor-widget-text-editor\" data-id=\"7f0657e\" data-element_type=\"widget\" data-widget_type=\"text-editor.default\">\n\t\t\t\t\t\t\t\t\t<ul><li><p>Atidaryto maisto gr\u0105\u017einti negalima.<\/p><\/li><li>Gyv\u0173 augal\u0173 gr\u0105\u017einti negalima (<a href=\"https:\/\/www.riigiteataja.ee\/akt\/106072023116\" target=\"_blank\" rel=\"noopener\">Ne\u012fgali\u0173j\u0173 teisi\u0173 apsaugos \u012fstatymo 53(4)(4) straipsnis<\/a>)<\/li><li><p>Gr\u0105\u017einamos prek\u0117s turi b\u016bti originalioje pakuot\u0117je ir negali b\u016bti pa\u017eeistos.<\/p><\/li><li><p>Prek\u0119 galima gr\u0105\u017einti per 14 dien\u0173 nuo jos gavimo datos.<\/p><\/li><li><p><span style=\"font-size: 1.05em; color: var(--text-color); letter-spacing: 0.02em; text-align: var(--text-align-left); font-family: var(--font-text);\">Gr\u0105\u017einamos prek\u0117s turi b\u016bti supakuotos pagal kurjeri\u0173 \u012fmon\u0117s reikalavimus.<\/span><\/p><\/li><li><p><span style=\"font-size: 1.05em; color: var(--text-color); letter-spacing: 0.02em; text-align: var(--text-align-left); font-family: var(--font-text);\">Jei gr\u0105\u017einama prek\u0117 yra pa\u017eeista ir jos i\u0161 prad\u017ei\u0173 nebuvo, i\u0161 gr\u0105\u017einamos sumos bus i\u0161skai\u010diuotos prek\u0117s atk\u016brimo i\u0161laidos.<\/span><\/p><\/li><\/ul>\t\t\t\t\t\t\t\t<\/div>\n\t\t\t\t<div class=\"elementor-element elementor-element-abf6f05 elementor-widget elementor-widget-spacer\" data-id=\"abf6f05\" data-element_type=\"widget\" data-widget_type=\"spacer.default\">\n\t\t\t\t\t\t\t<div class=\"elementor-spacer\">\n\t\t\t<div class=\"elementor-spacer-inner\"><\/div>\n\t\t<\/div>\n\t\t\t\t\t\t<\/div>\n\t\t\t\t<div class=\"elementor-element elementor-element-2d27dac elementor-widget elementor-widget-heading\" data-id=\"2d27dac\" data-element_type=\"widget\" data-widget_type=\"heading.default\">\n\t\t\t\t\t<h2 class=\"elementor-heading-title elementor-size-default\">Gr\u0105\u017einimo procesas:<\/h2>\t\t\t\t<\/div>\n\t\t\t\t\t<\/div>\n\t\t\t\t<\/div>\n\t\t<div class=\"elementor-element elementor-element-1641898 e-flex e-con-boxed e-con e-parent\" data-id=\"1641898\" data-element_type=\"container\">\n\t\t\t\t\t<div class=\"e-con-inner\">\n\t\t\t\t<div class=\"elementor-element elementor-element-9411d7e elementor-widget elementor-widget-spacer\" data-id=\"9411d7e\" data-element_type=\"widget\" data-widget_type=\"spacer.default\">\n\t\t\t\t\t\t\t<div class=\"elementor-spacer\">\n\t\t\t<div class=\"elementor-spacer-inner\"><\/div>\n\t\t<\/div>\n\t\t\t\t\t\t<\/div>\n\t\t\t\t<div class=\"elementor-element elementor-element-d9654bf elementor-widget elementor-widget-text-editor\" data-id=\"d9654bf\" data-element_type=\"widget\" data-widget_type=\"text-editor.default\">\n\t\t\t\t\t\t\t\t\t<ul><li><p>Prie\u0161 gr\u0105\u017eindami prek\u0119, susisiekite <strong>tikrai<\/strong> susisiekite su mumis, kad prane\u0161tum\u0117te apie gr\u0105\u017einim\u0105 ir gautum\u0117te tolesnes instrukcijas<\/p><\/li><li><p>Jei gautas produktas yra pa\u017eeistas ar turi defekt\u0173, pra\u0161ome j\u012f nufotografuoti arba nufilmuoti ir atsi\u0173sti mums info@ecoshop.ee.<\/p><\/li><li><p>Gr\u0105\u017einkite prekes originalioje pakuot\u0117je ir \u012fsitikinkite, kad jos n\u0117ra pa\u017eeistos.<\/p><\/li><li><p>Gav\u0119 ir patikrin\u0119 prekes, gr\u0105\u017einsime pinigus ne v\u0117liau kaip per dvi dienas.<\/p><\/li><li>Pardav\u0117jas padengs su prek\u0117s gr\u0105\u017einimu susijusias i\u0161laidas, ta\u010diau tik tuo atveju, jei gr\u0105\u017einimas buvo i\u0161 anksto suderintas su pardav\u0117ju ir suma nevir\u0161ija pradin\u0117s siuntimo kainos.<\/li><\/ul>\t\t\t\t\t\t\t\t<\/div>\n\t\t\t\t<div class=\"elementor-element elementor-element-8579632 elementor-widget elementor-widget-spacer\" data-id=\"8579632\" data-element_type=\"widget\" data-widget_type=\"spacer.default\">\n\t\t\t\t\t\t\t<div class=\"elementor-spacer\">\n\t\t\t<div class=\"elementor-spacer-inner\"><\/div>\n\t\t<\/div>\n\t\t\t\t\t\t<\/div>\n\t\t\t\t<div class=\"elementor-element elementor-element-fdf0d82 elementor-widget elementor-widget-heading\" data-id=\"fdf0d82\" data-element_type=\"widget\" data-widget_type=\"heading.default\">\n\t\t\t\t\t<h2 class=\"elementor-heading-title elementor-size-default\">Kontaktas<\/h2>\t\t\t\t<\/div>\n\t\t\t\t<div class=\"elementor-element elementor-element-1ed30c1 elementor-widget elementor-widget-spacer\" data-id=\"1ed30c1\" data-element_type=\"widget\" data-widget_type=\"spacer.default\">\n\t\t\t\t\t\t\t<div class=\"elementor-spacer\">\n\t\t\t<div class=\"elementor-spacer-inner\"><\/div>\n\t\t<\/div>\n\t\t\t\t\t\t<\/div>\n\t\t\t\t\t<\/div>\n\t\t\t\t<\/div>\n\t\t<div class=\"elementor-element elementor-element-681f414 e-flex e-con-boxed e-con e-parent\" data-id=\"681f414\" data-element_type=\"container\">\n\t\t\t\t\t<div class=\"e-con-inner\">\n\t\t\t\t<div class=\"elementor-element elementor-element-1e5dafc elementor-widget elementor-widget-text-editor\" data-id=\"1e5dafc\" data-element_type=\"widget\" data-widget_type=\"text-editor.default\">\n\t\t\t\t\t\t\t\t\t<p>Jei turite papildom\u0173 klausim\u0173 ar abejoni\u0173 d\u0117l m\u016bs\u0173 gr\u0105\u017einimo politikos arba nor\u0117tum\u0117te inicijuoti gr\u0105\u017einim\u0105, susisiekite su mumis m\u016bs\u0173 adresu <a href=\"http:\/\/ecoshop.ee\/lt\/kontaktas\/\">kontaktin\u0117 forma<\/a> per arba ra\u0161ykite mums adresu info@ecoshop.ee<\/p>\t\t\t\t\t\t\t\t<\/div>\n\t\t\t\t<div class=\"elementor-element elementor-element-b990b51 elementor-widget elementor-widget-spacer\" data-id=\"b990b51\" data-element_type=\"widget\" data-widget_type=\"spacer.default\">\n\t\t\t\t\t\t\t<div class=\"elementor-spacer\">\n\t\t\t<div class=\"elementor-spacer-inner\"><\/div>\n\t\t<\/div>\n\t\t\t\t\t\t<\/div>\n\t\t\t\t<div class=\"elementor-element elementor-element-2d1e161 elementor-widget elementor-widget-text-editor\" data-id=\"2d1e161\" data-element_type=\"widget\" data-widget_type=\"text-editor.default\">\n\t\t\t\t\t\t\t\t\t<p>Paskutin\u012f kart\u0105 keista: 2025-02-08<\/p>\t\t\t\t\t\t\t\t<\/div>\n\t\t\t\t<div class=\"elementor-element elementor-element-a506df7 elementor-widget elementor-widget-spacer\" data-id=\"a506df7\" data-element_type=\"widget\" data-widget_type=\"spacer.default\">\n\t\t\t\t\t\t\t<div class=\"elementor-spacer\">\n\t\t\t<div class=\"elementor-spacer-inner\"><\/div>\n\t\t<\/div>\n\t\t\t\t\t\t<\/div>\n\t\t\t\t\t<\/div>\n\t\t\t\t<\/div>\n\t\t\t\t<\/div>","protected":false},"excerpt":{"rendered":"<p>Tagastamispoliitika Tere tulemast meie tagastamispoliitika lehele. Palun lugege hoolikalt l\u00e4bi j\u00e4rgnevad juhised enne toote tagastamist. Tagastamise tingimused: Avatud pakendiga toiduaineid ei saa&hellip;<\/p>","protected":false},"author":1,"featured_media":0,"parent":0,"menu_order":0,"comment_status":"closed","ping_status":"closed","template":"","meta":{"wprm-recipe-roundup-name":"","wprm-recipe-roundup-description":"","footnotes":""},"class_list":["post-3325","page","type-page","status-publish","hentry"],"aioseo_notices":[],"_links":{"self":[{"href":"https:\/\/ecoshop.ee\/lt\/wp-json\/wp\/v2\/pages\/3325","targetHints":{"allow":["GET"]}}],"collection":[{"href":"https:\/\/ecoshop.ee\/lt\/wp-json\/wp\/v2\/pages"}],"about":[{"href":"https:\/\/ecoshop.ee\/lt\/wp-json\/wp\/v2\/types\/page"}],"author":[{"embeddable":true,"href":"https:\/\/ecoshop.ee\/lt\/wp-json\/wp\/v2\/users\/1"}],"replies":[{"embeddable":true,"href":"https:\/\/ecoshop.ee\/lt\/wp-json\/wp\/v2\/comments?post=3325"}],"version-history":[{"count":0,"href":"https:\/\/ecoshop.ee\/lt\/wp-json\/wp\/v2\/pages\/3325\/revisions"}],"wp:attachment":[{"href":"https:\/\/ecoshop.ee\/lt\/wp-json\/wp\/v2\/media?parent=3325"}],"curies":[{"name":"wp","href":"https:\/\/api.w.org\/{rel}","templated":true}]}}