{"id":3340,"date":"2024-05-11T22:37:43","date_gmt":"2024-05-11T19:37:43","guid":{"rendered":"https:\/\/ecoshop.ee\/?page_id=3340"},"modified":"2026-04-29T22:21:53","modified_gmt":"2026-04-29T19:21:53","slug":"pristatymas","status":"publish","type":"page","link":"https:\/\/ecoshop.ee\/lt\/kohaletoimetamine\/","title":{"rendered":"Pristatymas"},"content":{"rendered":"\t\t<div data-elementor-type=\"wp-page\" data-elementor-id=\"3340\" class=\"elementor elementor-3340\">\n\t\t\t\t<div class=\"elementor-element elementor-element-0a87619 e-flex e-con-boxed e-con e-parent\" data-id=\"0a87619\" data-element_type=\"container\">\n\t\t\t\t\t<div class=\"e-con-inner\">\n\t\t<div class=\"elementor-element elementor-element-1641898 e-con-full e-flex e-con e-child\" data-id=\"1641898\" data-element_type=\"container\">\n\t\t\t\t<div class=\"elementor-element elementor-element-2d27dac elementor-widget elementor-widget-heading\" data-id=\"2d27dac\" data-element_type=\"widget\" data-widget_type=\"heading.default\">\n\t\t\t\t\t<h2 class=\"elementor-heading-title elementor-size-default\">Kohaletoimetamise piirkonnad ja v\u00f5imalused:<\/h2>\t\t\t\t<\/div>\n\t\t\t\t<div class=\"elementor-element elementor-element-9411d7e elementor-widget elementor-widget-spacer\" data-id=\"9411d7e\" data-element_type=\"widget\" data-widget_type=\"spacer.default\">\n\t\t\t\t\t\t\t<div class=\"elementor-spacer\">\n\t\t\t<div class=\"elementor-spacer-inner\"><\/div>\n\t\t<\/div>\n\t\t\t\t\t\t<\/div>\n\t\t\t\t<div class=\"elementor-element elementor-element-d9654bf elementor-widget elementor-widget-text-editor\" data-id=\"d9654bf\" data-element_type=\"widget\" data-widget_type=\"text-editor.default\">\n\t\t\t\t\t\t\t\t\t<div class=\"overflow-x-auto w-full px-2 mb-6\"><table class=\"min-w-full border-collapse text-sm leading-[1.7] whitespace-normal\" style=\"height: 126px;\" width=\"302\"><thead class=\"text-left\"><tr><th class=\"text-text-100 border-b-0.5 border-border-300\/60 py-2 pr-4 align-top font-bold\" scope=\"col\">Piirkond<\/th><th class=\"text-text-100 border-b-0.5 border-border-300\/60 py-2 pr-4 align-top font-bold\" style=\"text-align: center;\" scope=\"col\">Pakiautomaat<\/th><th class=\"text-text-100 border-b-0.5 border-border-300\/60 py-2 pr-4 align-top font-bold\" style=\"text-align: center;\" scope=\"col\">Kullerteenus<\/th><th class=\"text-text-100 border-b-0.5 border-border-300\/60 py-2 pr-4 align-top font-bold\" style=\"text-align: center;\" scope=\"col\">Tasuta transport<\/th><\/tr><\/thead><tbody><tr><td class=\"border-b-0.5 border-border-300\/30 py-2 pr-4 align-top\"><img decoding=\"async\" class=\"emoji\" role=\"img\" draggable=\"false\" src=\"https:\/\/s.w.org\/images\/core\/emoji\/17.0.2\/svg\/1f1ea-1f1ea.svg\" alt=\"\ud83c\uddea\ud83c\uddea\" \/> Eesti<\/td><td class=\"border-b-0.5 border-border-300\/30 py-2 pr-4 align-top\" style=\"text-align: center;\">3,29 \u20ac<\/td><td class=\"border-b-0.5 border-border-300\/30 py-2 pr-4 align-top\" style=\"text-align: center;\">5,99 \u20ac<\/td><td class=\"border-b-0.5 border-border-300\/30 py-2 pr-4 align-top\" style=\"text-align: center;\">alates 39 \u20ac<\/td><\/tr><tr><td class=\"border-b-0.5 border-border-300\/30 py-2 pr-4 align-top\"><img decoding=\"async\" class=\"emoji\" role=\"img\" draggable=\"false\" src=\"https:\/\/s.w.org\/images\/core\/emoji\/17.0.2\/svg\/1f1eb-1f1ee.svg\" alt=\"\ud83c\uddeb\ud83c\uddee\" \/> Soome<\/td><td class=\"border-b-0.5 border-border-300\/30 py-2 pr-4 align-top\" style=\"text-align: center;\">9,99 \u20ac<\/td><td class=\"border-b-0.5 border-border-300\/30 py-2 pr-4 align-top\" style=\"text-align: center;\">16,99 \u20ac<\/td><td class=\"border-b-0.5 border-border-300\/30 py-2 pr-4 align-top\" style=\"text-align: center;\">alates 119 \u20ac<\/td><\/tr><tr><td class=\"border-b-0.5 border-border-300\/30 py-2 pr-4 align-top\"><img decoding=\"async\" class=\"emoji\" role=\"img\" draggable=\"false\" src=\"https:\/\/s.w.org\/images\/core\/emoji\/17.0.2\/svg\/1f1f1-1f1fb.svg\" alt=\"\ud83c\uddf1\ud83c\uddfb\" \/> L\u00e4ti<\/td><td class=\"border-b-0.5 border-border-300\/30 py-2 pr-4 align-top\" style=\"text-align: center;\">5,49 \u20ac<\/td><td class=\"border-b-0.5 border-border-300\/30 py-2 pr-4 align-top\" style=\"text-align: center;\">5,99 \u20ac<\/td><td class=\"border-b-0.5 border-border-300\/30 py-2 pr-4 align-top\" style=\"text-align: center;\">alates 65 \u20ac<\/td><\/tr><tr><td class=\"border-b-0.5 border-border-300\/30 py-2 pr-4 align-top\"><img decoding=\"async\" class=\"emoji\" role=\"img\" draggable=\"false\" src=\"https:\/\/s.w.org\/images\/core\/emoji\/17.0.2\/svg\/1f1f1-1f1f9.svg\" alt=\"\ud83c\uddf1\ud83c\uddf9\" \/> Leedu<\/td><td class=\"border-b-0.5 border-border-300\/30 py-2 pr-4 align-top\" style=\"text-align: center;\">4,99 \u20ac<\/td><td class=\"border-b-0.5 border-border-300\/30 py-2 pr-4 align-top\" style=\"text-align: center;\">6,99 \u20ac<\/td><td class=\"border-b-0.5 border-border-300\/30 py-2 pr-4 align-top\" style=\"text-align: center;\">alates 65 \u20ac<\/td><\/tr><tr><td class=\"border-b-0.5 border-border-300\/30 py-2 pr-4 align-top\"><img decoding=\"async\" class=\"emoji\" role=\"img\" draggable=\"false\" src=\"https:\/\/s.w.org\/images\/core\/emoji\/17.0.2\/svg\/1f1e9-1f1ea.svg\" alt=\"\ud83c\udde9\ud83c\uddea\" \/> Saksamaa<\/td><td class=\"border-b-0.5 border-border-300\/30 py-2 pr-4 align-top\" style=\"text-align: center;\">5,99 \u20ac<\/td><td class=\"border-b-0.5 border-border-300\/30 py-2 pr-4 align-top\" style=\"text-align: center;\">9,99 \u20ac<\/td><td class=\"border-b-0.5 border-border-300\/30 py-2 pr-4 align-top\" style=\"text-align: center;\">alates 69 \u20ac<\/td><\/tr><tr><td class=\"border-b-0.5 border-border-300\/30 py-2 pr-4 align-top\"><img decoding=\"async\" class=\"emoji\" role=\"img\" draggable=\"false\" src=\"https:\/\/s.w.org\/images\/core\/emoji\/17.0.2\/svg\/1f1f5-1f1f1.svg\" alt=\"\ud83c\uddf5\ud83c\uddf1\" \/> Poola<\/td><td class=\"border-b-0.5 border-border-300\/30 py-2 pr-4 align-top\" style=\"text-align: center;\">5,99 \u20ac<\/td><td class=\"border-b-0.5 border-border-300\/30 py-2 pr-4 align-top\" style=\"text-align: center;\">7,99 \u20ac<\/td><td class=\"border-b-0.5 border-border-300\/30 py-2 pr-4 align-top\" style=\"text-align: center;\">alates 69 \u20ac<\/td><\/tr><tr><td class=\"border-b-0.5 border-border-300\/30 py-2 pr-4 align-top\"><img decoding=\"async\" class=\"emoji\" role=\"img\" draggable=\"false\" src=\"https:\/\/s.w.org\/images\/core\/emoji\/17.0.2\/svg\/1f1f8-1f1ea.svg\" alt=\"\ud83c\uddf8\ud83c\uddea\" \/> Rootsi<\/td><td class=\"border-b-0.5 border-border-300\/30 py-2 pr-4 align-top\" style=\"text-align: center;\">14,99 \u20ac<\/td><td class=\"border-b-0.5 border-border-300\/30 py-2 pr-4 align-top\" style=\"text-align: center;\">22,99 \u20ac<\/td><td class=\"border-b-0.5 border-border-300\/30 py-2 pr-4 align-top\" style=\"text-align: center;\">alates 179 \u20ac<\/td><\/tr><tr><td class=\"border-b-0.5 border-border-300\/30 py-2 pr-4 align-top\"><img decoding=\"async\" class=\"emoji\" role=\"img\" draggable=\"false\" src=\"https:\/\/s.w.org\/images\/core\/emoji\/17.0.2\/svg\/1f1e9-1f1f0.svg\" alt=\"\ud83c\udde9\ud83c\uddf0\" \/> Taani<\/td><td class=\"border-b-0.5 border-border-300\/30 py-2 pr-4 align-top\" style=\"text-align: center;\">17,49 \u20ac<\/td><td class=\"border-b-0.5 border-border-300\/30 py-2 pr-4 align-top\" style=\"text-align: center;\">27,99 \u20ac<\/td><td class=\"border-b-0.5 border-border-300\/30 py-2 pr-4 align-top\" style=\"text-align: center;\">alates 199 \u20ac<\/td><\/tr><\/tbody><\/table><\/div><p><strong>M\u00e4rkused:<\/strong><\/p><ul><li>Bambusest voodipesu tellimustel on tasuta transport k\u00f5ikidesse Euroopa riikidesse<\/li><li>Taimede, aiakaupade ja m\u00f6\u00f6bli kohaletoimetamine toimub ainult Eestis (tasuta kuller)<\/li><li>Tasuta transpordi miinimum kehtib ainult pakiautomaadi tarnetele<\/li><\/ul>\t\t\t\t\t\t\t\t<\/div>\n\t\t\t\t<div class=\"elementor-element elementor-element-1ed30c1 elementor-widget elementor-widget-spacer\" data-id=\"1ed30c1\" data-element_type=\"widget\" data-widget_type=\"spacer.default\">\n\t\t\t\t\t\t\t<div class=\"elementor-spacer\">\n\t\t\t<div class=\"elementor-spacer-inner\"><\/div>\n\t\t<\/div>\n\t\t\t\t\t\t<\/div>\n\t\t\t\t<\/div>\n\t\t\t\t\t<\/div>\n\t\t\t\t<\/div>\n\t\t<div class=\"elementor-element elementor-element-2d8891d e-flex e-con-boxed e-con e-parent\" data-id=\"2d8891d\" data-element_type=\"container\">\n\t\t\t\t\t<div class=\"e-con-inner\">\n\t\t<div class=\"elementor-element elementor-element-1be1c93 e-con-full e-flex e-con e-child\" data-id=\"1be1c93\" data-element_type=\"container\">\n\t\t\t\t<div class=\"elementor-element elementor-element-f9d1ad0 elementor-widget elementor-widget-heading\" data-id=\"f9d1ad0\" data-element_type=\"widget\" data-widget_type=\"heading.default\">\n\t\t\t\t\t<h2 class=\"elementor-heading-title elementor-size-default\">Tellimuste esitamine:<\/h2>\t\t\t\t<\/div>\n\t\t\t\t<div class=\"elementor-element elementor-element-9465fae elementor-widget elementor-widget-spacer\" data-id=\"9465fae\" data-element_type=\"widget\" data-widget_type=\"spacer.default\">\n\t\t\t\t\t\t\t<div class=\"elementor-spacer\">\n\t\t\t<div class=\"elementor-spacer-inner\"><\/div>\n\t\t<\/div>\n\t\t\t\t\t\t<\/div>\n\t\t\t\t<div class=\"elementor-element elementor-element-992b95e elementor-widget elementor-widget-text-editor\" data-id=\"992b95e\" data-element_type=\"widget\" data-widget_type=\"text-editor.default\">\n\t\t\t\t\t\t\t\t\t<ul><li>Tellimuse esitamiseks tuleb soovitud esemed k\u00f5igepealt lisada ostukorvi v\u00f5i valida tootelehel variant &#8220;osta kohe&#8221; kui on soov osta ainult \u00fcks toode<\/li><li>Ostukorvi kinnitamiseks tuleb avada ostukorv ekraani paremal \u00fcleval nurgas<\/li><li>Ostukorvist saab liikuda edasi ostu vormistama ja maksemeetodit valima<\/li><li>Enne ostu kinnitamist tuleb sisestada arvelduse andmed, valida makseviis ning n\u00f5ustuda m\u00fc\u00fcgitingimustega<\/li><li>Kui transpordi aadress erineb ostja arvelduse aadressist tuleb see esitada eraldi v\u00e4ljana valides variant &#8220;saada teisele aadressile&#8221;<\/li><li>Maksta saab l\u00e4bi panga, kaardimaksega v\u00f5i osamaksetega<\/li><li>Kui on soov tasuda e-arvega tuleb saata tellimuse andmed meiliga info@ecoshop.ee<\/li><\/ul>\t\t\t\t\t\t\t\t<\/div>\n\t\t\t\t<div class=\"elementor-element elementor-element-8a09e10 elementor-widget elementor-widget-spacer\" data-id=\"8a09e10\" data-element_type=\"widget\" data-widget_type=\"spacer.default\">\n\t\t\t\t\t\t\t<div class=\"elementor-spacer\">\n\t\t\t<div class=\"elementor-spacer-inner\"><\/div>\n\t\t<\/div>\n\t\t\t\t\t\t<\/div>\n\t\t\t\t<\/div>\n\t\t\t\t\t<\/div>\n\t\t\t\t<\/div>\n\t\t<div class=\"elementor-element elementor-element-39206bd e-flex e-con-boxed e-con e-parent\" data-id=\"39206bd\" data-element_type=\"container\">\n\t\t\t\t\t<div class=\"e-con-inner\">\n\t\t\t\t<div class=\"elementor-element elementor-element-9c1ca19 elementor-widget elementor-widget-heading\" data-id=\"9c1ca19\" data-element_type=\"widget\" data-widget_type=\"heading.default\">\n\t\t\t\t\t<h2 class=\"elementor-heading-title elementor-size-default\">Tellimuste t\u00e4itmine:<\/h2>\t\t\t\t<\/div>\n\t\t\t\t<div class=\"elementor-element elementor-element-d65afc8 elementor-widget elementor-widget-spacer\" data-id=\"d65afc8\" data-element_type=\"widget\" data-widget_type=\"spacer.default\">\n\t\t\t\t\t\t\t<div class=\"elementor-spacer\">\n\t\t\t<div class=\"elementor-spacer-inner\"><\/div>\n\t\t<\/div>\n\t\t\t\t\t\t<\/div>\n\t\t\t\t<div class=\"elementor-element elementor-element-7f0657e elementor-widget elementor-widget-text-editor\" data-id=\"7f0657e\" data-element_type=\"widget\" data-widget_type=\"text-editor.default\">\n\t\t\t\t\t\t\t\t\t<ul><li>K\u00f5ik tellimused saadame teele hiljemalt 24 tunni jooksul alates tellimuse esitamisest<\/li><li>K\u00f5ik tellimused on hoolikalt pakendatud ja l\u00e4binud visuaalse kontrolli<\/li><li>Toiduainete, kodutarvete ja aksessuaaride tellimused j\u00f5uavad kohale 1-3 p\u00e4evaga<\/li><li>Taimede tellimused j\u00f5uavad kohale 4-6 p\u00e4evaga<\/li><li>M\u00f6\u00f6bli tellimused j\u00f5uavad kohale 3-7 p\u00e4evaga<\/li><li>Ostjal on 14-p\u00e4evane\u00a0<a href=\"https:\/\/ecoshop.ee\/tagastused\/\" target=\"_blank\" rel=\"noopener\">tagastus\u00f5igus<\/a>\u00a0alates kauba k\u00e4ttesaamisest<\/li><li>Riiklikel p\u00fchadel ja erakorralistel juhtudel v\u00f5ivad tarneajad olla oodatust pikemad<\/li><\/ul>\t\t\t\t\t\t\t\t<\/div>\n\t\t\t\t<div class=\"elementor-element elementor-element-abf6f05 elementor-widget elementor-widget-spacer\" data-id=\"abf6f05\" data-element_type=\"widget\" data-widget_type=\"spacer.default\">\n\t\t\t\t\t\t\t<div class=\"elementor-spacer\">\n\t\t\t<div class=\"elementor-spacer-inner\"><\/div>\n\t\t<\/div>\n\t\t\t\t\t\t<\/div>\n\t\t\t\t\t<\/div>\n\t\t\t\t<\/div>\n\t\t<div class=\"elementor-element elementor-element-01fe085 e-flex e-con-boxed e-con e-parent\" data-id=\"01fe085\" data-element_type=\"container\">\n\t\t\t\t\t<div class=\"e-con-inner\">\n\t\t<div class=\"elementor-element elementor-element-44ef153 e-con-full e-flex e-con e-child\" data-id=\"44ef153\" data-element_type=\"container\">\n\t\t\t\t<div class=\"elementor-element elementor-element-c994d26 elementor-widget elementor-widget-heading\" data-id=\"c994d26\" data-element_type=\"widget\" data-widget_type=\"heading.default\">\n\t\t\t\t\t<h2 class=\"elementor-heading-title elementor-size-default\">Lisainfo:<\/h2>\t\t\t\t<\/div>\n\t\t\t\t<div class=\"elementor-element elementor-element-bddaa06 elementor-widget elementor-widget-spacer\" data-id=\"bddaa06\" data-element_type=\"widget\" data-widget_type=\"spacer.default\">\n\t\t\t\t\t\t\t<div class=\"elementor-spacer\">\n\t\t\t<div class=\"elementor-spacer-inner\"><\/div>\n\t\t<\/div>\n\t\t\t\t\t\t<\/div>\n\t\t\t\t<div class=\"elementor-element elementor-element-f6784f0 elementor-widget elementor-widget-text-editor\" data-id=\"f6784f0\" data-element_type=\"widget\" data-widget_type=\"text-editor.default\">\n\t\t\t\t\t\t\t\t\t<ul>\n<li>\n<p>Palun veenduge, et tellimuse kohaletoimetamise aadress oleks t\u00e4pselt m\u00e4rgitud ja k\u00e4ttesaadav<\/p>\n<\/li>\n<li>M\u00f5ned tootekategooriad ei ole \u00fches tellimuses kombineeritavad \u2014 t\u00e4psem info kuvatakse ostukorvis v\u00f5i kassas. Sellisel juhul tehke lihtsalt eraldi tellimused.<\/li>\n<li>\n<p>Kui teil on erisoove v\u00f5i lisak\u00fcsimusi kohaletoimetamise kohta siis v\u00f5tke meiega \u00fchendust&nbsp;<a href=\"https:\/\/ecoshop.ee\/kontakt\">kontaktivormi<\/a>&nbsp;kaudu; helistage +372 5555 1911 v\u00f5i kirjutage&nbsp;info@ecoshop.ee<\/p>\n<\/li>\n<\/ul>\t\t\t\t\t\t\t\t<\/div>\n\t\t\t\t<div class=\"elementor-element elementor-element-9ea7c7a elementor-widget elementor-widget-spacer\" data-id=\"9ea7c7a\" data-element_type=\"widget\" data-widget_type=\"spacer.default\">\n\t\t\t\t\t\t\t<div class=\"elementor-spacer\">\n\t\t\t<div class=\"elementor-spacer-inner\"><\/div>\n\t\t<\/div>\n\t\t\t\t\t\t<\/div>\n\t\t\t\t<\/div>\n\t\t\t\t<div class=\"elementor-element elementor-element-ab37e7e elementor-widget elementor-widget-text-editor\" data-id=\"ab37e7e\" data-element_type=\"widget\" data-widget_type=\"text-editor.default\">\n\t\t\t\t\t\t\t\t\t<p>Viimati uuendatud: 21.04.2026<\/p>\t\t\t\t\t\t\t\t<\/div>\n\t\t\t\t<div class=\"elementor-element elementor-element-f858add elementor-widget elementor-widget-spacer\" data-id=\"f858add\" data-element_type=\"widget\" data-widget_type=\"spacer.default\">\n\t\t\t\t\t\t\t<div class=\"elementor-spacer\">\n\t\t\t<div class=\"elementor-spacer-inner\"><\/div>\n\t\t<\/div>\n\t\t\t\t\t\t<\/div>\n\t\t\t\t\t<\/div>\n\t\t\t\t<\/div>\n\t\t\t\t<\/div>\n\t\t","protected":false},"excerpt":{"rendered":"<p>Kohaletoimetamise piirkonnad ja v\u00f5imalused: Piirkond Pakiautomaat Kullerteenus Tasuta transport Eesti 3,29 \u20ac 5,99 \u20ac alates 39 \u20ac Soome 9,99 \u20ac 16,99 \u20ac&hellip;<\/p>","protected":false},"author":1,"featured_media":0,"parent":0,"menu_order":0,"comment_status":"closed","ping_status":"closed","template":"","meta":{"wprm-recipe-roundup-name":"","wprm-recipe-roundup-description":"","footnotes":""},"class_list":["post-3340","page","type-page","status-publish","hentry"],"aioseo_notices":[],"_links":{"self":[{"href":"https:\/\/ecoshop.ee\/lt\/wp-json\/wp\/v2\/pages\/3340","targetHints":{"allow":["GET"]}}],"collection":[{"href":"https:\/\/ecoshop.ee\/lt\/wp-json\/wp\/v2\/pages"}],"about":[{"href":"https:\/\/ecoshop.ee\/lt\/wp-json\/wp\/v2\/types\/page"}],"author":[{"embeddable":true,"href":"https:\/\/ecoshop.ee\/lt\/wp-json\/wp\/v2\/users\/1"}],"replies":[{"embeddable":true,"href":"https:\/\/ecoshop.ee\/lt\/wp-json\/wp\/v2\/comments?post=3340"}],"version-history":[{"count":27,"href":"https:\/\/ecoshop.ee\/lt\/wp-json\/wp\/v2\/pages\/3340\/revisions"}],"predecessor-version":[{"id":396054,"href":"https:\/\/ecoshop.ee\/lt\/wp-json\/wp\/v2\/pages\/3340\/revisions\/396054"}],"wp:attachment":[{"href":"https:\/\/ecoshop.ee\/lt\/wp-json\/wp\/v2\/media?parent=3340"}],"curies":[{"name":"wp","href":"https:\/\/api.w.org\/{rel}","templated":true}]}}