{"id":3487,"date":"2024-05-15T22:54:20","date_gmt":"2024-05-15T19:54:20","guid":{"rendered":"https:\/\/ecoshop.ee\/?page_id=3487"},"modified":"2026-02-16T19:21:29","modified_gmt":"2026-02-16T16:21:29","slug":"muugitingimused","status":"publish","type":"page","link":"https:\/\/ecoshop.ee\/lt\/muugitingimused\/","title":{"rendered":"Pardavimo s\u0105lygosused"},"content":{"rendered":"<div data-elementor-type=\"wp-page\" data-elementor-id=\"3487\" class=\"elementor elementor-3487\">\n\t\t\t\t<div class=\"elementor-element elementor-element-488a1bc e-flex e-con-boxed e-con e-parent\" data-id=\"488a1bc\" data-element_type=\"container\">\n\t\t\t\t\t<div class=\"e-con-inner\">\n\t\t\t\t<div class=\"elementor-element elementor-element-6564d95 elementor-widget elementor-widget-heading\" data-id=\"6564d95\" data-element_type=\"widget\" data-widget_type=\"heading.default\">\n\t\t\t\t\t<h2 class=\"elementor-heading-title elementor-size-default\">Internetin\u0117s parduotuv\u0117s s\u0105lygos ir nuostatosused<\/h2>\t\t\t\t<\/div>\n\t\t\t\t<div class=\"elementor-element elementor-element-9ef4474 elementor-widget elementor-widget-spacer\" data-id=\"9ef4474\" data-element_type=\"widget\" data-widget_type=\"spacer.default\">\n\t\t\t\t\t\t\t<div class=\"elementor-spacer\">\n\t\t\t<div class=\"elementor-spacer-inner\"><\/div>\n\t\t<\/div>\n\t\t\t\t\t\t<\/div>\n\t\t\t\t<div class=\"elementor-element elementor-element-fb2574c elementor-widget elementor-widget-text-editor\" data-id=\"fb2574c\" data-element_type=\"widget\" data-widget_type=\"text-editor.default\">\n\t\t\t\t\t\t\t\t\t<p><span style=\"color: var(--text-color); font-size: 14px; font-weight: 400; letter-spacing: 0.02em; text-align: var(--text-align-left); font-family: var(--font-text);\">Internetin\u0117s parduotuv\u0117s ecoshop.ee savininkas yra \u201ePlantBased O\u00dc\u201c (registracijos kodas 17045194<\/span><span style=\"color: var(--text-color); font-size: 14px; font-weight: 400; letter-spacing: 0.02em; text-align: var(--text-align-left); font-family: var(--font-text);\">).<\/span><\/p>\t\t\t\t\t\t\t\t<\/div>\n\t\t\t\t<div class=\"elementor-element elementor-element-2ef49ae elementor-widget elementor-widget-spacer\" data-id=\"2ef49ae\" data-element_type=\"widget\" data-widget_type=\"spacer.default\">\n\t\t\t\t\t\t\t<div class=\"elementor-spacer\">\n\t\t\t<div class=\"elementor-spacer-inner\"><\/div>\n\t\t<\/div>\n\t\t\t\t\t\t<\/div>\n\t\t\t\t<div class=\"elementor-element elementor-element-5b99c36 elementor-widget elementor-widget-heading\" data-id=\"5b99c36\" data-element_type=\"widget\" data-widget_type=\"heading.default\">\n\t\t\t\t\t<h2 class=\"elementor-heading-title elementor-size-default\">Pardavimo sutarties, produkto ir kainos informacijos galiojimas<\/h2>\t\t\t\t<\/div>\n\t\t\t\t<div class=\"elementor-element elementor-element-5f658a3 elementor-widget elementor-widget-spacer\" data-id=\"5f658a3\" data-element_type=\"widget\" data-widget_type=\"spacer.default\">\n\t\t\t\t\t\t\t<div class=\"elementor-spacer\">\n\t\t\t<div class=\"elementor-spacer-inner\"><\/div>\n\t\t<\/div>\n\t\t\t\t\t\t<\/div>\n\t\t\t\t<div class=\"elementor-element elementor-element-bfc24cb elementor-widget elementor-widget-text-editor\" data-id=\"bfc24cb\" data-element_type=\"widget\" data-widget_type=\"text-editor.default\">\n\t\t\t\t\t\t\t\t\t<p>Preki\u0173 pirkimui i\u0161 internetin\u0117s parduotuv\u0117s taikomos pardavimo s\u0105lygosused.<\/p><p>Internetin\u0117je parduotuv\u0117je parduodam\u0173 preki\u0173 kainos nurodytos \u0161alia preki\u0173. Prie kainos pridedamas pristatymo mokestis. Visos internetin\u0117je parduotuv\u0117je parduodam\u0173 preki\u0173 kainos nurodytos eurais.<\/p><p>Pristatymo mokestis priklauso nuo pirk\u0117jo vietos ir pristatymo b\u016bdo. Pristatymo mokestis pirk\u0117jui rodomas pateikiant u\u017esakym\u0105.<\/p><p>Informacija apie produkt\u0105 pateikiama internetin\u0117je parduotuv\u0117je tiesiai \u0161alia produkto.<\/p>\t\t\t\t\t\t\t\t<\/div>\n\t\t\t\t<div class=\"elementor-element elementor-element-83b24d8 elementor-widget elementor-widget-spacer\" data-id=\"83b24d8\" data-element_type=\"widget\" data-widget_type=\"spacer.default\">\n\t\t\t\t\t\t\t<div class=\"elementor-spacer\">\n\t\t\t<div class=\"elementor-spacer-inner\"><\/div>\n\t\t<\/div>\n\t\t\t\t\t\t<\/div>\n\t\t\t\t<div class=\"elementor-element elementor-element-3ed3db8 elementor-widget elementor-widget-heading\" data-id=\"3ed3db8\" data-element_type=\"widget\" data-widget_type=\"heading.default\">\n\t\t\t\t\t<h2 class=\"elementor-heading-title elementor-size-default\">U\u017esakym\u0173 apdorojimas<\/h2>\t\t\t\t<\/div>\n\t\t\t\t<div class=\"elementor-element elementor-element-658bdc4 elementor-widget elementor-widget-spacer\" data-id=\"658bdc4\" data-element_type=\"widget\" data-widget_type=\"spacer.default\">\n\t\t\t\t\t\t\t<div class=\"elementor-spacer\">\n\t\t\t<div class=\"elementor-spacer-inner\"><\/div>\n\t\t<\/div>\n\t\t\t\t\t\t<\/div>\n\t\t\t\t<div class=\"elementor-element elementor-element-148a99c elementor-widget elementor-widget-text-editor\" data-id=\"148a99c\" data-element_type=\"widget\" data-widget_type=\"text-editor.default\">\n\t\t\t\t\t\t\t\t\t<p>Nor\u0117dami u\u017esisakyti prekes, turite \u012fd\u0117ti norimas prekes \u012f pirkini\u0173 krep\u0161el\u012f. Nor\u0117dami u\u017ebaigti u\u017esakym\u0105, turite u\u017epildyti privalomus duomen\u0173 laukus ir pasirinkti tinkam\u0105 preki\u0173 pristatymo b\u016bd\u0105. Tuomet ekrane bus rodoma mokes\u010dio suma, kuri\u0105 galima saugiai sumok\u0117ti \u0161iais mok\u0117jimo b\u016bdais:<\/p><ul><li>Estijos bank\u0173 mok\u0117jimai: \u201eSwedbank\u201c, SEB, \u201eLuminor\u201c, LHV, Coop Pank, \u201eCitadele\u201c ir kt.<\/li><li>Mok\u0117jimai \u201eVisa\u201c \/ \u201eMastercard\u201c \/ \u201eApple Pay\u201c \/ Google mok\u0117jimo kortel\u0117mis<\/li><li>Pirkinius nuo 75 \u20ac galima apmok\u0117ti iki trij\u0173 \u012fmok\u0173 be pal\u016bkan\u0173 per \u201eInbank\u201c.<\/li><li>Pirkinius, kuri\u0173 vert\u0117 didesn\u0117 nei 100 eur\u0173, per \u201eInbank\u201c galima atsiskaityti dalimis iki 72 m\u0117nesi\u0173.<\/li><\/ul><p>Pastaba! Mokant banko nuoroda, b\u016btinai banko puslapyje spustel\u0117kite mygtuk\u0105 \u201eGr\u012f\u017eti pas pardav\u0117j\u0105\u201c.<\/p><p>Mok\u0117jimai atliekami <a href=\"https:\/\/montonio.ee\/\" target=\"_blank\" rel=\"noopener\">Montonio Finance UAB<\/a>. Mok\u0117jimas atliekamas ne Internetin\u0117je parduotuv\u0117je saugioje aplinkoje \u2013 atsiskaitant banko nuoroda \u2013 atitinkamo banko saugioje aplinkoje, o atsiskaitant kreditine kortele \u2013 UAB \u201eMontonio Finance\u201c saugioje aplinkoje. Pardav\u0117jas neturi prieigos prie kliento banko ir kreditin\u0117s kortel\u0117s duomen\u0173. Sutartis \u012fsigalioja, kai mok\u0117tina suma \u012fskaitoma \u012f Internetin\u0117s parduotuv\u0117s atsiskaitom\u0105j\u0105 s\u0105skait\u0105.<\/p><p>\u201eEcoshop.ee\u201c si\u016blo galimyb\u0119 gauti elektronin\u0119 s\u0105skait\u0105 fakt\u016br\u0105 u\u017e pirkin\u012f. Tai ypa\u010d svarbu vie\u0161ojo sektoriaus \u012fstaigoms (savivaldyb\u0117ms, dar\u017eeliams, mokykloms ir kt.), kur \u012fprastos s\u0105skaitos fakt\u016bros nepriimamos. Jei norite gauti elektronin\u0119 s\u0105skait\u0105 fakt\u016br\u0105, pra\u0161ome pateikti u\u017esakym\u0105 \u0161iuo el. pa\u0161to adresu: <a class=\"underline underline underline-offset-2 decoration-1 decoration-current\/40 hover:decoration-current focus:decoration-current\" href=\"mailto:info@ecoshop.ee\">info@ecoshop.ee<\/a>. El. lai\u0161ke b\u016btinai para\u0161ykite, kokias prekes ir kok\u012f kiek\u012f norite u\u017esisakyti, taip pat nurodykite \u012fstaigos, gaunan\u010dios e. s\u0105skait\u0105 fakt\u016br\u0105, duomenis ir pristatymo adres\u0105.<\/p><p>Internetin\u0117s parduotuv\u0117s savininkas yra asmens duomen\u0173 valdytojas ir perduoda mok\u0117jimams atlikti reikalingus asmens duomenis \u012fgaliotajam tvarkytojui UAB \u201eMontonio Finance\u201c.<\/p><p>Jei u\u017esakyt\u0173 preki\u0173 pristatyti negalima d\u0117l to, kad preki\u0173 n\u0117ra sand\u0117lyje ar d\u0117l kitos prie\u017easties, pirk\u0117jas bus informuotas kuo skubiau ir sumok\u0117ti pinigai (\u012fskaitant preki\u0173 pristatymo i\u0161laidas) gr\u0105\u017einti, bet ne v\u0117liau kaip per 14 dien\u0173 nuo prane\u0161imo i\u0161siuntimo.<\/p>\t\t\t\t\t\t\t\t<\/div>\n\t\t\t\t<div class=\"elementor-element elementor-element-3f10d38 elementor-widget elementor-widget-spacer\" data-id=\"3f10d38\" data-element_type=\"widget\" data-widget_type=\"spacer.default\">\n\t\t\t\t\t\t\t<div class=\"elementor-spacer\">\n\t\t\t<div class=\"elementor-spacer-inner\"><\/div>\n\t\t<\/div>\n\t\t\t\t\t\t<\/div>\n\t\t\t\t<div class=\"elementor-element elementor-element-28670ec elementor-widget elementor-widget-heading\" data-id=\"28670ec\" data-element_type=\"widget\" data-widget_type=\"heading.default\">\n\t\t\t\t\t<h2 class=\"elementor-heading-title elementor-size-default\">Pristatymas<\/h2>\t\t\t\t<\/div>\n\t\t\t\t<div class=\"elementor-element elementor-element-84ae915 elementor-widget elementor-widget-spacer\" data-id=\"84ae915\" data-element_type=\"widget\" data-widget_type=\"spacer.default\">\n\t\t\t\t\t\t\t<div class=\"elementor-spacer\">\n\t\t\t<div class=\"elementor-spacer-inner\"><\/div>\n\t\t<\/div>\n\t\t\t\t\t\t<\/div>\n\t\t\t\t<div class=\"elementor-element elementor-element-91219f9 elementor-widget elementor-widget-text-editor\" data-id=\"91219f9\" data-element_type=\"widget\" data-widget_type=\"text-editor.default\">\n\t\t\t\t\t\t\t\t\t<p>Prek\u0117s siun\u010diamos \u012f \u0161ias \u0161alis: Estij\u0105<\/p><p>Pirk\u0117jas gali atsiimti prekes \u0161iais b\u016bdais: visuose \u201eSmartpost\u201c, \u201eDPD\u201c ir \u201eOmniva\u201c siunt\u0173 automatuose visoje Estijoje. Be to, prekes taip pat galima u\u017esisakyti \u012f namus su \u201eVenipak\u201c kurjeriu.<\/p><p>Pirk\u0117jas padengia preki\u0173 siuntimo i\u0161laidas, o atitinkama informacija apie kain\u0105 rodoma \u0161alia siuntimo b\u016bdo.<\/p><p>Siuntos Estijoje paprastai pristatomos \u012f pirk\u0117jo nurodyt\u0105 viet\u0105 per tris darbo dienas nuo pirkimo-pardavimo sutarties \u012fsigaliojimo.<\/p><p>I\u0161imtiniais atvejais internetin\u0117 parduotuv\u0117 turi teis\u0119 pristatyti prekes klientui v\u0117liau nei nurodyta auk\u0161\u010diau nurodytame laikotarpyje. Prie\u017eastys gali b\u016bti netik\u0117tas kurjeri\u0173 \u012fmoni\u0173 perkrovimas, darbuotoj\u0173 liga ar nebuvimas d\u0117l asmenini\u0173 prie\u017eas\u010di\u0173.<\/p><p>I\u0161imtiniais atvejais internetin\u0117 parduotuv\u0117 turi teis\u0119 atsisakyti pristatyti prekes. Prie\u017eastis gali b\u016bti didesn\u0117 nei \u012fprasta pristatymo kaina, pavyzd\u017eiui, pristatymas \u012f salas. Tokiais atvejais mes taikysime papildom\u0105 mokest\u012f u\u017e pristatym\u0105 arba at\u0161auksime u\u017esakym\u0105 ir gr\u0105\u017einsime pinigus.<\/p>\t\t\t\t\t\t\t\t<\/div>\n\t\t\t\t<div class=\"elementor-element elementor-element-6ef61f2 elementor-widget elementor-widget-spacer\" data-id=\"6ef61f2\" data-element_type=\"widget\" data-widget_type=\"spacer.default\">\n\t\t\t\t\t\t\t<div class=\"elementor-spacer\">\n\t\t\t<div class=\"elementor-spacer-inner\"><\/div>\n\t\t<\/div>\n\t\t\t\t\t\t<\/div>\n\t\t\t\t<div class=\"elementor-element elementor-element-7808d2b elementor-widget elementor-widget-heading\" data-id=\"7808d2b\" data-element_type=\"widget\" data-widget_type=\"heading.default\">\n\t\t\t\t\t<h2 class=\"elementor-heading-title elementor-size-default\">At\u0161aukimo teis\u0117<\/h2>\t\t\t\t<\/div>\n\t\t\t\t<div class=\"elementor-element elementor-element-d8b4c38 elementor-widget elementor-widget-spacer\" data-id=\"d8b4c38\" data-element_type=\"widget\" data-widget_type=\"spacer.default\">\n\t\t\t\t\t\t\t<div class=\"elementor-spacer\">\n\t\t\t<div class=\"elementor-spacer-inner\"><\/div>\n\t\t<\/div>\n\t\t\t\t\t\t<\/div>\n\t\t\t\t<div class=\"elementor-element elementor-element-0d328a4 elementor-widget elementor-widget-text-editor\" data-id=\"0d328a4\" data-element_type=\"widget\" data-widget_type=\"text-editor.default\">\n\t\t\t\t\t\t\t\t\t<p>Gav\u0119s u\u017esakym\u0105, pirk\u0117jas turi teis\u0119 per 14 dien\u0173 atsisakyti internetin\u0117je parduotuv\u0117je sudarytos sutarties.<\/p>\n<p>At\u0161aukimo teis\u0117 netaikoma, jei pirk\u0117jas yra juridinis asmuo.<\/p>\n<p>Norint pasinaudoti 14 dien\u0173 gr\u0105\u017einimo teise, u\u017esakytos prek\u0117s negali b\u016bti naudojamos jokiu kitu b\u016bdu, i\u0161skyrus tai, kas b\u016btina norint patikrinti preki\u0173 pob\u016bd\u012f, savybes ir veikim\u0105 taip, kaip leid\u017eiama i\u0161bandyti prekes fizin\u0117je parduotuv\u0117je.<\/p>\n<p>Gr\u0105\u017einimo teis\u0117 netaikoma prek\u0117ms su atidaryta arba pa\u017eeista prek\u0117s pakuote. Gr\u0105\u017einamos prek\u0117s turi b\u016bti i\u0161laikiusios originali\u0105 i\u0161vaizd\u0105 ir jokiu b\u016bdu nepa\u017eeistos. Jei turinys ar prek\u0117s pakuot\u0117 pa\u017eeisti d\u0117l laikymo s\u0105lyg\u0173 ar kit\u0173 su tvarkymu susijusi\u0173 prie\u017eas\u010di\u0173, gr\u0105\u017einimo teis\u0117 nebegalioja. \u0160vie\u017ei\u0173 maisto produkt\u0173, kuri\u0173 galiojimo laikas trumpas, ir produkt\u0173, kuri\u0173 galiojimo laikas pasibaig\u0119s, gr\u0105\u017einti po pristatymo draud\u017eiama.<\/p>\n<p>Nor\u0117dami gr\u0105\u017einti prekes, turite pateikti atsisakymo form\u0105, naudodami&nbsp;<a href=\"http:\/\/ecoshop.ee\/lt\/kontaktas\/\">kontaktin\u0117 forma<\/a> arba i\u0161si\u0173sdami el. lai\u0161k\u0105 adresu info@ecoshop.ee ne v\u0117liau kaip per 14 dien\u0173 nuo preki\u0173 gavimo. Parai\u0161koje nurodykite, kuriuos produktus norite at\u0161aukti, savo u\u017esakymo numer\u012f ir kontaktinius duomenis; tuomet galite gr\u0105\u017einti prekes pasirinktu pa\u0161tomatu. Gr\u0105\u017einam\u0105 prek\u0119 used reikia si\u0173sti \u012f \u201eRimi\u201c pa\u0161tomat\u0105 Tartu Rebase.<\/p>\n<p>Pardav\u0117jas padengs preki\u0173 gr\u0105\u017einimo i\u0161laidas, ta\u010diau tik tuo atveju, jei gr\u0105\u017einimas buvo i\u0161 anksto suderintas su pardav\u0117ju ir suma nevir\u0161ija kainora\u0161tyje pardavimo metu nurodytos siuntimo kainos. Pirk\u0117jas padengs neteisingai gr\u0105\u017eintos prek\u0117s arba su per didel\u0117mis gr\u0105\u017einimo i\u0161laidomis gr\u0105\u017eintos prek\u0117s gr\u0105\u017einimo i\u0161laidas, o \u0161ios i\u0161laidos bus i\u0161skai\u010diuotos i\u0161 gr\u0105\u017einamos sumos.<\/p>\n<p>Pirk\u0117jas privalo gr\u0105\u017einti prekes per 14 dien\u0173 nuo pra\u0161ymo pateikimo arba pateikti \u012frodym\u0105, kad perdav\u0117 prekes ve\u017e\u0117jui per pirmiau nurodyt\u0105 laikotarp\u012f.<\/p>\n<p>Internetin\u0117 parduotuv\u0117 gr\u0105\u017eins visus pirk\u0117jo pagal sutart\u012f gautus mokes\u010dius gavusi gr\u0105\u017eintas prekes, bet ne v\u0117liau kaip per 14 dien\u0173 nuo atsisakymo formos gavimo dienos.<\/p>\n<p>Internetin\u0117 parduotuv\u0117 gali atsisakyti gr\u0105\u017einti pinigus, kol negaus prek\u0117s, kuri yra sutarties objektas.<\/p>\n<p>Jei pirk\u0117jas ai\u0161kiai pasirinko kitok\u012f nei pigiausias standartinis Internetin\u0117s parduotuv\u0117s si\u016blomas pristatymo b\u016bdas, Internetin\u0117 parduotuv\u0117 neprivalo gr\u0105\u017einti vartotojui joki\u0173 i\u0161laid\u0173, vir\u0161ijan\u010di\u0173 su standartiniu pristatymo b\u016bdu susijusias i\u0161laidas.<\/p>\n<p>Internetin\u0117 parduotuv\u0117 turi teis\u0119 atsisakyti pirkimo-pardavimo sandorio ir pareikalauti i\u0161 pirk\u0117jo gr\u0105\u017einti prekes, jei d\u0117l klaidos internetin\u0117je parduotuv\u0117je nurodyta preki\u0173 kaina yra \u017eymiai ma\u017eesn\u0117 u\u017e rinkos kain\u0105 arba jei per klaid\u0105 buvo i\u0161si\u0173sta netinkama prek\u0117.<\/p>\t\t\t\t\t\t\t\t<\/div>\n\t\t\t\t<div class=\"elementor-element elementor-element-cc8d126 elementor-widget elementor-widget-spacer\" data-id=\"cc8d126\" data-element_type=\"widget\" data-widget_type=\"spacer.default\">\n\t\t\t\t\t\t\t<div class=\"elementor-spacer\">\n\t\t\t<div class=\"elementor-spacer-inner\"><\/div>\n\t\t<\/div>\n\t\t\t\t\t\t<\/div>\n\t\t\t\t<div class=\"elementor-element elementor-element-106bd13 elementor-widget elementor-widget-heading\" data-id=\"106bd13\" data-element_type=\"widget\" data-widget_type=\"heading.default\">\n\t\t\t\t\t<h2 class=\"elementor-heading-title elementor-size-default\">Teis\u0117 pateikti ie\u0161kin\u012f<\/h2>\t\t\t\t<\/div>\n\t\t\t\t<div class=\"elementor-element elementor-element-468f5fd elementor-widget elementor-widget-spacer\" data-id=\"468f5fd\" data-element_type=\"widget\" data-widget_type=\"spacer.default\">\n\t\t\t\t\t\t\t<div class=\"elementor-spacer\">\n\t\t\t<div class=\"elementor-spacer-inner\"><\/div>\n\t\t<\/div>\n\t\t\t\t\t\t<\/div>\n\t\t\t\t<div class=\"elementor-element elementor-element-51aa5ca elementor-widget elementor-widget-text-editor\" data-id=\"51aa5ca\" data-element_type=\"widget\" data-widget_type=\"text-editor.default\">\n\t\t\t\t\t\t\t\t\t<p>Internetin\u0117 parduotuv\u0117 atsako u\u017e bet kok\u012f sutarties s\u0105lyg\u0173 nesilaikym\u0105 ar bet kok\u012f pirk\u0117jui parduot\u0173 preki\u0173 defekt\u0105, kuris jau egzistavo pristatymo metu ir kuris paai\u0161k\u0117ja atliekant pirmin\u012f preki\u0173 patikrinim\u0105 ne v\u0117liau kaip per dvi savaites nuo preki\u0173 pristatymo pirk\u0117jui.<\/p><p>Pirk\u0117jas turi teis\u0119 per dvi savaites nuo defekto pasteb\u0117jimo susisiekti su internetine parduotuve, i\u0161si\u0173sdamas el. lai\u0161k\u0105 adresu info@ecoshop.ee arba paskambindamas telefonu +372 5555 1911.<\/p><p>Internetin\u0117 parduotuv\u0117 neatsako u\u017e tr\u016bkumus, atsiradusius po to, kai prek\u0117s buvo pristatytos pirk\u0117jui.<\/p><p>Jei internetin\u0117je parduotuv\u0117je \u012fsigyta prek\u0117 turi defekt\u0105, u\u017e kur\u012f atsakinga internetin\u0117 parduotuv\u0117, internetin\u0117 parduotuv\u0117 pataisys arba pakeis defektin\u0119 prek\u0119. Jei prek\u0117s ne\u012fmanoma pataisyti ar pakeisti, internetin\u0117 parduotuv\u0117 gr\u0105\u017eins pirk\u0117jui visus su pirkimo-pardavimo sutartimi susijusius mokes\u010dius.<\/p><p>Internetin\u0117 parduotuv\u0117 \u012f vartotojo pateikt\u0105 skund\u0105 atsakys ra\u0161tu arba tokia forma, kuri\u0105 galima atkurti ra\u0161tu, per 14 dien\u0173.<\/p>\t\t\t\t\t\t\t\t<\/div>\n\t\t\t\t<div class=\"elementor-element elementor-element-7449fef elementor-widget elementor-widget-spacer\" data-id=\"7449fef\" data-element_type=\"widget\" data-widget_type=\"spacer.default\">\n\t\t\t\t\t\t\t<div class=\"elementor-spacer\">\n\t\t\t<div class=\"elementor-spacer-inner\"><\/div>\n\t\t<\/div>\n\t\t\t\t\t\t<\/div>\n\t\t\t\t<div class=\"elementor-element elementor-element-738c776 elementor-widget elementor-widget-heading\" data-id=\"738c776\" data-element_type=\"widget\" data-widget_type=\"heading.default\">\n\t\t\t\t\t<h2 class=\"elementor-heading-title elementor-size-default\">Tiesiogin\u0117 rinkodara ir asmens duomen\u0173 tvarkymas\n\n<\/h2>\t\t\t\t<\/div>\n\t\t\t\t<div class=\"elementor-element elementor-element-6d4134b elementor-widget elementor-widget-spacer\" data-id=\"6d4134b\" data-element_type=\"widget\" data-widget_type=\"spacer.default\">\n\t\t\t\t\t\t\t<div class=\"elementor-spacer\">\n\t\t\t<div class=\"elementor-spacer-inner\"><\/div>\n\t\t<\/div>\n\t\t\t\t\t\t<\/div>\n\t\t\t\t<div class=\"elementor-element elementor-element-ff837cb elementor-widget elementor-widget-text-editor\" data-id=\"ff837cb\" data-element_type=\"widget\" data-widget_type=\"text-editor.default\">\n\t\t\t\t\t\t\t\t\t<p>Internetin\u0117 parduotuv\u0117 pirk\u0117jo \u012fvestus asmens duomenis naudoja tik u\u017esakymui apdoroti ir prek\u0117ms pirk\u0117jui i\u0161si\u0173sti. Internetin\u0117 parduotuv\u0117 perduoda asmens duomenis siuntimo paslaug\u0105 teikian\u010diai \u012fmonei, kad gal\u0117t\u0173 pristatyti prekes.<\/p><p>Internetin\u0117 parduotuv\u0117 si\u0173s naujienlai\u0161kius ir pasi\u016blymus pirk\u0117jo el. pa\u0161to adresu tik tuo atveju, jei pirk\u0117jas i\u0161rei\u0161k\u0117 nor\u0105 tai daryti, \u012fvesdamas savo el. pa\u0161to adres\u0105 svetain\u0117je ir nurod\u0117, kad nori gauti prane\u0161imus tiesiogine pa\u0161to \u017einute.<\/p><p>Pirk\u0117jas bet kuriuo metu gali atsisakyti pasi\u016blym\u0173 ir naujienlai\u0161ki\u0173, siun\u010diam\u0173 \u012f jo el. pa\u0161to adres\u0105, prane\u0161damas mums el. pa\u0161tu arba vadovaudamasis instrukcijomis, pateiktomis el. lai\u0161ke su pasi\u016blymais.<\/p>\t\t\t\t\t\t\t\t<\/div>\n\t\t\t\t<div class=\"elementor-element elementor-element-d75b36a elementor-widget elementor-widget-spacer\" data-id=\"d75b36a\" data-element_type=\"widget\" data-widget_type=\"spacer.default\">\n\t\t\t\t\t\t\t<div class=\"elementor-spacer\">\n\t\t\t<div class=\"elementor-spacer-inner\"><\/div>\n\t\t<\/div>\n\t\t\t\t\t\t<\/div>\n\t\t\t\t<div class=\"elementor-element elementor-element-a19a87a elementor-widget elementor-widget-heading\" data-id=\"a19a87a\" data-element_type=\"widget\" data-widget_type=\"heading.default\">\n\t\t\t\t\t<h2 class=\"elementor-heading-title elementor-size-default\">Gin\u010d\u0173 sprendimas<\/h2>\t\t\t\t<\/div>\n\t\t\t\t<div class=\"elementor-element elementor-element-f381710 elementor-widget elementor-widget-spacer\" data-id=\"f381710\" data-element_type=\"widget\" data-widget_type=\"spacer.default\">\n\t\t\t\t\t\t\t<div class=\"elementor-spacer\">\n\t\t\t<div class=\"elementor-spacer-inner\"><\/div>\n\t\t<\/div>\n\t\t\t\t\t\t<\/div>\n\t\t\t\t<div class=\"elementor-element elementor-element-6f10c97 elementor-widget elementor-widget-text-editor\" data-id=\"6f10c97\" data-element_type=\"widget\" data-widget_type=\"text-editor.default\">\n\t\t\t\t\t\t\t\t\t<p>Jei pirk\u0117jas turi nusiskundim\u0173 d\u0117l internetin\u0117s parduotuv\u0117s, jie turi b\u016bti siun\u010diami el. pa\u0161tu adresu info@ecoshop.ee arba telefonu: +372 5555 1911.<\/p><p>Jei pirk\u0117jas ir Internetin\u0117 parduotuv\u0117 negali i\u0161spr\u0119sti gin\u010do susitarimu, pirk\u0117jas gali kreiptis \u012f Vartotoj\u0173 gin\u010d\u0173 komisij\u0105. Galite per\u017ei\u016br\u0117ti proced\u016brines s\u0105lygas ir pateikti pra\u0161ym\u0105.\u00a0<a href=\"https:\/\/ttja.ee\/tarbijavaidluste-komisjon\">\u010dia<\/a>. Vartotoj\u0173 gin\u010d\u0173 komitetas yra kompetentingas spr\u0119sti gin\u010dus, kylan\u010dius i\u0161 pirk\u0117jo ir internetin\u0117s parduotuv\u0117s sudarytos sutarties. Pirk\u0117jo skundo nagrin\u0117jimas komitete yra nemokamas.<\/p><p>Pirk\u0117jas gali kreiptis \u012f Europos S\u0105jungos vartotoj\u0173 gin\u010d\u0173 sprendimo platform\u0105\u00a0<a href=\"https:\/\/ec.europa.eu\/consumers\/odr\/main\/index.cfm?event=main.home2.show&amp;lng=ET\" target=\"_blank\" rel=\"noopener noreferrer\">pus\u0117<\/a>.<\/p>\t\t\t\t\t\t\t\t<\/div>\n\t\t\t\t<div class=\"elementor-element elementor-element-91a246b elementor-widget elementor-widget-spacer\" data-id=\"91a246b\" data-element_type=\"widget\" data-widget_type=\"spacer.default\">\n\t\t\t\t\t\t\t<div class=\"elementor-spacer\">\n\t\t\t<div class=\"elementor-spacer-inner\"><\/div>\n\t\t<\/div>\n\t\t\t\t\t\t<\/div>\n\t\t\t\t<div class=\"elementor-element elementor-element-6ad361c elementor-widget elementor-widget-text-editor\" data-id=\"6ad361c\" data-element_type=\"widget\" data-widget_type=\"text-editor.default\">\n\t\t\t\t\t\t\t\t\t<p>Paskutin\u012f kart\u0105 atnaujinta: 2025-12-28<\/p>\t\t\t\t\t\t\t\t<\/div>\n\t\t\t\t\t<\/div>\n\t\t\t\t<\/div>\n\t\t\t\t<\/div>","protected":false},"excerpt":{"rendered":"<p>Veebipoe m\u00fc\u00fcgitingimused Veebipoe ecoshop.ee omanik on PlantBased O\u00dc (registrikood 17045194). M\u00fc\u00fcgilepingu kehtivus, kauba- ja hinnainfo M\u00fc\u00fcgitingimused kehtivad Veebipoest kaupade ostmisel. Veebipoes m\u00fc\u00fcdavate&hellip;<\/p>","protected":false},"author":1,"featured_media":0,"parent":0,"menu_order":0,"comment_status":"closed","ping_status":"closed","template":"","meta":{"wprm-recipe-roundup-name":"","wprm-recipe-roundup-description":"","footnotes":""},"class_list":["post-3487","page","type-page","status-publish","hentry"],"aioseo_notices":[],"_links":{"self":[{"href":"https:\/\/ecoshop.ee\/lt\/wp-json\/wp\/v2\/pages\/3487","targetHints":{"allow":["GET"]}}],"collection":[{"href":"https:\/\/ecoshop.ee\/lt\/wp-json\/wp\/v2\/pages"}],"about":[{"href":"https:\/\/ecoshop.ee\/lt\/wp-json\/wp\/v2\/types\/page"}],"author":[{"embeddable":true,"href":"https:\/\/ecoshop.ee\/lt\/wp-json\/wp\/v2\/users\/1"}],"replies":[{"embeddable":true,"href":"https:\/\/ecoshop.ee\/lt\/wp-json\/wp\/v2\/comments?post=3487"}],"version-history":[{"count":0,"href":"https:\/\/ecoshop.ee\/lt\/wp-json\/wp\/v2\/pages\/3487\/revisions"}],"wp:attachment":[{"href":"https:\/\/ecoshop.ee\/lt\/wp-json\/wp\/v2\/media?parent=3487"}],"curies":[{"name":"wp","href":"https:\/\/api.w.org\/{rel}","templated":true}]}}