{"id":10084,"date":"2024-12-05T23:30:22","date_gmt":"2024-12-05T20:30:22","guid":{"rendered":"https:\/\/ecoshop.ee\/?post_type=product&#038;p=10084"},"modified":"2026-05-11T23:17:32","modified_gmt":"2026-05-11T20:17:32","slug":"veganiskas-multivitamiin-vaikams-n60","status":"publish","type":"product","link":"https:\/\/ecoshop.ee\/lt\/vegan-toidulisandid\/vegan-multivitamiin-lastele-n60\/","title":{"rendered":"Multi1TP169 Vaikams skirtas skardinis buteliukas, N60"},"content":{"rendered":"<p><strong>Kasdien\u0117s sveikatos tablet\u0117s \u2013 18 b\u016btiniausi\u0173 vitamin\u0173 ir mineral\u0173.<\/strong><\/p>\n<p>Palaikykite sveik\u0105 savo vaiko augim\u0105 ir vystym\u0105si su vegani\u0161kais multivitaminais, specialiai sukurtais vaikams! Vaikams skirtas \u201eMultiVit\u201c sud\u0117tyje yra 18 b\u016btin\u0173 maistini\u0173 med\u017eiag\u0173, \u012fskaitant vitaminus A, C, D3, E, K2 ir B kompleks\u0105, taip pat folio r\u016bg\u0161t\u012f, gele\u017e\u012f ir cink\u0105. \u0160ios maistin\u0117s med\u017eiagos palaiko imunin\u0119 sistem\u0105, energijos gamyb\u0105, koncentracij\u0105, kaul\u0173 stiprum\u0105 ir aki\u0173 sveikat\u0105. Mink\u0161tos bra\u0161ki\u0173 ir vanil\u0117s skonio tablet\u0117s yra skanios ir smagios, kad b\u016bt\u0173 sveika.<\/p>\n<p><strong>Pagrindiniai privalumai:<\/strong><\/p>\n<ul>\n<li><strong>Imunin\u0117s sistemos palaikymas:<\/strong> Vitaminai C, D3 ir cinkas stiprina j\u016bs\u0173 vaiko imunitet\u0105, padeda i\u0161laikyti j\u012f sveik\u0105 ir atspar\u0173.<\/li>\n<li><strong>Augimas ir vystymasis:<\/strong> Vitaminai A, D3, K2 ir B kompleksas skatina kaul\u0173 vystym\u0105si, raumen\u0173 funkcij\u0105 ir bendr\u0105 augim\u0105. Gele\u017eis padeda palaikyti tinkam\u0105 gele\u017eies atsarg\u0173 palaikym\u0105 ir kognityvin\u012f vaik\u0173 vystym\u0105si.<\/li>\n<li><strong>Energijos kr\u016bvis:<\/strong> Vitaminai B-1TP170, \u012fskaitant B6 ir B12, bei folio r\u016bg\u0161tis padeda maist\u0105 paversti energija, tod\u0117l j\u016bs\u0173 vaikas i\u0161lieka aktyvus vis\u0105 dien\u0105.<\/li>\n<li><strong>Smegen\u0173 veiklos palaikymas:<\/strong> Vitaminas E ir gele\u017eis padeda susikaupti ir vystytis smegenims, padeda vaikams i\u0161likti budriems mokykloje ir \u017eaid\u017eiant.<\/li>\n<li><strong>Vir\u0161kinimo sveikata:<\/strong> Inulinas padeda vir\u0161kinti ir ma\u017eina viduri\u0173 u\u017ekiet\u0117jim\u0105, pad\u0117damas geriau \u012fsisavinti maistines med\u017eiagas.<\/li>\n<li><strong>Sveika oda ir reg\u0117jimas:<\/strong> Vitaminas A padeda palaikyti sveik\u0105 od\u0105, o vitaminas E \u2013 aki\u0173 sveikat\u0105.<\/li>\n<\/ul>\n<p><strong>Kod\u0117l verta rinktis vaikams skirt\u0105 \u201eMultiVit\u201c?<\/strong><\/p>\n<ul>\n<li><strong>Vegani\u0161ka ir veiksminga sud\u0117tis:<\/strong> Sud\u0117tyje yra kruop\u0161\u010diai atrinkt\u0173 auk\u0161tos kokyb\u0117s maistini\u0173 med\u017eiag\u0173, \u012fskaitant D3 (cholekalciferol\u012f), K2 (MK-7), folio r\u016bg\u0161t\u012f (5-MTHF) ir gele\u017e\u012f (gele\u017eies fumarat\u0105), kurios u\u017etikrina geriausi\u0105 \u012fsisavinim\u0105.<\/li>\n<li><strong>Grynas ir nat\u016bralus:<\/strong> Be cukraus, be dirbtini\u0173 da\u017eikli\u0173 ar konservant\u0173.<\/li>\n<li><strong>Skaniai skanu:<\/strong> Bra\u0161ki\u0173 ir vanil\u0117s skonis paver\u010dia vitamines vartojim\u0105 maloniu kasdieniu \u012fpro\u010diu.<\/li>\n<\/ul>\n<p>Vegetology Kids MultiVit \u2013 paprastas b\u016bdas palaikyti vaiko sveikat\u0105 ir vystym\u0105si!<\/p>\n<p>&nbsp;<\/p>\n<p><iframe title=\"Atraskite geriausi\u0105 vaikams skirt\u0105 \u201eMultivitamin\u201c skardin\u0119: didelio stiprumo, puikaus skonio, joki\u0173 kompromis\u0173!\" width=\"1160\" height=\"653\" src=\"https:\/\/www.youtube.com\/embed\/ZWGR_kQs8Do?feature=oembed\" frameborder=\"0\" allow=\"accelerometer; autoplay; clipboard-write; encrypted-media; gyroscope; picture-in-picture; web-share\" referrerpolicy=\"strict-origin-when-cross-origin\" allowfullscreen><\/iframe><\/p>","protected":false},"excerpt":{"rendered":"<p>N\u00e4rimistabletid igap\u00e4evaseks terviseks \u2013 18 olulist vitamiini ja mineraali. Toeta oma lapse tervislikku kasvu ja arengut spetsiaalselt lastele loodud Vegetology vegan multivitamiiniga!&hellip;<\/p>","protected":false},"featured_media":10093,"comment_status":"open","ping_status":"closed","template":"","meta":{"wprm-recipe-roundup-name":"","wprm-recipe-roundup-description":""},"product_brand":[12063],"product_cat":[318],"product_tag":[534,335],"class_list":{"0":"post-10084","1":"product","2":"type-product","3":"status-publish","4":"has-post-thumbnail","6":"product_brand-vegetology","7":"product_cat-vegan-toidulisandid","8":"product_tag-laste","9":"product_tag-multivitamiin","10":"j79_wcxd_expiry_type-best-before","12":"first","13":"instock","14":"taxable","15":"shipping-taxable","16":"purchasable","17":"product-type-simple"},"supplier_id":9147,"supplier_sku":"","barcode":"5060351380768","atum_controlled":true,"out_stock_date":null,"out_stock_threshold":null,"inheritable":false,"inbound_stock":0,"stock_on_hold":0,"sold_today":0,"sales_last_days":4,"reserved_stock":0,"customer_returns":0,"warehouse_damage":0,"lost_in_post":0,"other_logs":0,"out_stock_days":0,"lost_sales":0,"has_location":false,"update_date":"2026-05-12T21:04:38","atum_locations":[],"atum_stock_status":"instock","restock_status":true,"low_stock_amount":"","sales_update_date":"2026-05-12T21:04:38","calc_backorders":null,"aioseo_notices":[],"_links":{"self":[{"href":"https:\/\/ecoshop.ee\/lt\/wp-json\/wp\/v2\/product\/10084","targetHints":{"allow":["GET"]}}],"collection":[{"href":"https:\/\/ecoshop.ee\/lt\/wp-json\/wp\/v2\/product"}],"about":[{"href":"https:\/\/ecoshop.ee\/lt\/wp-json\/wp\/v2\/types\/product"}],"replies":[{"embeddable":true,"href":"https:\/\/ecoshop.ee\/lt\/wp-json\/wp\/v2\/comments?post=10084"}],"version-history":[{"count":0,"href":"https:\/\/ecoshop.ee\/lt\/wp-json\/wp\/v2\/product\/10084\/revisions"}],"wp:featuredmedia":[{"embeddable":true,"href":"https:\/\/ecoshop.ee\/lt\/wp-json\/wp\/v2\/media\/10093"}],"wp:attachment":[{"href":"https:\/\/ecoshop.ee\/lt\/wp-json\/wp\/v2\/media?parent=10084"}],"wp:term":[{"taxonomy":"product_brand","embeddable":true,"href":"https:\/\/ecoshop.ee\/lt\/wp-json\/wp\/v2\/product_brand?post=10084"},{"taxonomy":"product_cat","embeddable":true,"href":"https:\/\/ecoshop.ee\/lt\/wp-json\/wp\/v2\/product_cat?post=10084"},{"taxonomy":"product_tag","embeddable":true,"href":"https:\/\/ecoshop.ee\/lt\/wp-json\/wp\/v2\/product_tag?post=10084"}],"curies":[{"name":"wp","href":"https:\/\/api.w.org\/{rel}","templated":true}]}}