{"id":105230,"date":"2025-04-09T13:33:51","date_gmt":"2025-04-09T11:33:51","guid":{"rendered":"https:\/\/ecoshop.ee\/?post_type=product&#038;p=105230"},"modified":"2025-04-24T00:15:56","modified_gmt":"2025-04-23T21:15:56","slug":"zoleliu-smilkalu-kugis-su-krintanciais-dumaisused-citrinzoles-citroneles","status":"publish","type":"product","link":"https:\/\/ecoshop.ee\/lt\/viirukid\/taimsed-langeva-suitsuga-viirukikoonused-sidrunhein-tsitronella\/","title":{"rendered":"\u017doleli\u0173 smilkal\u0173 lazdel\u0117s su krintan\u010diais d\u016bmais used \u2013 citrin\u017eol\u0117s ir citronel\u0117s"},"content":{"rendered":"<p class=\"\" data-start=\"145\" data-end=\"386\">Rank\u0173 darbo smilkalinis k\u016bgis used, kuris sukuria kerint\u012f d\u016bm\u0173 \u010diurk\u0161l\u0117s efekt\u0105 krintant d\u016bmams. Pasi\u017eymi stipresne kvap\u0173 koncentracija, u\u017etikrinan\u010dia intensyv\u0173 ir ilgai i\u0161liekant\u012f aromat\u0105. Tinka naudoti su krintan\u010dio d\u016bmo smilkalais. Nat\u016bralus citrin\u017eol\u0117s ir citrin\u017eol\u0117s kvapas sukuria maloni\u0105 atmosfer\u0105 ir padeda atbaidyti uodus.<\/p>\n<ul>\n<li data-start=\"388\" data-end=\"608\">Pagaminta i\u0161 auk\u0161tos kokyb\u0117s augalini\u0173 med\u017eiag\u0173 ir derv\u0173<\/li>\n<li data-start=\"388\" data-end=\"608\">Degimo laikas apie 30 minu\u010di\u0173<\/li>\n<li data-start=\"388\" data-end=\"608\">Kiekis pakuot\u0117je: ~12 vienet\u0173<\/li>\n<\/ul>","protected":false},"excerpt":{"rendered":"<p>K\u00e4sitsi valmistatud viirukikoonused, mis loovad lummava suitsujugaefekti langeva suitsuga. Tugevama l\u00f5hnakontsentratsiooniga, mis tagab intensiivse ja kauakestva aroomi. Sobivad kasutamiseks langeva-suitsu viiruki p\u00f5letitega.&hellip;<\/p>","protected":false},"featured_media":105233,"comment_status":"open","ping_status":"closed","template":"","meta":{"wprm-recipe-roundup-name":"","wprm-recipe-roundup-description":""},"product_brand":[],"product_cat":[5751],"product_tag":[5752,5753],"class_list":{"0":"post-105230","1":"product","2":"type-product","3":"status-publish","4":"has-post-thumbnail","6":"product_cat-viirukid","7":"product_tag-langeva-suitsuga","8":"product_tag-viiruk","10":"first","11":"instock","12":"taxable","13":"shipping-taxable","14":"purchasable","15":"product-type-simple"},"supplier_id":105232,"supplier_sku":"","barcode":"5028691464234","atum_controlled":true,"out_stock_date":null,"out_stock_threshold":null,"inheritable":false,"inbound_stock":0,"stock_on_hold":0,"sold_today":0,"sales_last_days":0,"reserved_stock":0,"customer_returns":0,"warehouse_damage":0,"lost_in_post":0,"other_logs":0,"out_stock_days":0,"lost_sales":0,"has_location":false,"update_date":"2026-03-07T01:16:04","atum_locations":[],"atum_stock_status":"instock","restock_status":false,"low_stock_amount":"","sales_update_date":"2026-03-07T01:16:04","calc_backorders":null,"aioseo_notices":[],"_links":{"self":[{"href":"https:\/\/ecoshop.ee\/lt\/wp-json\/wp\/v2\/product\/105230","targetHints":{"allow":["GET"]}}],"collection":[{"href":"https:\/\/ecoshop.ee\/lt\/wp-json\/wp\/v2\/product"}],"about":[{"href":"https:\/\/ecoshop.ee\/lt\/wp-json\/wp\/v2\/types\/product"}],"replies":[{"embeddable":true,"href":"https:\/\/ecoshop.ee\/lt\/wp-json\/wp\/v2\/comments?post=105230"}],"version-history":[{"count":0,"href":"https:\/\/ecoshop.ee\/lt\/wp-json\/wp\/v2\/product\/105230\/revisions"}],"wp:featuredmedia":[{"embeddable":true,"href":"https:\/\/ecoshop.ee\/lt\/wp-json\/wp\/v2\/media\/105233"}],"wp:attachment":[{"href":"https:\/\/ecoshop.ee\/lt\/wp-json\/wp\/v2\/media?parent=105230"}],"wp:term":[{"taxonomy":"product_brand","embeddable":true,"href":"https:\/\/ecoshop.ee\/lt\/wp-json\/wp\/v2\/product_brand?post=105230"},{"taxonomy":"product_cat","embeddable":true,"href":"https:\/\/ecoshop.ee\/lt\/wp-json\/wp\/v2\/product_cat?post=105230"},{"taxonomy":"product_tag","embeddable":true,"href":"https:\/\/ecoshop.ee\/lt\/wp-json\/wp\/v2\/product_tag?post=105230"}],"curies":[{"name":"wp","href":"https:\/\/api.w.org\/{rel}","templated":true}]}}