{"id":105253,"date":"2025-04-09T14:41:22","date_gmt":"2025-04-09T12:41:22","guid":{"rendered":"https:\/\/ecoshop.ee\/?post_type=product&#038;p=105253"},"modified":"2025-07-21T11:40:57","modified_gmt":"2025-07-21T08:40:57","slug":"genties-sielos-smilkalu-piktograma-su-krintanciais-dumaisused-murr","status":"publish","type":"product","link":"https:\/\/ecoshop.ee\/lt\/viirukid\/tribal-soul-langeva-suitsuga-viirukikoonused-murr\/","title":{"rendered":"Tribal Soul smilkal\u0173 k\u016bgis su krintan\u010diais d\u016bmaisused \u2013 Mira"},"content":{"rendered":"<p class=\"\" data-start=\"162\" data-end=\"616\">Mira yra nat\u016brali derva, gaunama i\u0161 <em data-start=\"200\" data-end=\"212\">Komifora<\/em> i\u0161 med\u017eio. Jis buvo naudojamas t\u016bkstan\u010dius met\u0173 kaip kvepalai, smilkalai ir vaistai. Mirra taip pat minima daugelyje senov\u0117s tekst\u0173, \u012fskaitant Biblij\u0105 ir Tor\u0105, kaip \u0161venta derva, padedanti susisiekti su auk\u0161tesne j\u0117ga. Mirra pasi\u017eymi valomosiomis ir apsaugin\u0117mis savyb\u0117misused, padedan\u010diomis skaidrinti prot\u0105 ir siel\u0105 bei skatinan\u010diomis dvasin\u0119 pusiausvyr\u0105. Jos \u0161iltas, a\u0161trus ir balzaminis kvapas skatina meditacij\u0105 ir vidin\u0119 ramyb\u0119.<\/p>\n<p class=\"\" data-start=\"618\" data-end=\"745\">Rank\u0173 darbo smilkalinis k\u016bgis used, sukuriantis efektyvi\u0105 krintan\u010di\u0105 d\u016bm\u0173 srov\u0119. Tinka tik krintan\u010di\u0173 d\u016bm\u0173 smilkalams.<\/p>\n<ul>\n<li data-start=\"747\" data-end=\"891\">Pagaminta i\u0161 auk\u0161tos kokyb\u0117s augalini\u0173 med\u017eiag\u0173 ir derv\u0173<\/li>\n<li data-start=\"747\" data-end=\"891\">Degimo laikas apie 30 minu\u010di\u0173<\/li>\n<li data-start=\"747\" data-end=\"891\">Kiekis pakuot\u0117je: 10 vienet\u0173<\/li>\n<\/ul>\n<p class=\"\" data-start=\"893\" data-end=\"1050\"><strong data-start=\"893\" data-end=\"908\">Naudojimas:<\/strong> U\u017edekite k\u016bgio smail\u0173j\u012f gal\u0105 5\u201310 sekund\u017ei\u0173, kol jis prad\u0117s \u0161viesti. U\u017egesinkite liepsn\u0105 ir \u012fd\u0117kite \u012f degikl\u012f. Geriausiems rezultatams pasiekti laikykite atokiau nuo skersv\u0117j\u0173.<\/p>","protected":false},"excerpt":{"rendered":"<p>M\u00fcrr on looduslik vaik, mida saadakse Commiphora puult. Seda on kasutatud tuhandeid aastaid l\u00f5hnastusena, viirukina ja ravimina. M\u00fcrr on mainitud ka paljudes&hellip;<\/p>","protected":false},"featured_media":105254,"comment_status":"open","ping_status":"closed","template":"","meta":{"wprm-recipe-roundup-name":"","wprm-recipe-roundup-description":""},"product_brand":[12009],"product_cat":[5751],"product_tag":[5752,5753],"class_list":{"0":"post-105253","1":"product","2":"type-product","3":"status-publish","4":"has-post-thumbnail","6":"product_brand-tribal-soul","7":"product_cat-viirukid","8":"product_tag-langeva-suitsuga","9":"product_tag-viiruk","11":"first","12":"instock","13":"sale","14":"taxable","15":"shipping-taxable","16":"purchasable","17":"product-type-simple"},"supplier_id":105232,"supplier_sku":"","barcode":"8901684617299","atum_controlled":true,"out_stock_date":null,"out_stock_threshold":null,"inheritable":false,"inbound_stock":0,"stock_on_hold":0,"sold_today":0,"sales_last_days":0,"reserved_stock":0,"customer_returns":0,"warehouse_damage":0,"lost_in_post":0,"other_logs":0,"out_stock_days":0,"lost_sales":0,"has_location":false,"update_date":"2026-03-07T01:16:04","atum_locations":[],"atum_stock_status":"instock","restock_status":false,"low_stock_amount":"","sales_update_date":"2026-03-07T01:16:04","calc_backorders":null,"aioseo_notices":[],"_links":{"self":[{"href":"https:\/\/ecoshop.ee\/lt\/wp-json\/wp\/v2\/product\/105253","targetHints":{"allow":["GET"]}}],"collection":[{"href":"https:\/\/ecoshop.ee\/lt\/wp-json\/wp\/v2\/product"}],"about":[{"href":"https:\/\/ecoshop.ee\/lt\/wp-json\/wp\/v2\/types\/product"}],"replies":[{"embeddable":true,"href":"https:\/\/ecoshop.ee\/lt\/wp-json\/wp\/v2\/comments?post=105253"}],"version-history":[{"count":0,"href":"https:\/\/ecoshop.ee\/lt\/wp-json\/wp\/v2\/product\/105253\/revisions"}],"wp:featuredmedia":[{"embeddable":true,"href":"https:\/\/ecoshop.ee\/lt\/wp-json\/wp\/v2\/media\/105254"}],"wp:attachment":[{"href":"https:\/\/ecoshop.ee\/lt\/wp-json\/wp\/v2\/media?parent=105253"}],"wp:term":[{"taxonomy":"product_brand","embeddable":true,"href":"https:\/\/ecoshop.ee\/lt\/wp-json\/wp\/v2\/product_brand?post=105253"},{"taxonomy":"product_cat","embeddable":true,"href":"https:\/\/ecoshop.ee\/lt\/wp-json\/wp\/v2\/product_cat?post=105253"},{"taxonomy":"product_tag","embeddable":true,"href":"https:\/\/ecoshop.ee\/lt\/wp-json\/wp\/v2\/product_tag?post=105253"}],"curies":[{"name":"wp","href":"https:\/\/api.w.org\/{rel}","templated":true}]}}