{"id":105256,"date":"2025-04-09T14:52:53","date_gmt":"2025-04-09T12:52:53","guid":{"rendered":"https:\/\/ecoshop.ee\/?post_type=product&#038;p=105256"},"modified":"2025-07-21T11:40:56","modified_gmt":"2025-07-21T08:40:56","slug":"genties-sielos-krintantys-dumai-smilkalai-iconused-baltas-salavijas","status":"publish","type":"product","link":"https:\/\/ecoshop.ee\/lt\/viirukid\/tribal-soul-langeva-suitsuga-viirukikoonused-valge-salvei\/","title":{"rendered":"Tribal Soul smilkal\u0173 lazdel\u0117 su krintan\u010diais d\u016bmaisused \u2013 Baltasis \u0161alavijas"},"content":{"rendered":"<p class=\"\" data-start=\"150\" data-end=\"533\">Baltasis \u0161alavijas (<em data-start=\"164\" data-end=\"179\">Salvia apiana<\/em>) yra augalas, susij\u0119s su m\u0117tomis, kur\u012f Amerikos ind\u0117nai \u0161imtme\u010dius naudojo kaip smilkalus apsivalymo ceremonijose ir gydymo ritualuose. Jo d\u016bmai laikomi \u0161ventais ir tikima, kad jie padeda pa\u0161alinti neigiam\u0105 energij\u0105, palaiko susikaupim\u0105 ir suteikia vidin\u0119 ramyb\u0119. Sakingas ir intensyvus baltojo \u0161alavijo aromatas sukuria giliai atpalaiduojan\u010di\u0105 atmosfer\u0105.<\/p>\n<p class=\"\" data-start=\"535\" data-end=\"662\">Rank\u0173 darbo smilkalinis k\u016bgis used, sukuriantis efektyvi\u0105 krintan\u010di\u0105 d\u016bm\u0173 srov\u0119. Tinka tik krintan\u010di\u0173 d\u016bm\u0173 smilkalams.<\/p>\n<ul>\n<li data-start=\"664\" data-end=\"808\">Pagaminta i\u0161 auk\u0161tos kokyb\u0117s augalini\u0173 med\u017eiag\u0173 ir derv\u0173<\/li>\n<li data-start=\"664\" data-end=\"808\">Degimo laikas apie 30 minu\u010di\u0173<\/li>\n<li data-start=\"664\" data-end=\"808\">Kiekis pakuot\u0117je: 10 vienet\u0173<\/li>\n<\/ul>\n<p class=\"\" data-start=\"810\" data-end=\"967\"><strong data-start=\"810\" data-end=\"825\">Naudojimas:<\/strong> U\u017edekite k\u016bgio smail\u0173j\u012f gal\u0105 5\u201310 sekund\u017ei\u0173, kol jis prad\u0117s \u0161viesti. U\u017egesinkite liepsn\u0105 ir \u012fd\u0117kite \u012f degikl\u012f. Geriausiems rezultatams pasiekti laikykite atokiau nuo skersv\u0117j\u0173.<\/p>","protected":false},"excerpt":{"rendered":"<p>Valge salvei (Salvia apiana) on m\u00fcndisugulane taim, mida on sajandeid kasutatud viirukina P\u00f5hja-Ameerika p\u00f5lisrahvaste puhastustseremooniates ja tervendavates rituaalides. Selle suitsu peetakse p\u00fchaks&hellip;<\/p>","protected":false},"featured_media":105257,"comment_status":"open","ping_status":"closed","template":"","meta":{"wprm-recipe-roundup-name":"","wprm-recipe-roundup-description":""},"product_brand":[12009],"product_cat":[5751],"product_tag":[5752,5753],"class_list":{"0":"post-105256","1":"product","2":"type-product","3":"status-publish","4":"has-post-thumbnail","6":"product_brand-tribal-soul","7":"product_cat-viirukid","8":"product_tag-langeva-suitsuga","9":"product_tag-viiruk","11":"first","12":"instock","13":"sale","14":"taxable","15":"shipping-taxable","16":"purchasable","17":"product-type-simple"},"supplier_id":105232,"supplier_sku":"","barcode":"8901684617312","atum_controlled":true,"out_stock_date":null,"out_stock_threshold":null,"inheritable":false,"inbound_stock":0,"stock_on_hold":0,"sold_today":0,"sales_last_days":0,"reserved_stock":0,"customer_returns":0,"warehouse_damage":0,"lost_in_post":0,"other_logs":0,"out_stock_days":0,"lost_sales":0,"has_location":false,"update_date":"2026-03-07T01:16:04","atum_locations":[],"atum_stock_status":"instock","restock_status":false,"low_stock_amount":"","sales_update_date":"2026-03-07T01:16:04","calc_backorders":null,"aioseo_notices":[],"_links":{"self":[{"href":"https:\/\/ecoshop.ee\/lt\/wp-json\/wp\/v2\/product\/105256","targetHints":{"allow":["GET"]}}],"collection":[{"href":"https:\/\/ecoshop.ee\/lt\/wp-json\/wp\/v2\/product"}],"about":[{"href":"https:\/\/ecoshop.ee\/lt\/wp-json\/wp\/v2\/types\/product"}],"replies":[{"embeddable":true,"href":"https:\/\/ecoshop.ee\/lt\/wp-json\/wp\/v2\/comments?post=105256"}],"version-history":[{"count":0,"href":"https:\/\/ecoshop.ee\/lt\/wp-json\/wp\/v2\/product\/105256\/revisions"}],"wp:featuredmedia":[{"embeddable":true,"href":"https:\/\/ecoshop.ee\/lt\/wp-json\/wp\/v2\/media\/105257"}],"wp:attachment":[{"href":"https:\/\/ecoshop.ee\/lt\/wp-json\/wp\/v2\/media?parent=105256"}],"wp:term":[{"taxonomy":"product_brand","embeddable":true,"href":"https:\/\/ecoshop.ee\/lt\/wp-json\/wp\/v2\/product_brand?post=105256"},{"taxonomy":"product_cat","embeddable":true,"href":"https:\/\/ecoshop.ee\/lt\/wp-json\/wp\/v2\/product_cat?post=105256"},{"taxonomy":"product_tag","embeddable":true,"href":"https:\/\/ecoshop.ee\/lt\/wp-json\/wp\/v2\/product_tag?post=105256"}],"curies":[{"name":"wp","href":"https:\/\/api.w.org\/{rel}","templated":true}]}}