{"id":105271,"date":"2025-04-09T17:29:35","date_gmt":"2025-04-09T15:29:35","guid":{"rendered":"https:\/\/ecoshop.ee\/?post_type=product&#038;p=105271"},"modified":"2025-05-19T00:42:52","modified_gmt":"2025-05-18T21:42:52","slug":"banjara-genciu-smilkalai-laukinei-rozei","status":"publish","type":"product","link":"https:\/\/ecoshop.ee\/lt\/viirukid\/banjara-tribal-viirukid-metsik-roos\/","title":{"rendered":"Banjara Gen\u010di\u0173 smilkalai \u2013 Laukin\u0117 ro\u017e\u0117"},"content":{"rendered":"<p class=\"\" data-start=\"139\" data-end=\"334\">Banjara gen\u010di\u0173 smilkalai nukelia jus \u012f aromat\u0173 kelion\u0119, \u012fkv\u0117pt\u0105 senov\u0117s tradicij\u0173 ir nat\u016brali\u0173 ritual\u0173. Kiekviena d\u0117\u017eut\u0117 si\u016blo gil\u0173 poj\u016b\u010di\u0173 potyr\u012f per nat\u016bralius kvapus.<\/p>\n<p class=\"\" data-start=\"336\" data-end=\"554\">Subtilus ir g\u0117li\u0173 aromatas laukin\u0117ms ro\u017e\u0117ms suteikia kambariui nat\u016bralaus gaivumo. \u0160is raminantis ir harmoningas kvapas palaiko meil\u0117s, vidin\u0117s pusiausvyros ir emocin\u0117s gerov\u0117s jausmus. Puikus kompanionas atsipalaidavimo akimirkoms.<\/p>\n<ul>\n<li data-start=\"556\" data-end=\"740\">100% nat\u016brali sud\u0117tis<\/li>\n<li data-start=\"556\" data-end=\"740\">Rank\u0173 darbo pagal senas tradicijas<\/li>\n<li data-start=\"556\" data-end=\"740\">G\u0117li\u0173 ir raminantis kvapas, palaikantis ramyb\u0119 ir meil\u0119<\/li>\n<li data-start=\"556\" data-end=\"740\">Kiekis pakuot\u0117je: 10 smilkalini\u0173 lazdeli\u0173<\/li>\n<\/ul>","protected":false},"excerpt":{"rendered":"<p>Banjara Tribal viirukid viivad sind aroomide r\u00e4nnakule, mis on inspireeritud iidsetest traditsioonidest ja looduslikest rituaalidest. Iga karp pakub s\u00fcgavat meeleelamust looduslike l\u00f5hnade&hellip;<\/p>","protected":false},"featured_media":105272,"comment_status":"open","ping_status":"closed","template":"","meta":{"wprm-recipe-roundup-name":"","wprm-recipe-roundup-description":""},"product_brand":[12008],"product_cat":[5751],"product_tag":[5753],"class_list":{"0":"post-105271","1":"product","2":"type-product","3":"status-publish","4":"has-post-thumbnail","6":"product_brand-banjara","7":"product_cat-viirukid","8":"product_tag-viiruk","10":"first","11":"instock","12":"sale","13":"taxable","14":"shipping-taxable","15":"purchasable","16":"product-type-simple"},"supplier_id":105232,"supplier_sku":"","barcode":"8901234590195","atum_controlled":true,"out_stock_date":null,"out_stock_threshold":null,"inheritable":false,"inbound_stock":0,"stock_on_hold":0,"sold_today":0,"sales_last_days":0,"reserved_stock":0,"customer_returns":0,"warehouse_damage":0,"lost_in_post":0,"other_logs":0,"out_stock_days":0,"lost_sales":0,"has_location":false,"update_date":"2026-03-07T01:16:05","atum_locations":[],"atum_stock_status":"instock","restock_status":false,"low_stock_amount":"","sales_update_date":"2026-03-07T01:16:05","calc_backorders":null,"aioseo_notices":[],"_links":{"self":[{"href":"https:\/\/ecoshop.ee\/lt\/wp-json\/wp\/v2\/product\/105271","targetHints":{"allow":["GET"]}}],"collection":[{"href":"https:\/\/ecoshop.ee\/lt\/wp-json\/wp\/v2\/product"}],"about":[{"href":"https:\/\/ecoshop.ee\/lt\/wp-json\/wp\/v2\/types\/product"}],"replies":[{"embeddable":true,"href":"https:\/\/ecoshop.ee\/lt\/wp-json\/wp\/v2\/comments?post=105271"}],"version-history":[{"count":0,"href":"https:\/\/ecoshop.ee\/lt\/wp-json\/wp\/v2\/product\/105271\/revisions"}],"wp:featuredmedia":[{"embeddable":true,"href":"https:\/\/ecoshop.ee\/lt\/wp-json\/wp\/v2\/media\/105272"}],"wp:attachment":[{"href":"https:\/\/ecoshop.ee\/lt\/wp-json\/wp\/v2\/media?parent=105271"}],"wp:term":[{"taxonomy":"product_brand","embeddable":true,"href":"https:\/\/ecoshop.ee\/lt\/wp-json\/wp\/v2\/product_brand?post=105271"},{"taxonomy":"product_cat","embeddable":true,"href":"https:\/\/ecoshop.ee\/lt\/wp-json\/wp\/v2\/product_cat?post=105271"},{"taxonomy":"product_tag","embeddable":true,"href":"https:\/\/ecoshop.ee\/lt\/wp-json\/wp\/v2\/product_tag?post=105271"}],"curies":[{"name":"wp","href":"https:\/\/api.w.org\/{rel}","templated":true}]}}