{"id":105285,"date":"2025-04-09T20:19:40","date_gmt":"2025-04-09T18:19:40","guid":{"rendered":"https:\/\/ecoshop.ee\/?post_type=product&#038;p=105285"},"modified":"2025-04-09T20:19:42","modified_gmt":"2025-04-09T18:19:42","slug":"banjara-genties-smilkalai-nag-champa","status":"publish","type":"product","link":"https:\/\/ecoshop.ee\/lt\/viirukid\/banjara-tribal-viirukid-nag-champa\/","title":{"rendered":"Banjara genties smilkalai \u2013 Nag Champa"},"content":{"rendered":"<p class=\"\" data-start=\"139\" data-end=\"310\">Banjara Tribal smilkalai si\u016blo kerin\u010di\u0105 aromatin\u0119 kelion\u0119, kurioje dera nat\u016bral\u016bs kvapai ir senov\u0117s ritualai. Kiekviena d\u0117\u017eut\u0117 sukelia gil\u0173 gerov\u0117s jausm\u0105 ir ramyb\u0117s akimirk\u0105.<\/p>\n<p class=\"\" data-start=\"312\" data-end=\"563\">\u201eNag Champa\u201c \u2013 tai m\u0117gstamas klasikinis kvapas, kurio sald\u017eios ir g\u0117li\u0173 natos sukuria raminan\u010di\u0105 ir meditatyvi\u0105 atmosfer\u0105. \u017dinomas d\u0117l savo balansuojan\u010dio poveikio, \u0161is kvapas puikiai tinka dvasiniam pasin\u0117rimui, atsipalaidavimui ar proto i\u0161valymui.<\/p>\n<ul>\n<li data-start=\"565\" data-end=\"758\">100% nat\u016brali sud\u0117tis<\/li>\n<li data-start=\"565\" data-end=\"758\">Rank\u0173 darbo pagal senas tradicijas<\/li>\n<li data-start=\"565\" data-end=\"758\">Saldus ir g\u0117li\u0173 aromatas dvasinei praktikai ar kasdienei ramybei<\/li>\n<li data-start=\"565\" data-end=\"758\">Kiekis pakuot\u0117je: 10 smilkalini\u0173 lazdeli\u0173<\/li>\n<\/ul>","protected":false},"excerpt":{"rendered":"<p>Banjara Tribal viirukid pakuvad lummavat aroomir\u00e4nnakut, mis \u00fchendab endas looduslikud l\u00f5hnad ja iidsed rituaalid. Iga karp kutsub esile s\u00fcgava meeleelamuse ja rahu&hellip;<\/p>","protected":false},"featured_media":105286,"comment_status":"open","ping_status":"closed","template":"","meta":{"wprm-recipe-roundup-name":"","wprm-recipe-roundup-description":""},"product_brand":[12008],"product_cat":[5751],"product_tag":[5753],"class_list":{"0":"post-105285","1":"product","2":"type-product","3":"status-publish","4":"has-post-thumbnail","6":"product_brand-banjara","7":"product_cat-viirukid","8":"product_tag-viiruk","10":"first","11":"instock","12":"sale","13":"taxable","14":"shipping-taxable","15":"purchasable","16":"product-type-simple"},"supplier_id":105232,"supplier_sku":"","barcode":"8901234590218","atum_controlled":true,"out_stock_date":null,"out_stock_threshold":null,"inheritable":false,"inbound_stock":0,"stock_on_hold":0,"sold_today":0,"sales_last_days":0,"reserved_stock":0,"customer_returns":0,"warehouse_damage":0,"lost_in_post":0,"other_logs":0,"out_stock_days":0,"lost_sales":0,"has_location":false,"update_date":"2026-03-07T01:16:05","atum_locations":[],"atum_stock_status":"instock","restock_status":false,"low_stock_amount":"","sales_update_date":"2026-03-07T01:16:05","calc_backorders":null,"aioseo_notices":[],"_links":{"self":[{"href":"https:\/\/ecoshop.ee\/lt\/wp-json\/wp\/v2\/product\/105285","targetHints":{"allow":["GET"]}}],"collection":[{"href":"https:\/\/ecoshop.ee\/lt\/wp-json\/wp\/v2\/product"}],"about":[{"href":"https:\/\/ecoshop.ee\/lt\/wp-json\/wp\/v2\/types\/product"}],"replies":[{"embeddable":true,"href":"https:\/\/ecoshop.ee\/lt\/wp-json\/wp\/v2\/comments?post=105285"}],"version-history":[{"count":0,"href":"https:\/\/ecoshop.ee\/lt\/wp-json\/wp\/v2\/product\/105285\/revisions"}],"wp:featuredmedia":[{"embeddable":true,"href":"https:\/\/ecoshop.ee\/lt\/wp-json\/wp\/v2\/media\/105286"}],"wp:attachment":[{"href":"https:\/\/ecoshop.ee\/lt\/wp-json\/wp\/v2\/media?parent=105285"}],"wp:term":[{"taxonomy":"product_brand","embeddable":true,"href":"https:\/\/ecoshop.ee\/lt\/wp-json\/wp\/v2\/product_brand?post=105285"},{"taxonomy":"product_cat","embeddable":true,"href":"https:\/\/ecoshop.ee\/lt\/wp-json\/wp\/v2\/product_cat?post=105285"},{"taxonomy":"product_tag","embeddable":true,"href":"https:\/\/ecoshop.ee\/lt\/wp-json\/wp\/v2\/product_tag?post=105285"}],"curies":[{"name":"wp","href":"https:\/\/api.w.org\/{rel}","templated":true}]}}