{"id":105289,"date":"2025-04-09T21:46:18","date_gmt":"2025-04-09T19:46:18","guid":{"rendered":"https:\/\/ecoshop.ee\/?post_type=product&#038;p=105289"},"modified":"2025-04-09T21:46:20","modified_gmt":"2025-04-09T19:46:20","slug":"banjara-genties-smilkalai-palo-santo","status":"publish","type":"product","link":"https:\/\/ecoshop.ee\/lt\/viirukid\/banjara-tribal-viirukid-palo-santo\/","title":{"rendered":"Banjara Gen\u010di\u0173 smilkalai \u2013 Palo Santo"},"content":{"rendered":"<p class=\"\" data-start=\"139\" data-end=\"313\">Banjara Tribal Incense \u2013 tai aromatin\u0117 kelion\u0117, pagerbianti senov\u0117s tradicijas ir nat\u016bralius ritualus. Kiekviena d\u0117\u017eut\u0117 si\u016blo gil\u0173 poj\u016b\u010di\u0173 potyr\u012f ir ry\u0161\u012f su nat\u016brali\u0173 kvap\u0173 galia.<\/p>\n<p class=\"\" data-start=\"315\" data-end=\"568\">Palo Santo, arba \u201e\u0161ventasis medis\u201c, auga Piet\u0173 Amerikos tropiniuose regionuose, o jo mediena, lapai ir aliejus \u0161imtme\u010dius buvo naudojami k\u016bnui ir sielai gydyti. Vietiniai \u0161amanai Palo Santo naudojo apsivalymui, apsaugai ir pusiausvyrai atkurti.<\/p>\n<ul>\n<li data-start=\"570\" data-end=\"762\">100% nat\u016brali sud\u0117tis<\/li>\n<li data-start=\"570\" data-end=\"762\">Rank\u0173 darbo pagal senas tradicijas<\/li>\n<li data-start=\"570\" data-end=\"762\">\u0160ventas, \u0161iltas medienos aromatas dvasiniam ir energetiniam apsivalymui<\/li>\n<li data-start=\"570\" data-end=\"762\">Kiekis pakuot\u0117je: 10 smilkalini\u0173 lazdeli\u0173<\/li>\n<\/ul>","protected":false},"excerpt":{"rendered":"<p>Banjara Tribal viirukid on aroomir\u00e4nnak, mis austab iidseid traditsioone ja loodusrituaale. Iga karp pakub s\u00fcgavat sensoorset kogemust ning \u00fchendust looduslike l\u00f5hnade v\u00e4ega.&hellip;<\/p>","protected":false},"featured_media":105290,"comment_status":"open","ping_status":"closed","template":"","meta":{"wprm-recipe-roundup-name":"","wprm-recipe-roundup-description":""},"product_brand":[12008],"product_cat":[5751],"product_tag":[5753],"class_list":{"0":"post-105289","1":"product","2":"type-product","3":"status-publish","4":"has-post-thumbnail","6":"product_brand-banjara","7":"product_cat-viirukid","8":"product_tag-viiruk","10":"first","11":"instock","12":"sale","13":"taxable","14":"shipping-taxable","15":"purchasable","16":"product-type-simple"},"supplier_id":105232,"supplier_sku":"","barcode":"8901234567906","atum_controlled":true,"out_stock_date":null,"out_stock_threshold":null,"inheritable":false,"inbound_stock":0,"stock_on_hold":0,"sold_today":0,"sales_last_days":0,"reserved_stock":0,"customer_returns":0,"warehouse_damage":0,"lost_in_post":0,"other_logs":0,"out_stock_days":0,"lost_sales":0,"has_location":false,"update_date":"2026-03-07T01:16:05","atum_locations":[],"atum_stock_status":"instock","restock_status":false,"low_stock_amount":"","sales_update_date":"2026-03-07T01:16:05","calc_backorders":null,"aioseo_notices":[],"_links":{"self":[{"href":"https:\/\/ecoshop.ee\/lt\/wp-json\/wp\/v2\/product\/105289","targetHints":{"allow":["GET"]}}],"collection":[{"href":"https:\/\/ecoshop.ee\/lt\/wp-json\/wp\/v2\/product"}],"about":[{"href":"https:\/\/ecoshop.ee\/lt\/wp-json\/wp\/v2\/types\/product"}],"replies":[{"embeddable":true,"href":"https:\/\/ecoshop.ee\/lt\/wp-json\/wp\/v2\/comments?post=105289"}],"version-history":[{"count":0,"href":"https:\/\/ecoshop.ee\/lt\/wp-json\/wp\/v2\/product\/105289\/revisions"}],"wp:featuredmedia":[{"embeddable":true,"href":"https:\/\/ecoshop.ee\/lt\/wp-json\/wp\/v2\/media\/105290"}],"wp:attachment":[{"href":"https:\/\/ecoshop.ee\/lt\/wp-json\/wp\/v2\/media?parent=105289"}],"wp:term":[{"taxonomy":"product_brand","embeddable":true,"href":"https:\/\/ecoshop.ee\/lt\/wp-json\/wp\/v2\/product_brand?post=105289"},{"taxonomy":"product_cat","embeddable":true,"href":"https:\/\/ecoshop.ee\/lt\/wp-json\/wp\/v2\/product_cat?post=105289"},{"taxonomy":"product_tag","embeddable":true,"href":"https:\/\/ecoshop.ee\/lt\/wp-json\/wp\/v2\/product_tag?post=105289"}],"curies":[{"name":"wp","href":"https:\/\/api.w.org\/{rel}","templated":true}]}}