{"id":105295,"date":"2025-04-09T22:14:08","date_gmt":"2025-04-09T20:14:08","guid":{"rendered":"https:\/\/ecoshop.ee\/?post_type=product&#038;p=105295"},"modified":"2025-04-09T22:16:00","modified_gmt":"2025-04-09T20:16:00","slug":"zoleliu-aromatinis-aliejus-sofi-levandu-10-ml","status":"publish","type":"product","link":"https:\/\/ecoshop.ee\/lt\/eeterlikud-olid-ja-aroomiolid\/taimne-aroomioli-lopsakas-lavendel-10ml\/","title":{"rendered":"\u017doleli\u0173 aromatinis aliejus \u2013 \u201eLush Lavender\u201c \u2013 10 ml"},"content":{"rendered":"<p class=\"\" data-start=\"164\" data-end=\"379\">Nat\u016bralus augalinis aromatinis aliejus su sodriu ir ilgai i\u0161liekan\u010diu levand\u0173 aromatu. Jame yra daugiau eterini\u0173 aliej\u0173 nei daugelyje \u012fprast\u0173 preki\u0173 \u017eenkl\u0173, tod\u0117l kvapas intensyvesnis ir ilgiau i\u0161lieka.<\/p>\n<p class=\"\" data-start=\"381\" data-end=\"548\">Tinka naudoti tiek su tradiciniu aliejaus degikliu, tiek su elektriniu difuzoriumi. Levand\u0173 kvapas ramina poj\u016b\u010dius, skatina atsipalaidavim\u0105 ir sukuria jauki\u0105 atmosfer\u0105 bet kuriame kambaryje.<\/p>\n<ul>\n<li data-start=\"550\" data-end=\"699\">Augalinis, 100% vegani\u0161kas<\/li>\n<li data-start=\"550\" data-end=\"699\">Nesud\u0117tyje n\u0117ra kenksming\u0173 chemini\u0173 med\u017eiag\u0173<\/li>\n<li data-start=\"550\" data-end=\"699\">Naudoti su alyvos degikliu arba difuzoriumi<\/li>\n<li data-start=\"550\" data-end=\"699\">Ilgai i\u0161liekantis ir nat\u016bralus levand\u0173 aromatas<\/li>\n<\/ul>","protected":false},"excerpt":{"rendered":"<p>Looduslikul taimsel baasil valmistatud aroomi\u00f5li, millel on rikkalik ja kauap\u00fcsiv lavendliaroom. Sisaldab suuremas koguses eeterlikke \u00f5lisid kui paljud tavabr\u00e4ndid, mist\u00f5ttu on l\u00f5hn&hellip;<\/p>","protected":false},"featured_media":105298,"comment_status":"open","ping_status":"closed","template":"","meta":{"wprm-recipe-roundup-name":"","wprm-recipe-roundup-description":""},"product_brand":[],"product_cat":[5754],"product_tag":[5755],"class_list":{"0":"post-105295","1":"product","2":"type-product","3":"status-publish","4":"has-post-thumbnail","6":"product_cat-eeterlikud-olid-ja-aroomiolid","7":"product_tag-aroomioli","9":"first","10":"instock","11":"taxable","12":"shipping-taxable","13":"purchasable","14":"product-type-simple"},"supplier_id":105232,"supplier_sku":"","barcode":"5028691475032","atum_controlled":true,"out_stock_date":null,"out_stock_threshold":null,"inheritable":false,"inbound_stock":0,"stock_on_hold":0,"sold_today":0,"sales_last_days":0,"reserved_stock":0,"customer_returns":0,"warehouse_damage":0,"lost_in_post":0,"other_logs":0,"out_stock_days":0,"lost_sales":0,"has_location":false,"update_date":"2026-03-07T01:16:07","atum_locations":[],"atum_stock_status":"instock","restock_status":false,"low_stock_amount":"","sales_update_date":"2026-03-07T01:16:07","calc_backorders":null,"aioseo_notices":[],"_links":{"self":[{"href":"https:\/\/ecoshop.ee\/lt\/wp-json\/wp\/v2\/product\/105295","targetHints":{"allow":["GET"]}}],"collection":[{"href":"https:\/\/ecoshop.ee\/lt\/wp-json\/wp\/v2\/product"}],"about":[{"href":"https:\/\/ecoshop.ee\/lt\/wp-json\/wp\/v2\/types\/product"}],"replies":[{"embeddable":true,"href":"https:\/\/ecoshop.ee\/lt\/wp-json\/wp\/v2\/comments?post=105295"}],"version-history":[{"count":0,"href":"https:\/\/ecoshop.ee\/lt\/wp-json\/wp\/v2\/product\/105295\/revisions"}],"wp:featuredmedia":[{"embeddable":true,"href":"https:\/\/ecoshop.ee\/lt\/wp-json\/wp\/v2\/media\/105298"}],"wp:attachment":[{"href":"https:\/\/ecoshop.ee\/lt\/wp-json\/wp\/v2\/media?parent=105295"}],"wp:term":[{"taxonomy":"product_brand","embeddable":true,"href":"https:\/\/ecoshop.ee\/lt\/wp-json\/wp\/v2\/product_brand?post=105295"},{"taxonomy":"product_cat","embeddable":true,"href":"https:\/\/ecoshop.ee\/lt\/wp-json\/wp\/v2\/product_cat?post=105295"},{"taxonomy":"product_tag","embeddable":true,"href":"https:\/\/ecoshop.ee\/lt\/wp-json\/wp\/v2\/product_tag?post=105295"}],"curies":[{"name":"wp","href":"https:\/\/api.w.org\/{rel}","templated":true}]}}