{"id":105303,"date":"2025-04-09T22:32:39","date_gmt":"2025-04-09T20:32:39","guid":{"rendered":"https:\/\/ecoshop.ee\/?post_type=product&#038;p=105303"},"modified":"2025-04-09T22:33:51","modified_gmt":"2025-04-09T20:33:51","slug":"zoleliu-aromatinis-aliejus-jazminu-arbatai-10-ml","status":"publish","type":"product","link":"https:\/\/ecoshop.ee\/lt\/eeterlikud-olid-ja-aroomiolid\/taimne-aroomioli-jasmiinitee-10ml\/","title":{"rendered":"\u017doleli\u0173 aromatinis aliejus \u2013 Jazmin\u0173 arbata \u2013 10 ml"},"content":{"rendered":"<p class=\"\" data-start=\"139\" data-end=\"360\">Nat\u016bralus augalinis aromatinis aliejus su \u0161velniai sald\u017eiu ir gaivinan\u010diu jazmin\u0173 arbatos aromatu. Jame yra daugiau eterini\u0173 aliej\u0173 nei daugelyje \u012fprast\u0173 preki\u0173 \u017eenkl\u0173, tod\u0117l jis suteikia ilgai i\u0161liekant\u012f ir malon\u0173 kvap\u0105.<\/p>\n<p class=\"\" data-start=\"362\" data-end=\"504\">Tinka naudoti tiek tradiciniame aliejaus degiklyje, tiek elektriniame difuzoriuje. Produktas supakuotas \u012f daugkartinio naudojimo 10 ml buteliuk\u0105 100%.<\/p>\n<ul>\n<li data-start=\"506\" data-end=\"692\">Augalinis, 100% vegani\u0161kas<\/li>\n<li data-start=\"506\" data-end=\"692\">Nesud\u0117tyje n\u0117ra kenksming\u0173 chemini\u0173 med\u017eiag\u0173<\/li>\n<li data-start=\"506\" data-end=\"692\">Naudoti su alyvos degikliu arba difuzoriumi<\/li>\n<li data-start=\"506\" data-end=\"692\">\u0160velnus ir raminantis jazmin\u0173 arbatos aromatas<\/li>\n<li data-start=\"506\" data-end=\"692\">10 ml buteliukas, 100% perdirbama pakuot\u0117<\/li>\n<\/ul>","protected":false},"excerpt":{"rendered":"<p>Looduslikul taimsel baasil valmistatud aroomi\u00f5li, millel on \u00f5rnalt magus ja v\u00e4rskendav jasmiinitee aroom. Sisaldab suuremat kogust eeterlikke \u00f5lisid kui paljud tavabr\u00e4ndid, pakkudes&hellip;<\/p>","protected":false},"featured_media":105304,"comment_status":"open","ping_status":"closed","template":"","meta":{"wprm-recipe-roundup-name":"","wprm-recipe-roundup-description":""},"product_brand":[],"product_cat":[5754],"product_tag":[5755],"class_list":{"0":"post-105303","1":"product","2":"type-product","3":"status-publish","4":"has-post-thumbnail","6":"product_cat-eeterlikud-olid-ja-aroomiolid","7":"product_tag-aroomioli","9":"first","10":"instock","11":"taxable","12":"shipping-taxable","13":"purchasable","14":"product-type-simple"},"supplier_id":105232,"supplier_sku":"","barcode":"5028691475025","atum_controlled":true,"out_stock_date":null,"out_stock_threshold":null,"inheritable":false,"inbound_stock":0,"stock_on_hold":0,"sold_today":0,"sales_last_days":0,"reserved_stock":0,"customer_returns":0,"warehouse_damage":0,"lost_in_post":0,"other_logs":0,"out_stock_days":0,"lost_sales":0,"has_location":false,"update_date":"2026-03-07T01:16:05","atum_locations":[],"atum_stock_status":"instock","restock_status":false,"low_stock_amount":"","sales_update_date":"2026-03-07T01:16:05","calc_backorders":null,"aioseo_notices":[],"_links":{"self":[{"href":"https:\/\/ecoshop.ee\/lt\/wp-json\/wp\/v2\/product\/105303","targetHints":{"allow":["GET"]}}],"collection":[{"href":"https:\/\/ecoshop.ee\/lt\/wp-json\/wp\/v2\/product"}],"about":[{"href":"https:\/\/ecoshop.ee\/lt\/wp-json\/wp\/v2\/types\/product"}],"replies":[{"embeddable":true,"href":"https:\/\/ecoshop.ee\/lt\/wp-json\/wp\/v2\/comments?post=105303"}],"version-history":[{"count":0,"href":"https:\/\/ecoshop.ee\/lt\/wp-json\/wp\/v2\/product\/105303\/revisions"}],"wp:featuredmedia":[{"embeddable":true,"href":"https:\/\/ecoshop.ee\/lt\/wp-json\/wp\/v2\/media\/105304"}],"wp:attachment":[{"href":"https:\/\/ecoshop.ee\/lt\/wp-json\/wp\/v2\/media?parent=105303"}],"wp:term":[{"taxonomy":"product_brand","embeddable":true,"href":"https:\/\/ecoshop.ee\/lt\/wp-json\/wp\/v2\/product_brand?post=105303"},{"taxonomy":"product_cat","embeddable":true,"href":"https:\/\/ecoshop.ee\/lt\/wp-json\/wp\/v2\/product_cat?post=105303"},{"taxonomy":"product_tag","embeddable":true,"href":"https:\/\/ecoshop.ee\/lt\/wp-json\/wp\/v2\/product_tag?post=105303"}],"curies":[{"name":"wp","href":"https:\/\/api.w.org\/{rel}","templated":true}]}}