{"id":105306,"date":"2025-04-09T23:10:13","date_gmt":"2025-04-09T21:10:13","guid":{"rendered":"https:\/\/ecoshop.ee\/?post_type=product&#038;p=105306"},"modified":"2025-04-09T23:10:15","modified_gmt":"2025-04-09T21:10:15","slug":"zoleliu-aromatinis-aliejus-su-cinamonu-ir-imbierais-10-ml","status":"publish","type":"product","link":"https:\/\/ecoshop.ee\/lt\/eeterlikud-olid-ja-aroomiolid\/taimne-aroomioli-oun-ja-kaneel-10ml\/","title":{"rendered":"\u017doleli\u0173 aromatinis aliejus \u2013 obuoli\u0173 ir cinamono \u2013 10 ml"},"content":{"rendered":"<p class=\"\" data-start=\"142\" data-end=\"348\">Nat\u016bralus augalinis aromatinis aliejus su \u0161iltu ir jaukiu obuoli\u0173 ir cinamono kvapu. Jame yra daugiau eterini\u0173 aliej\u0173 nei daugelyje kit\u0173 preki\u0173 \u017eenkl\u0173, tod\u0117l aromatas yra stipresnis ir ilgiau i\u0161liekantis.<\/p>\n<p class=\"\" data-start=\"350\" data-end=\"515\">Tinka naudoti su tradiciniu aliejaus degikliu arba elektriniu difuzoriumi. Supakuota daugkartinio naudojimo 10 ml buteliuke 100% \u2013 idealiai tinka nat\u016braliam atsipalaidavimui.<\/p>\n<ul>\n<li data-start=\"517\" data-end=\"705\">Augalinis, 100% vegani\u0161kas<\/li>\n<li data-start=\"517\" data-end=\"705\">Nesud\u0117tyje n\u0117ra kenksming\u0173 chemini\u0173 med\u017eiag\u0173<\/li>\n<li data-start=\"517\" data-end=\"705\">Naudoti su alyvos degikliu arba difuzoriumi<\/li>\n<li data-start=\"517\" data-end=\"705\">\u0160iltas ir a\u0161trus obuoli\u0173 ir cinamono aromatas<\/li>\n<li data-start=\"517\" data-end=\"705\">10 ml buteliukas, 100% perdirbama pakuot\u0117<\/li>\n<\/ul>","protected":false},"excerpt":{"rendered":"<p>Looduslikul taimsel baasil valmistatud aroomi\u00f5li, millel on soe ja kodune \u00f5una-kaneeli l\u00f5hn. Sisaldab suuremas koguses eeterlikke \u00f5lisid kui paljud teised br\u00e4ndid, mist\u00f5ttu&hellip;<\/p>","protected":false},"featured_media":105313,"comment_status":"open","ping_status":"closed","template":"","meta":{"wprm-recipe-roundup-name":"","wprm-recipe-roundup-description":""},"product_brand":[],"product_cat":[5754],"product_tag":[5755],"class_list":{"0":"post-105306","1":"product","2":"type-product","3":"status-publish","4":"has-post-thumbnail","6":"product_cat-eeterlikud-olid-ja-aroomiolid","7":"product_tag-aroomioli","9":"first","10":"instock","11":"taxable","12":"shipping-taxable","13":"purchasable","14":"product-type-simple"},"supplier_id":105232,"supplier_sku":"","barcode":"5028691475223","atum_controlled":true,"out_stock_date":null,"out_stock_threshold":null,"inheritable":false,"inbound_stock":0,"stock_on_hold":0,"sold_today":0,"sales_last_days":0,"reserved_stock":0,"customer_returns":0,"warehouse_damage":0,"lost_in_post":0,"other_logs":0,"out_stock_days":0,"lost_sales":0,"has_location":false,"update_date":"2026-03-07T01:16:05","atum_locations":[],"atum_stock_status":"instock","restock_status":false,"low_stock_amount":"","sales_update_date":"2026-03-07T01:16:05","calc_backorders":null,"aioseo_notices":[],"_links":{"self":[{"href":"https:\/\/ecoshop.ee\/lt\/wp-json\/wp\/v2\/product\/105306","targetHints":{"allow":["GET"]}}],"collection":[{"href":"https:\/\/ecoshop.ee\/lt\/wp-json\/wp\/v2\/product"}],"about":[{"href":"https:\/\/ecoshop.ee\/lt\/wp-json\/wp\/v2\/types\/product"}],"replies":[{"embeddable":true,"href":"https:\/\/ecoshop.ee\/lt\/wp-json\/wp\/v2\/comments?post=105306"}],"version-history":[{"count":0,"href":"https:\/\/ecoshop.ee\/lt\/wp-json\/wp\/v2\/product\/105306\/revisions"}],"wp:featuredmedia":[{"embeddable":true,"href":"https:\/\/ecoshop.ee\/lt\/wp-json\/wp\/v2\/media\/105313"}],"wp:attachment":[{"href":"https:\/\/ecoshop.ee\/lt\/wp-json\/wp\/v2\/media?parent=105306"}],"wp:term":[{"taxonomy":"product_brand","embeddable":true,"href":"https:\/\/ecoshop.ee\/lt\/wp-json\/wp\/v2\/product_brand?post=105306"},{"taxonomy":"product_cat","embeddable":true,"href":"https:\/\/ecoshop.ee\/lt\/wp-json\/wp\/v2\/product_cat?post=105306"},{"taxonomy":"product_tag","embeddable":true,"href":"https:\/\/ecoshop.ee\/lt\/wp-json\/wp\/v2\/product_tag?post=105306"}],"curies":[{"name":"wp","href":"https:\/\/api.w.org\/{rel}","templated":true}]}}