{"id":105315,"date":"2025-04-09T23:28:06","date_gmt":"2025-04-09T21:28:06","guid":{"rendered":"https:\/\/ecoshop.ee\/?post_type=product&#038;p=105315"},"modified":"2025-04-09T23:28:07","modified_gmt":"2025-04-09T21:28:07","slug":"arbatmedzio-eterinis-aliejus-10-ml","status":"publish","type":"product","link":"https:\/\/ecoshop.ee\/lt\/eeterlikud-olid-ja-aroomiolid\/teepuu-eeterlik-oli-10ml\/","title":{"rendered":"Arbatmed\u017eio eterinis aliejus \u2013 10 ml"},"content":{"rendered":"<p class=\"\" data-start=\"175\" data-end=\"344\"><em data-start=\"208\" data-end=\"232\">Melaleuca alternifolia<br \/>\n<\/em><br data-start=\"232\" data-end=\"235\" \/>Arbatmed\u017eio aliejus yra \u017einomas d\u0117l savo nat\u016brali\u0173 antiseptini\u0173 ir prie\u0161grybelini\u0173 savybi\u0173. Jis gaunamas distiliuojant garais. <em data-start=\"470\" data-end=\"494\">Melaleuca alternifolia<\/em> i\u0161gaunamo i\u0161 \u0161iaur\u0117s ryt\u0173 Australijos pakrant\u0117je augan\u010dio med\u017eio lap\u0173 ir \u0161ak\u0173. Aborigenai arbatmed\u012f naudojo jau \u0161imtme\u010dius \u017eaizdoms, nudegimams ir kv\u0117pavimo tak\u0173 ligoms mal\u0161inti.<\/p>\n<p class=\"\" data-start=\"665\" data-end=\"883\">Arbatmed\u017eio eterinis aliejus tinka naudoti i\u0161ori\u0161kai odos sveikatai palaikyti (nuo spuog\u0173, grybelini\u0173 infekcij\u0173, pleiskan\u0173), raumen\u0173 skausmams, per\u0161alimo simptomams ir kv\u0117pavimo tak\u0173 \u012ftampai mal\u0161inti. \u012ela\u0161intas \u012f vonios vanden\u012f, jis padeda i\u0161valyti ir subalansuoti od\u0105.<\/p>\n<ul>\n<li data-start=\"885\" data-end=\"1074\">100% grynas eterinis aliejus<\/li>\n<li data-start=\"885\" data-end=\"1074\">Nat\u016braliai antiseptinis ir prie\u0161grybelinis<\/li>\n<li data-start=\"885\" data-end=\"1074\">Veiksmingas nuo spuog\u0173, odos sudirgim\u0173 ir per\u0161alimo<\/li>\n<li data-start=\"885\" data-end=\"1074\">Naudota augalo dalis: lapai ir \u0161akos<\/li>\n<li data-start=\"885\" data-end=\"1074\">Ekstrahavimo metodas: distiliavimas garais<\/li>\n<li data-start=\"885\" data-end=\"1074\">10 ml tamsaus stiklo buteliuke<\/li>\n<\/ul>\n<p class=\"\" data-start=\"1076\" data-end=\"1231\">\u26a0\ufe0f Tik i\u0161oriniam naudojimui. Nenuryti. Laikyti vaikams ir naminiams gyv\u016bnams nepasiekiamoje vietoje. Nenaudoti n\u0117\u0161tumo ar \u017eindymo laikotarpiu.<\/p>","protected":false},"excerpt":{"rendered":"<p>Melaleuca Alternifolia Teepuu\u00f5li on tuntud oma looduslike antiseptiliste ja seenevastaste omaduste poolest. Seda saadakse aurudestilleerimise teel Melaleuca alternifolia puu lehtedest ja okstest,&hellip;<\/p>","protected":false},"featured_media":105316,"comment_status":"open","ping_status":"closed","template":"","meta":{"wprm-recipe-roundup-name":"","wprm-recipe-roundup-description":""},"product_brand":[],"product_cat":[5754],"product_tag":[5756],"class_list":{"0":"post-105315","1":"product","2":"type-product","3":"status-publish","4":"has-post-thumbnail","6":"product_cat-eeterlikud-olid-ja-aroomiolid","7":"product_tag-eeterlik-oli","9":"first","10":"instock","11":"taxable","12":"shipping-taxable","13":"purchasable","14":"product-type-simple"},"supplier_id":105232,"supplier_sku":"","barcode":"5055796528394","atum_controlled":true,"out_stock_date":null,"out_stock_threshold":null,"inheritable":false,"inbound_stock":0,"stock_on_hold":0,"sold_today":0,"sales_last_days":0,"reserved_stock":0,"customer_returns":0,"warehouse_damage":0,"lost_in_post":0,"other_logs":0,"out_stock_days":0,"lost_sales":0,"has_location":false,"update_date":"2026-03-07T01:16:07","atum_locations":[],"atum_stock_status":"instock","restock_status":false,"low_stock_amount":"","sales_update_date":"2026-03-07T01:16:07","calc_backorders":null,"aioseo_notices":[],"_links":{"self":[{"href":"https:\/\/ecoshop.ee\/lt\/wp-json\/wp\/v2\/product\/105315","targetHints":{"allow":["GET"]}}],"collection":[{"href":"https:\/\/ecoshop.ee\/lt\/wp-json\/wp\/v2\/product"}],"about":[{"href":"https:\/\/ecoshop.ee\/lt\/wp-json\/wp\/v2\/types\/product"}],"replies":[{"embeddable":true,"href":"https:\/\/ecoshop.ee\/lt\/wp-json\/wp\/v2\/comments?post=105315"}],"version-history":[{"count":0,"href":"https:\/\/ecoshop.ee\/lt\/wp-json\/wp\/v2\/product\/105315\/revisions"}],"wp:featuredmedia":[{"embeddable":true,"href":"https:\/\/ecoshop.ee\/lt\/wp-json\/wp\/v2\/media\/105316"}],"wp:attachment":[{"href":"https:\/\/ecoshop.ee\/lt\/wp-json\/wp\/v2\/media?parent=105315"}],"wp:term":[{"taxonomy":"product_brand","embeddable":true,"href":"https:\/\/ecoshop.ee\/lt\/wp-json\/wp\/v2\/product_brand?post=105315"},{"taxonomy":"product_cat","embeddable":true,"href":"https:\/\/ecoshop.ee\/lt\/wp-json\/wp\/v2\/product_cat?post=105315"},{"taxonomy":"product_tag","embeddable":true,"href":"https:\/\/ecoshop.ee\/lt\/wp-json\/wp\/v2\/product_tag?post=105315"}],"curies":[{"name":"wp","href":"https:\/\/api.w.org\/{rel}","templated":true}]}}