{"id":105318,"date":"2025-04-09T23:40:47","date_gmt":"2025-04-09T21:40:47","guid":{"rendered":"https:\/\/ecoshop.ee\/?post_type=product&#038;p=105318"},"modified":"2025-04-09T23:40:48","modified_gmt":"2025-04-09T21:40:48","slug":"raudonmedzio-eterinis-aliejus-10-ml","status":"publish","type":"product","link":"https:\/\/ecoshop.ee\/lt\/eeterlikud-olid-ja-aroomiolid\/roosipuu-eeterlik-oli-10ml\/","title":{"rendered":"Ro\u017emed\u017eio eterinis aliejus \u2013 10 ml"},"content":{"rendered":"<p class=\"\" data-start=\"68\" data-end=\"121\"><em data-start=\"103\" data-end=\"121\">Aniba Rosaeodora<\/em><\/p>\n<p class=\"\" data-start=\"123\" data-end=\"480\">Raudonmed\u017eio eterinis aliejus vertinamas d\u0117l raminan\u010dio, saldaus ir \u0161iek tiek a\u0161traus kvapo, kuris palaiko nuotaikos pusiausvyr\u0105 ir protin\u012f ai\u0161kum\u0105. Jis gaunamas distiliuojant garais i\u0161 Brazilijos raudonmed\u017eio medienos. Aromaterapijoje raudonmed\u017eio aliejus \u017einomas kaip nat\u016bralus antidepresantas, padedantis pakelti nuotaik\u0105, suma\u017einti nuovarg\u012f ir atkurti gyvybingum\u0105.<\/p>\n<p class=\"\" data-start=\"482\" data-end=\"681\">Aliejus taip pat tinka nedideliems skausmams, galvos skausmams ir raumen\u0173 \u012ftampai mal\u0161inti, o d\u0117l nat\u016brali\u0173 antibakterini\u0173 ir vabzd\u017eius atbaidan\u010di\u0173 savybi\u0173used jis yra universalus pagalbininkas naudojimui namuose.<\/p>\n<ul>\n<li data-start=\"683\" data-end=\"839\">100% grynas eterinis aliejus<\/li>\n<li data-start=\"683\" data-end=\"839\">Ramina prot\u0105 ir palaiko psichin\u0119 pusiausvyr\u0105<\/li>\n<li data-start=\"683\" data-end=\"839\">Nat\u016braliai antiseptinis ir vabzd\u017eius atbaidantis poveikis<\/li>\n<li data-start=\"683\" data-end=\"839\">Mal\u0161ina nedidel\u012f skausm\u0105 ir maudim\u0105<\/li>\n<li data-start=\"683\" data-end=\"839\">Naudota augalo dalis: mediena<\/li>\n<li data-start=\"683\" data-end=\"839\">Ekstrahavimo metodas: distiliavimas garais<\/li>\n<li data-start=\"683\" data-end=\"839\">10 ml tamsaus stiklo buteliuke<\/li>\n<\/ul>\n<p class=\"\" data-start=\"942\" data-end=\"1097\">\u26a0\ufe0f Tik i\u0161oriniam naudojimui. Nenuryti. Laikyti vaikams ir naminiams gyv\u016bnams nepasiekiamoje vietoje. Nenaudoti n\u0117\u0161tumo ar \u017eindymo laikotarpiu.<\/p>","protected":false},"excerpt":{"rendered":"<p>Aniba Rosaeodora Roosipuu eeterlik \u00f5li on hinnatud oma rahustava, magusa ja kergelt v\u00fcrtsika l\u00f5hna poolest, mis toetab meeleolu tasakaalustamist ja vaimset selgust.&hellip;<\/p>","protected":false},"featured_media":105319,"comment_status":"open","ping_status":"closed","template":"","meta":{"wprm-recipe-roundup-name":"","wprm-recipe-roundup-description":""},"product_brand":[],"product_cat":[5754],"product_tag":[5756],"class_list":{"0":"post-105318","1":"product","2":"type-product","3":"status-publish","4":"has-post-thumbnail","6":"product_cat-eeterlikud-olid-ja-aroomiolid","7":"product_tag-eeterlik-oli","9":"first","10":"instock","11":"sale","12":"taxable","13":"shipping-taxable","14":"purchasable","15":"product-type-simple"},"supplier_id":105232,"supplier_sku":"","barcode":"5055796528769","atum_controlled":true,"out_stock_date":null,"out_stock_threshold":null,"inheritable":false,"inbound_stock":0,"stock_on_hold":0,"sold_today":0,"sales_last_days":0,"reserved_stock":0,"customer_returns":0,"warehouse_damage":0,"lost_in_post":0,"other_logs":0,"out_stock_days":0,"lost_sales":0,"has_location":false,"update_date":"2026-03-07T01:16:07","atum_locations":[],"atum_stock_status":"instock","restock_status":false,"low_stock_amount":"","sales_update_date":"2026-03-07T01:16:07","calc_backorders":null,"aioseo_notices":[],"_links":{"self":[{"href":"https:\/\/ecoshop.ee\/lt\/wp-json\/wp\/v2\/product\/105318","targetHints":{"allow":["GET"]}}],"collection":[{"href":"https:\/\/ecoshop.ee\/lt\/wp-json\/wp\/v2\/product"}],"about":[{"href":"https:\/\/ecoshop.ee\/lt\/wp-json\/wp\/v2\/types\/product"}],"replies":[{"embeddable":true,"href":"https:\/\/ecoshop.ee\/lt\/wp-json\/wp\/v2\/comments?post=105318"}],"version-history":[{"count":0,"href":"https:\/\/ecoshop.ee\/lt\/wp-json\/wp\/v2\/product\/105318\/revisions"}],"wp:featuredmedia":[{"embeddable":true,"href":"https:\/\/ecoshop.ee\/lt\/wp-json\/wp\/v2\/media\/105319"}],"wp:attachment":[{"href":"https:\/\/ecoshop.ee\/lt\/wp-json\/wp\/v2\/media?parent=105318"}],"wp:term":[{"taxonomy":"product_brand","embeddable":true,"href":"https:\/\/ecoshop.ee\/lt\/wp-json\/wp\/v2\/product_brand?post=105318"},{"taxonomy":"product_cat","embeddable":true,"href":"https:\/\/ecoshop.ee\/lt\/wp-json\/wp\/v2\/product_cat?post=105318"},{"taxonomy":"product_tag","embeddable":true,"href":"https:\/\/ecoshop.ee\/lt\/wp-json\/wp\/v2\/product_tag?post=105318"}],"curies":[{"name":"wp","href":"https:\/\/api.w.org\/{rel}","templated":true}]}}