{"id":105468,"date":"2025-04-12T11:16:44","date_gmt":"2025-04-12T09:16:44","guid":{"rendered":"https:\/\/ecoshop.ee\/?post_type=product&#038;p=105468"},"modified":"2025-04-12T11:16:46","modified_gmt":"2025-04-12T09:16:46","slug":"kedro-medienos-eterinis-aliejus-10-ml","status":"publish","type":"product","link":"https:\/\/ecoshop.ee\/lt\/eeterlikud-olid-ja-aroomiolid\/seedripuu-eeterlik-oli-10ml\/","title":{"rendered":"Kedro eterinis aliejus \u2013 10 ml"},"content":{"rendered":"<p class=\"\" data-start=\"96\" data-end=\"165\"><em data-start=\"143\" data-end=\"165\">Juniperus Virginiana<\/em><\/p>\n<p class=\"\" data-start=\"167\" data-end=\"515\">Kedro eterinis aliejus gaunamas i\u0161 kedro med\u017eio, augan\u010dio JAV. <em data-start=\"214\" data-end=\"236\">Juniperus virginiana<\/em> medienos gar\u0173 distiliavimasrimise arbata. \u0160is aliejus vertinamas d\u0117l raminam\u0173j\u0173, balansuojan\u010di\u0173 ir od\u0105 palaikan\u010di\u0173 savybi\u0173. Jis tradici\u0161kai naudojamas odos sudirgimams, pleiskanoms ir riebal\u0173 pertekliui mal\u0161inti, taip pat d\u0117l atpalaiduojamojo poveikio esant \u012ftampai ir neramumui.<\/p>\n<p class=\"\" data-start=\"517\" data-end=\"724\">Kedro aliejus padeda reguliuoti riebalini\u0173 liauk\u0173 darb\u0105, skatina odos valym\u0105 ir ramina tiek k\u016bn\u0105, tiek prot\u0105. Jis puikiai tinka naudoti vakare miegui skatinti ir nerv\u0173 sistemai subalansuoti.<\/p>\n<ul>\n<li data-start=\"726\" data-end=\"891\">100% grynas eterinis aliejus<\/li>\n<li data-start=\"726\" data-end=\"891\">Palaiko odos pusiausvyr\u0105 ir ramina sudirgimus<\/li>\n<li data-start=\"726\" data-end=\"891\">Nat\u016bralus antiseptinis ir prie\u0161grybelinis poveikis<\/li>\n<li data-start=\"726\" data-end=\"891\">Tinka naudoti raminimui ir atpalaidavimui<\/li>\n<li data-start=\"726\" data-end=\"891\">Naudota augalo dalis: mediena<\/li>\n<li data-start=\"726\" data-end=\"891\">Ekstrahavimo metodas: distiliavimas garais<\/li>\n<li data-start=\"726\" data-end=\"891\">10 ml tamsaus stiklo buteliuke<\/li>\n<\/ul>\n<p class=\"\" data-start=\"994\" data-end=\"1149\">\u26a0\ufe0f Tik i\u0161oriniam naudojimui. Nenuryti. Laikyti vaikams ir naminiams gyv\u016bnams nepasiekiamoje vietoje. Nenaudoti n\u0117\u0161tumo ar \u017eindymo laikotarpiu.<\/p>","protected":false},"excerpt":{"rendered":"<p>Juniperus Virginiana Seedripuu eeterlik \u00f5li on saadud USA-s kasvava Juniperus virginiana puidust aurudestilleerimise teel. See \u00f5li on hinnatud oma rahustavate, tasakaalustavate ja&hellip;<\/p>","protected":false},"featured_media":105469,"comment_status":"open","ping_status":"closed","template":"","meta":{"wprm-recipe-roundup-name":"","wprm-recipe-roundup-description":""},"product_brand":[],"product_cat":[5754],"product_tag":[5756],"class_list":{"0":"post-105468","1":"product","2":"type-product","3":"status-publish","4":"has-post-thumbnail","6":"product_cat-eeterlikud-olid-ja-aroomiolid","7":"product_tag-eeterlik-oli","9":"first","10":"instock","11":"taxable","12":"shipping-taxable","13":"purchasable","14":"product-type-simple"},"supplier_id":105232,"supplier_sku":"","barcode":"5055796528875","atum_controlled":true,"out_stock_date":null,"out_stock_threshold":null,"inheritable":false,"inbound_stock":0,"stock_on_hold":0,"sold_today":0,"sales_last_days":0,"reserved_stock":0,"customer_returns":0,"warehouse_damage":0,"lost_in_post":0,"other_logs":0,"out_stock_days":0,"lost_sales":0,"has_location":false,"update_date":"2026-03-07T01:16:07","atum_locations":[],"atum_stock_status":"instock","restock_status":false,"low_stock_amount":"","sales_update_date":"2026-03-07T01:16:07","calc_backorders":null,"aioseo_notices":[],"_links":{"self":[{"href":"https:\/\/ecoshop.ee\/lt\/wp-json\/wp\/v2\/product\/105468","targetHints":{"allow":["GET"]}}],"collection":[{"href":"https:\/\/ecoshop.ee\/lt\/wp-json\/wp\/v2\/product"}],"about":[{"href":"https:\/\/ecoshop.ee\/lt\/wp-json\/wp\/v2\/types\/product"}],"replies":[{"embeddable":true,"href":"https:\/\/ecoshop.ee\/lt\/wp-json\/wp\/v2\/comments?post=105468"}],"version-history":[{"count":0,"href":"https:\/\/ecoshop.ee\/lt\/wp-json\/wp\/v2\/product\/105468\/revisions"}],"wp:featuredmedia":[{"embeddable":true,"href":"https:\/\/ecoshop.ee\/lt\/wp-json\/wp\/v2\/media\/105469"}],"wp:attachment":[{"href":"https:\/\/ecoshop.ee\/lt\/wp-json\/wp\/v2\/media?parent=105468"}],"wp:term":[{"taxonomy":"product_brand","embeddable":true,"href":"https:\/\/ecoshop.ee\/lt\/wp-json\/wp\/v2\/product_brand?post=105468"},{"taxonomy":"product_cat","embeddable":true,"href":"https:\/\/ecoshop.ee\/lt\/wp-json\/wp\/v2\/product_cat?post=105468"},{"taxonomy":"product_tag","embeddable":true,"href":"https:\/\/ecoshop.ee\/lt\/wp-json\/wp\/v2\/product_tag?post=105468"}],"curies":[{"name":"wp","href":"https:\/\/api.w.org\/{rel}","templated":true}]}}