{"id":105474,"date":"2025-04-12T12:42:09","date_gmt":"2025-04-12T10:42:09","guid":{"rendered":"https:\/\/ecoshop.ee\/?post_type=product&#038;p=105474"},"modified":"2025-12-08T11:16:49","modified_gmt":"2025-12-08T08:16:49","slug":"citrinzoles-eterinis-aliejus-10-ml","status":"publish","type":"product","link":"https:\/\/ecoshop.ee\/lt\/eeterlikud-olid-ja-aroomiolid\/sidrunheina-eeterlik-oli-10ml\/","title":{"rendered":"Citrin\u017eol\u0117s eterinis aliejus \u2013 10 ml"},"content":{"rendered":"<p class=\"\" data-start=\"86\" data-end=\"145\"><em data-start=\"124\" data-end=\"145\">Cymbopogon Citratus<\/em><\/p>\n<p class=\"\" data-start=\"147\" data-end=\"462\">Citrin\u017eol\u0117s eterinis aliejus gaunamas distiliuojant garais rimise <em data-start=\"206\" data-end=\"227\">Cymbopogon citratus<\/em> i\u0161gaunamas i\u0161 augalo r\u016b\u0161ies, dar vadinamos \u201caliejine \u017eole\u201d, lap\u0173. Jo gaivus, citrusinis kvapas \u017einomas d\u0117l stimuliuojan\u010dio ir valan\u010dio poveikio. Aromaterapijoje jis naudojamas nuovargiui, galvos skausmui, nerviniam i\u0161sekimui ir stresui mal\u0161inti.<\/p>\n<p class=\"\" data-start=\"464\" data-end=\"814\">Citrin\u017eol\u0117s aliejus skatina vir\u0161kinim\u0105, padeda suma\u017einti raumen\u0173 \u012ftamp\u0105 ir skatina greitesn\u012f atsigavim\u0105 po lig\u0173. Jis taip pat nat\u016braliai padeda subalansuoti riebi\u0105 od\u0105 ir ma\u017einti prakaitavim\u0105. Aliejus taip pat tinka kaip nat\u016brali priemon\u0117 nuo vabzd\u017ei\u0173, pavyzd\u017eiui, blusoms ir erk\u0117ms atbaidyti. Tepkite ant odos atsargiai \u2013 gali sukelti dirginim\u0105.<\/p>\n<ul>\n<li data-start=\"816\" data-end=\"998\">100% grynas eterinis aliejus<\/li>\n<li data-start=\"816\" data-end=\"998\">Gaivinantis ir gaivinantis citrusini\u0173 vaisi\u0173 aromatas<\/li>\n<li data-start=\"816\" data-end=\"998\">Palaiko atsistatym\u0105 ir ma\u017eina raumen\u0173 \u012ftamp\u0105<\/li>\n<li data-start=\"816\" data-end=\"998\">Tinka riebios odos balansavimui ir nat\u016braliam vabzd\u017ei\u0173 atbaidymui<\/li>\n<li data-start=\"816\" data-end=\"998\">Naudota augalo dalis: lapai<\/li>\n<li data-start=\"816\" data-end=\"998\">Ekstrahavimo metodas: distiliavimas garais<\/li>\n<li data-start=\"816\" data-end=\"998\">10 ml tamsaus stiklo buteliuke<\/li>\n<\/ul>\n<p class=\"\" data-start=\"1102\" data-end=\"1257\">\u26a0\ufe0f Tik i\u0161oriniam naudojimui. Nenuryti. Laikyti vaikams ir naminiams gyv\u016bnams nepasiekiamoje vietoje. Nenaudoti n\u0117\u0161tumo ar \u017eindymo laikotarpiu.<\/p>","protected":false},"excerpt":{"rendered":"<p>Cymbopogon Citratus Sidrunheina eeterlik \u00f5li saadakse aurudestilleerimise teel Cymbopogon citratus taimeliigi lehtedest, mida kutsutakse ka \u201c\u00f5liheinaks\u201d. Selle v\u00e4rske, tsitruseline l\u00f5hn on tuntud&hellip;<\/p>","protected":false},"featured_media":105476,"comment_status":"open","ping_status":"closed","template":"","meta":{"wprm-recipe-roundup-name":"","wprm-recipe-roundup-description":""},"product_brand":[],"product_cat":[5754],"product_tag":[5756],"class_list":{"0":"post-105474","1":"product","2":"type-product","3":"status-publish","4":"has-post-thumbnail","6":"product_cat-eeterlikud-olid-ja-aroomiolid","7":"product_tag-eeterlik-oli","9":"first","10":"instock","11":"taxable","12":"shipping-taxable","13":"purchasable","14":"product-type-simple"},"supplier_id":105232,"supplier_sku":"","barcode":"5055796528653","atum_controlled":true,"out_stock_date":null,"out_stock_threshold":null,"inheritable":false,"inbound_stock":0,"stock_on_hold":0,"sold_today":0,"sales_last_days":0,"reserved_stock":0,"customer_returns":0,"warehouse_damage":0,"lost_in_post":0,"other_logs":0,"out_stock_days":0,"lost_sales":0,"has_location":false,"update_date":"2026-03-07T01:16:07","atum_locations":[],"atum_stock_status":"instock","restock_status":false,"low_stock_amount":"","sales_update_date":"2026-03-07T01:16:07","calc_backorders":null,"aioseo_notices":[],"_links":{"self":[{"href":"https:\/\/ecoshop.ee\/lt\/wp-json\/wp\/v2\/product\/105474","targetHints":{"allow":["GET"]}}],"collection":[{"href":"https:\/\/ecoshop.ee\/lt\/wp-json\/wp\/v2\/product"}],"about":[{"href":"https:\/\/ecoshop.ee\/lt\/wp-json\/wp\/v2\/types\/product"}],"replies":[{"embeddable":true,"href":"https:\/\/ecoshop.ee\/lt\/wp-json\/wp\/v2\/comments?post=105474"}],"version-history":[{"count":0,"href":"https:\/\/ecoshop.ee\/lt\/wp-json\/wp\/v2\/product\/105474\/revisions"}],"wp:featuredmedia":[{"embeddable":true,"href":"https:\/\/ecoshop.ee\/lt\/wp-json\/wp\/v2\/media\/105476"}],"wp:attachment":[{"href":"https:\/\/ecoshop.ee\/lt\/wp-json\/wp\/v2\/media?parent=105474"}],"wp:term":[{"taxonomy":"product_brand","embeddable":true,"href":"https:\/\/ecoshop.ee\/lt\/wp-json\/wp\/v2\/product_brand?post=105474"},{"taxonomy":"product_cat","embeddable":true,"href":"https:\/\/ecoshop.ee\/lt\/wp-json\/wp\/v2\/product_cat?post=105474"},{"taxonomy":"product_tag","embeddable":true,"href":"https:\/\/ecoshop.ee\/lt\/wp-json\/wp\/v2\/product_tag?post=105474"}],"curies":[{"name":"wp","href":"https:\/\/api.w.org\/{rel}","templated":true}]}}