{"id":105481,"date":"2025-04-12T14:17:02","date_gmt":"2025-04-12T12:17:02","guid":{"rendered":"https:\/\/ecoshop.ee\/?post_type=product&#038;p=105481"},"modified":"2025-04-12T14:17:03","modified_gmt":"2025-04-12T12:17:03","slug":"citroneles-eterinis-aliejus-10-ml","status":"publish","type":"product","link":"https:\/\/ecoshop.ee\/lt\/eeterlikud-olid-ja-aroomiolid\/tsitronella-eeterlik-oli-10ml\/","title":{"rendered":"Citronel\u0117s eterinis aliejus \u2013 10 ml"},"content":{"rendered":"<p class=\"\" data-start=\"91\" data-end=\"153\"><em data-start=\"129\" data-end=\"153\">Cymbopogon Winterianus<\/em><\/p>\n<p class=\"\" data-start=\"155\" data-end=\"452\">Citronel\u0117s eterinis aliejus gaunamas distiliuojant garais rimise <em data-start=\"214\" data-end=\"238\">Cymbopogon winterianus<\/em> \u0160is aliejus visame pasaulyje \u017einomas kaip nat\u016bralus ir veiksmingas vabzd\u017ei\u0173 atbaidymo b\u016bdas, naudojamas nuo sen\u0173 laik\u0173. Aromatas yra citrininis, gaivus ir gaivinantis, sukuriantis kambaryje lengvumo ir pozityvumo poj\u016bt\u012f.<\/p>\n<p class=\"\" data-start=\"454\" data-end=\"717\">Be to, kad atbaido uodus ir vabzd\u017eius, citronel\u0117 padeda reguliuoti gaus\u0173 prakaitavim\u0105 ir riebi\u0105 od\u0105. Aromaterapijoje ji naudojama galvos skausmui, nuovargiui ir raumen\u0173 \u012ftampai mal\u0161inti. Ji taip pat tinka patalp\u0173 kv\u0117pinimui, siekiant sukurti maloni\u0105, skaidri\u0105 ir gyvybing\u0105 nuotaik\u0105.<\/p>\n<ul>\n<li data-start=\"719\" data-end=\"885\">100% grynas eterinis aliejus<\/li>\n<li data-start=\"719\" data-end=\"885\">Efektyvus nat\u016bralus uod\u0173 ir vabzd\u017ei\u0173 repelentas<\/li>\n<li data-start=\"719\" data-end=\"885\">Gaivinantis ir gaivinantis citrusini\u0173 vaisi\u0173 aromatas<\/li>\n<li data-start=\"719\" data-end=\"885\">Palaiko odos pusiausvyr\u0105 ir padeda suma\u017einti \u012ftamp\u0105<\/li>\n<li data-start=\"719\" data-end=\"885\">Naudota augalo dalis: d\u017eiovinta \u017eol\u0117<\/li>\n<li data-start=\"719\" data-end=\"885\">Ekstrahavimo metodas: distiliavimas garais<\/li>\n<li data-start=\"719\" data-end=\"885\">10 ml tamsaus stiklo buteliuke<\/li>\n<\/ul>\n<p class=\"\" data-start=\"999\" data-end=\"1168\">\u26a0\ufe0f Tik i\u0161oriniam naudojimui. Nenuryti. Laikyti vaikams ir naminiams gyv\u016bnams nepasiekiamoje vietoje. Nenaudoti n\u0117\u0161tumo metu arba vaikams iki 3 met\u0173.<\/p>","protected":false},"excerpt":{"rendered":"<p>Cymbopogon Winterianus Tsitronella eeterlik \u00f5li saadakse aurudestilleerimise teel Cymbopogon winterianus liigi kuivatatud rohust. See \u00f5li on maailmas tuntud kui looduslik ja t\u00f5hus&hellip;<\/p>","protected":false},"featured_media":105482,"comment_status":"open","ping_status":"closed","template":"","meta":{"wprm-recipe-roundup-name":"","wprm-recipe-roundup-description":""},"product_brand":[],"product_cat":[5754],"product_tag":[5756],"class_list":{"0":"post-105481","1":"product","2":"type-product","3":"status-publish","4":"has-post-thumbnail","6":"product_cat-eeterlikud-olid-ja-aroomiolid","7":"product_tag-eeterlik-oli","9":"first","10":"instock","11":"taxable","12":"shipping-taxable","13":"purchasable","14":"product-type-simple"},"supplier_id":105232,"supplier_sku":"","barcode":"5055796528578","atum_controlled":true,"out_stock_date":null,"out_stock_threshold":null,"inheritable":false,"inbound_stock":0,"stock_on_hold":0,"sold_today":0,"sales_last_days":0,"reserved_stock":0,"customer_returns":0,"warehouse_damage":0,"lost_in_post":0,"other_logs":0,"out_stock_days":0,"lost_sales":0,"has_location":false,"update_date":"2026-03-07T01:16:07","atum_locations":[],"atum_stock_status":"instock","restock_status":false,"low_stock_amount":"","sales_update_date":"2026-03-07T01:16:07","calc_backorders":null,"aioseo_notices":[],"_links":{"self":[{"href":"https:\/\/ecoshop.ee\/lt\/wp-json\/wp\/v2\/product\/105481","targetHints":{"allow":["GET"]}}],"collection":[{"href":"https:\/\/ecoshop.ee\/lt\/wp-json\/wp\/v2\/product"}],"about":[{"href":"https:\/\/ecoshop.ee\/lt\/wp-json\/wp\/v2\/types\/product"}],"replies":[{"embeddable":true,"href":"https:\/\/ecoshop.ee\/lt\/wp-json\/wp\/v2\/comments?post=105481"}],"version-history":[{"count":0,"href":"https:\/\/ecoshop.ee\/lt\/wp-json\/wp\/v2\/product\/105481\/revisions"}],"wp:featuredmedia":[{"embeddable":true,"href":"https:\/\/ecoshop.ee\/lt\/wp-json\/wp\/v2\/media\/105482"}],"wp:attachment":[{"href":"https:\/\/ecoshop.ee\/lt\/wp-json\/wp\/v2\/media?parent=105481"}],"wp:term":[{"taxonomy":"product_brand","embeddable":true,"href":"https:\/\/ecoshop.ee\/lt\/wp-json\/wp\/v2\/product_brand?post=105481"},{"taxonomy":"product_cat","embeddable":true,"href":"https:\/\/ecoshop.ee\/lt\/wp-json\/wp\/v2\/product_cat?post=105481"},{"taxonomy":"product_tag","embeddable":true,"href":"https:\/\/ecoshop.ee\/lt\/wp-json\/wp\/v2\/product_tag?post=105481"}],"curies":[{"name":"wp","href":"https:\/\/api.w.org\/{rel}","templated":true}]}}