{"id":105484,"date":"2025-04-12T14:21:57","date_gmt":"2025-04-12T12:21:57","guid":{"rendered":"https:\/\/ecoshop.ee\/?post_type=product&#038;p=105484"},"modified":"2025-04-12T14:21:58","modified_gmt":"2025-04-12T12:21:58","slug":"baziliko-eterinis-aliejus-10-ml","status":"publish","type":"product","link":"https:\/\/ecoshop.ee\/lt\/eeterlikud-olid-ja-aroomiolid\/basiiliku-eeterlik-oli-10ml\/","title":{"rendered":"Baziliko eterinis aliejus \u2013 10 ml"},"content":{"rendered":"<p class=\"\" data-start=\"86\" data-end=\"140\"><em data-start=\"122\" data-end=\"140\">Ocimum Basilicum<\/em><\/p>\n<p class=\"\" data-start=\"142\" data-end=\"534\">Baziliko eterinis aliejus gaunamas distiliuojant garaisrimise i\u0161 baziliko augalo lap\u0173 ir \u017eydin\u010di\u0173 vir\u0161\u016bni\u0173. Jo \u017ealsvai geltonos spalvos aliejus turi gaiv\u0173 ir a\u0161tr\u0173 kvap\u0105 ir yra naudojamas aromaterapijoje kaip gaivinanti, susikaupim\u0105 skatinanti ir protin\u012f nuovarg\u012f ma\u017einanti \u017eol\u0117. Bazilikas kil\u0119s i\u0161 tropin\u0117s Azijos ir Ramiojo vandenyno sal\u0173, o Indijoje jau \u0161imtme\u010dius yra svarbi tiek gydymo, tiek maldos dalis.<\/p>\n<p class=\"\" data-start=\"536\" data-end=\"841\">Bazilik\u0173 aliejus palaiko kv\u0117pavimo sistem\u0105 ir tinka naudoti astmos, bronchito ir sinusito simptomams palengvinti. Jis taip pat naudojamas esant su stresu susijusiems galvos skausmams, vir\u0161kinimo sutrikimams, menstruacij\u0173 sutrikimams ir s\u0105nari\u0173 skausmams. Aliejus gaivina od\u0105 ir padeda palengvinti vabzd\u017ei\u0173 \u012fkandim\u0173 sukeltus skausmus.<\/p>\n<ul>\n<li data-start=\"843\" data-end=\"1012\">100% grynas eterinis aliejus<\/li>\n<li data-start=\"843\" data-end=\"1012\">Sustiprina dvasi\u0105 ir ai\u0161kum\u0105, ma\u017eina nuovarg\u012f<\/li>\n<li data-start=\"843\" data-end=\"1012\">Palaiko kv\u0117pavimo ir vir\u0161kinimo sistemas<\/li>\n<li data-start=\"843\" data-end=\"1012\">Nat\u016brali priemon\u0117 nuo galvos skausmo ir raumen\u0173 \u012ftampos<\/li>\n<li data-start=\"843\" data-end=\"1012\">Naudota augalo dalis: \u017eydinti \u017eol\u0117<\/li>\n<li data-start=\"843\" data-end=\"1012\">Ekstrahavimo metodas: distiliavimas garais<\/li>\n<li data-start=\"843\" data-end=\"1012\">10 ml tamsaus stiklo buteliuke<\/li>\n<\/ul>\n<p class=\"\" data-start=\"1121\" data-end=\"1291\">\u26a0\ufe0f Tik i\u0161oriniam naudojimui. Nenurykite. Nenaudokite n\u0117\u0161tumo metu arba vaikams iki 16 met\u0173. Laikyti vaikams ir naminiams gyv\u016bnams nepasiekiamoje vietoje.<\/p>","protected":false},"excerpt":{"rendered":"<p>Ocimum Basilicum Basiiliku eeterlik \u00f5li saadakse aurudestilleerimise teel basiiliku lehtedest ja \u00f5itsvatest latvadest. Selle rohekas-kollane \u00f5li on v\u00e4rske ja terava l\u00f5hnaga, m\u00f5judes&hellip;<\/p>","protected":false},"featured_media":105485,"comment_status":"open","ping_status":"closed","template":"","meta":{"wprm-recipe-roundup-name":"","wprm-recipe-roundup-description":""},"product_brand":[],"product_cat":[5754],"product_tag":[5756],"class_list":{"0":"post-105484","1":"product","2":"type-product","3":"status-publish","4":"has-post-thumbnail","6":"product_cat-eeterlikud-olid-ja-aroomiolid","7":"product_tag-eeterlik-oli","9":"first","10":"instock","11":"sale","12":"taxable","13":"shipping-taxable","14":"purchasable","15":"product-type-simple"},"supplier_id":105232,"supplier_sku":"","barcode":"5055796528509","atum_controlled":true,"out_stock_date":null,"out_stock_threshold":null,"inheritable":false,"inbound_stock":0,"stock_on_hold":0,"sold_today":0,"sales_last_days":0,"reserved_stock":0,"customer_returns":0,"warehouse_damage":0,"lost_in_post":0,"other_logs":0,"out_stock_days":0,"lost_sales":0,"has_location":false,"update_date":"2026-03-07T01:16:07","atum_locations":[],"atum_stock_status":"instock","restock_status":false,"low_stock_amount":"","sales_update_date":"2026-03-07T01:16:07","calc_backorders":null,"aioseo_notices":[],"_links":{"self":[{"href":"https:\/\/ecoshop.ee\/lt\/wp-json\/wp\/v2\/product\/105484","targetHints":{"allow":["GET"]}}],"collection":[{"href":"https:\/\/ecoshop.ee\/lt\/wp-json\/wp\/v2\/product"}],"about":[{"href":"https:\/\/ecoshop.ee\/lt\/wp-json\/wp\/v2\/types\/product"}],"replies":[{"embeddable":true,"href":"https:\/\/ecoshop.ee\/lt\/wp-json\/wp\/v2\/comments?post=105484"}],"version-history":[{"count":0,"href":"https:\/\/ecoshop.ee\/lt\/wp-json\/wp\/v2\/product\/105484\/revisions"}],"wp:featuredmedia":[{"embeddable":true,"href":"https:\/\/ecoshop.ee\/lt\/wp-json\/wp\/v2\/media\/105485"}],"wp:attachment":[{"href":"https:\/\/ecoshop.ee\/lt\/wp-json\/wp\/v2\/media?parent=105484"}],"wp:term":[{"taxonomy":"product_brand","embeddable":true,"href":"https:\/\/ecoshop.ee\/lt\/wp-json\/wp\/v2\/product_brand?post=105484"},{"taxonomy":"product_cat","embeddable":true,"href":"https:\/\/ecoshop.ee\/lt\/wp-json\/wp\/v2\/product_cat?post=105484"},{"taxonomy":"product_tag","embeddable":true,"href":"https:\/\/ecoshop.ee\/lt\/wp-json\/wp\/v2\/product_tag?post=105484"}],"curies":[{"name":"wp","href":"https:\/\/api.w.org\/{rel}","templated":true}]}}