{"id":105490,"date":"2025-04-12T14:33:56","date_gmt":"2025-04-12T12:33:56","guid":{"rendered":"https:\/\/ecoshop.ee\/?post_type=product&#038;p=105490"},"modified":"2025-04-12T14:33:57","modified_gmt":"2025-04-12T12:33:57","slug":"pankoliu-eterinis-aliejus-10-ml","status":"publish","type":"product","link":"https:\/\/ecoshop.ee\/lt\/eeterlikud-olid-ja-aroomiolid\/fenkoli-eeterlik-oli-10ml\/","title":{"rendered":"Pankoli\u0173 eterinis aliejus \u2013 10 ml"},"content":{"rendered":"<p class=\"\" data-start=\"84\" data-end=\"138\"><em data-start=\"118\" data-end=\"138\">Foeniculum Vulgare<\/em><\/p>\n<p class=\"\" data-start=\"140\" data-end=\"434\">Pankoli\u0173 eterinis aliejus gaunamas distiliuojant garais i\u0161 susmulkint\u0173 pankoli\u0173. <em data-start=\"206\" data-end=\"226\">Foeniculum vulgare<\/em> i\u0161 s\u0117kl\u0173. Tai saldusis pankolis, dar \u017einomas kaip rom\u0117ninis pankolis. \u0160io aliejaus aromatas yra \u0161iltas, \u017eoleli\u0173 ir \u0161iek tiek a\u0161trus, jis naudojamas aromaterapijoje pasitik\u0117jimui savimi ir vidinei stiprybei palaikyti.<\/p>\n<p class=\"\" data-start=\"436\" data-end=\"752\">Pankoli\u0173 aliejus vertinamas d\u0117l savo teigiamo poveikio vir\u0161kinimui \u2013 jis padeda suma\u017einti pilvo p\u016btim\u0105, pykinim\u0105, viduri\u0173 u\u017ekiet\u0117jim\u0105 ir nevir\u0161kinim\u0105. Taip pat manoma, kad jis skatina sotumo jausm\u0105 ir taip padeda numesti svorio. Odos prie\u017ei\u016broje jis naudojamas riebiai odai subalansuoti ir tonizuoti.<\/p>\n<ul>\n<li data-start=\"754\" data-end=\"923\">100% grynas eterinis aliejus<\/li>\n<li data-start=\"754\" data-end=\"923\">Palaiko vir\u0161kinim\u0105 ir padeda suma\u017einti pilvo p\u016btim\u0105<\/li>\n<li data-start=\"754\" data-end=\"923\">Maitina od\u0105 ir ma\u017eina riebal\u0173 pertekli\u0173<\/li>\n<li data-start=\"754\" data-end=\"923\">Skatina vidin\u0119 pusiausvyr\u0105 ir susikaupim\u0105<\/li>\n<li data-start=\"754\" data-end=\"923\">Naudota augalo dalis: susmulkintos s\u0117klos<\/li>\n<li data-start=\"754\" data-end=\"923\">Ekstrahavimo metodas: distiliavimas garais<\/li>\n<li data-start=\"754\" data-end=\"923\">10 ml tamsaus stiklo buteliuke<\/li>\n<\/ul>\n<p class=\"\" data-start=\"1040\" data-end=\"1241\">\u26a0\ufe0f Tik i\u0161oriniam naudojimui. Nenurykite. Nenaudokite n\u0117\u0161tumo, \u017eindymo laikotarpiu ar sergant epilepsija. Nenaudokite, jei sergate kr\u016bties v\u0117\u017eiu. Laikyti vaikams ir naminiams gyv\u016bnams nepasiekiamoje vietoje.<\/p>","protected":false},"excerpt":{"rendered":"<p>Foeniculum Vulgare Fenkoli eeterlik \u00f5li saadakse aurudestilleerimise teel purustatud Foeniculum vulgare seemnetest. Tegu on magusa fenkoliga, mida tuntakse ka kui Rooma fenkolit.&hellip;<\/p>","protected":false},"featured_media":105491,"comment_status":"open","ping_status":"closed","template":"","meta":{"wprm-recipe-roundup-name":"","wprm-recipe-roundup-description":""},"product_brand":[],"product_cat":[5754],"product_tag":[5756],"class_list":{"0":"post-105490","1":"product","2":"type-product","3":"status-publish","4":"has-post-thumbnail","6":"product_cat-eeterlikud-olid-ja-aroomiolid","7":"product_tag-eeterlik-oli","9":"first","10":"instock","11":"taxable","12":"shipping-taxable","13":"purchasable","14":"product-type-simple"},"supplier_id":105232,"supplier_sku":"","barcode":"5055796528530","atum_controlled":true,"out_stock_date":null,"out_stock_threshold":null,"inheritable":false,"inbound_stock":0,"stock_on_hold":0,"sold_today":0,"sales_last_days":0,"reserved_stock":0,"customer_returns":0,"warehouse_damage":0,"lost_in_post":0,"other_logs":0,"out_stock_days":0,"lost_sales":0,"has_location":false,"update_date":"2026-03-07T01:16:07","atum_locations":[],"atum_stock_status":"instock","restock_status":false,"low_stock_amount":"","sales_update_date":"2026-03-07T01:16:07","calc_backorders":null,"aioseo_notices":[],"_links":{"self":[{"href":"https:\/\/ecoshop.ee\/lt\/wp-json\/wp\/v2\/product\/105490","targetHints":{"allow":["GET"]}}],"collection":[{"href":"https:\/\/ecoshop.ee\/lt\/wp-json\/wp\/v2\/product"}],"about":[{"href":"https:\/\/ecoshop.ee\/lt\/wp-json\/wp\/v2\/types\/product"}],"replies":[{"embeddable":true,"href":"https:\/\/ecoshop.ee\/lt\/wp-json\/wp\/v2\/comments?post=105490"}],"version-history":[{"count":0,"href":"https:\/\/ecoshop.ee\/lt\/wp-json\/wp\/v2\/product\/105490\/revisions"}],"wp:featuredmedia":[{"embeddable":true,"href":"https:\/\/ecoshop.ee\/lt\/wp-json\/wp\/v2\/media\/105491"}],"wp:attachment":[{"href":"https:\/\/ecoshop.ee\/lt\/wp-json\/wp\/v2\/media?parent=105490"}],"wp:term":[{"taxonomy":"product_brand","embeddable":true,"href":"https:\/\/ecoshop.ee\/lt\/wp-json\/wp\/v2\/product_brand?post=105490"},{"taxonomy":"product_cat","embeddable":true,"href":"https:\/\/ecoshop.ee\/lt\/wp-json\/wp\/v2\/product_cat?post=105490"},{"taxonomy":"product_tag","embeddable":true,"href":"https:\/\/ecoshop.ee\/lt\/wp-json\/wp\/v2\/product_tag?post=105490"}],"curies":[{"name":"wp","href":"https:\/\/api.w.org\/{rel}","templated":true}]}}