{"id":105494,"date":"2025-04-12T14:39:58","date_gmt":"2025-04-12T12:39:58","guid":{"rendered":"https:\/\/ecoshop.ee\/?post_type=product&#038;p=105494"},"modified":"2025-04-12T14:39:59","modified_gmt":"2025-04-12T12:39:59","slug":"juoduju-pipiru-eterinis-aliejus-10-ml","status":"publish","type":"product","link":"https:\/\/ecoshop.ee\/lt\/eeterlikud-olid-ja-aroomiolid\/musta-pipra-eeterlik-oli-10ml\/","title":{"rendered":"Juod\u0173j\u0173 pipir\u0173 eterinis aliejus \u2013 10 ml"},"content":{"rendered":"<p class=\"\" data-start=\"86\" data-end=\"138\"><em data-start=\"124\" data-end=\"138\">Piper Nigrum<\/em><\/p>\n<p class=\"\" data-start=\"140\" data-end=\"492\">Juod\u0173j\u0173 pipir\u0173 eterinis aliejus gaunamas distiliuojant garais. rimise Kilm\u0117s \u0161alis: Indija <em data-start=\"214\" data-end=\"228\">Juodieji pipirai<\/em> i\u0161 augalo pipir\u0173 gr\u016bdeli\u0173. \u0160is \u0161iltas, a\u0161trus ir gaivinantis aliejus turi nat\u016brali\u0173 antioksidant\u0173 (monoterpen\u0173 ir seskviterpen\u0173), kurie palaiko imunin\u0119 sistem\u0105 ir bendr\u0105 savijaut\u0105. Masa\u017eo mi\u0161iniuose jis sukuria maloniai \u0161ildant\u012f poj\u016bt\u012f ir padeda atpalaiduoti raumen\u0173 \u012ftamp\u0105.<\/p>\n<p class=\"\" data-start=\"494\" data-end=\"663\">Juodieji pipirai naudojami aromaterapijoje d\u0117l savo raminamojo poveikio \u2013 padeda suma\u017einti nerim\u0105, subalansuoti emocijas, palaikyti susikaupim\u0105 ir protines j\u0117gas.<\/p>\n<ul>\n<li data-start=\"665\" data-end=\"810\">100% grynas eterinis aliejus<\/li>\n<li data-start=\"665\" data-end=\"810\">\u0160ildantis ir atpalaiduojantis raumen\u0173 masa\u017eas<\/li>\n<li data-start=\"665\" data-end=\"810\">Palaiko imunin\u0119 sistem\u0105 ir bendr\u0105 savijaut\u0105<\/li>\n<li data-start=\"665\" data-end=\"810\">Ramina \u012fsitempusias emocijas ir prot\u0105<\/li>\n<li data-start=\"665\" data-end=\"810\">Naudota augalo dalis: pipirai<\/li>\n<li data-start=\"665\" data-end=\"810\">Ekstrahavimo metodas: distiliavimas garais<\/li>\n<li data-start=\"665\" data-end=\"810\">10 ml tamsaus stiklo buteliuke<\/li>\n<\/ul>\n<p class=\"\" data-start=\"919\" data-end=\"1074\">\u26a0\ufe0f Tik i\u0161oriniam naudojimui. Nenuryti. Laikyti vaikams ir naminiams gyv\u016bnams nepasiekiamoje vietoje. Nenaudoti n\u0117\u0161tumo ar \u017eindymo laikotarpiu.<\/p>","protected":false},"excerpt":{"rendered":"<p>Piper Nigrum Musta pipra eeterlik \u00f5li saadakse aurudestilleerimise teel India p\u00e4ritolu Piper nigrum taime piprateradest. See soe, v\u00fcrtsikas ja ergutav \u00f5li sisaldab&hellip;<\/p>","protected":false},"featured_media":105495,"comment_status":"open","ping_status":"closed","template":"","meta":{"wprm-recipe-roundup-name":"","wprm-recipe-roundup-description":""},"product_brand":[],"product_cat":[5754],"product_tag":[5756],"class_list":{"0":"post-105494","1":"product","2":"type-product","3":"status-publish","4":"has-post-thumbnail","6":"product_cat-eeterlikud-olid-ja-aroomiolid","7":"product_tag-eeterlik-oli","9":"first","10":"instock","11":"sale","12":"taxable","13":"shipping-taxable","14":"purchasable","15":"product-type-simple"},"supplier_id":105232,"supplier_sku":"","barcode":"5055796528523","atum_controlled":true,"out_stock_date":null,"out_stock_threshold":null,"inheritable":false,"inbound_stock":0,"stock_on_hold":0,"sold_today":0,"sales_last_days":0,"reserved_stock":0,"customer_returns":0,"warehouse_damage":0,"lost_in_post":0,"other_logs":0,"out_stock_days":0,"lost_sales":0,"has_location":false,"update_date":"2026-03-07T01:16:07","atum_locations":[],"atum_stock_status":"instock","restock_status":false,"low_stock_amount":"","sales_update_date":"2026-03-07T01:16:07","calc_backorders":null,"aioseo_notices":[],"_links":{"self":[{"href":"https:\/\/ecoshop.ee\/lt\/wp-json\/wp\/v2\/product\/105494","targetHints":{"allow":["GET"]}}],"collection":[{"href":"https:\/\/ecoshop.ee\/lt\/wp-json\/wp\/v2\/product"}],"about":[{"href":"https:\/\/ecoshop.ee\/lt\/wp-json\/wp\/v2\/types\/product"}],"replies":[{"embeddable":true,"href":"https:\/\/ecoshop.ee\/lt\/wp-json\/wp\/v2\/comments?post=105494"}],"version-history":[{"count":0,"href":"https:\/\/ecoshop.ee\/lt\/wp-json\/wp\/v2\/product\/105494\/revisions"}],"wp:featuredmedia":[{"embeddable":true,"href":"https:\/\/ecoshop.ee\/lt\/wp-json\/wp\/v2\/media\/105495"}],"wp:attachment":[{"href":"https:\/\/ecoshop.ee\/lt\/wp-json\/wp\/v2\/media?parent=105494"}],"wp:term":[{"taxonomy":"product_brand","embeddable":true,"href":"https:\/\/ecoshop.ee\/lt\/wp-json\/wp\/v2\/product_brand?post=105494"},{"taxonomy":"product_cat","embeddable":true,"href":"https:\/\/ecoshop.ee\/lt\/wp-json\/wp\/v2\/product_cat?post=105494"},{"taxonomy":"product_tag","embeddable":true,"href":"https:\/\/ecoshop.ee\/lt\/wp-json\/wp\/v2\/product_tag?post=105494"}],"curies":[{"name":"wp","href":"https:\/\/api.w.org\/{rel}","templated":true}]}}