{"id":105497,"date":"2025-04-12T14:45:44","date_gmt":"2025-04-12T12:45:44","guid":{"rendered":"https:\/\/ecoshop.ee\/?post_type=product&#038;p=105497"},"modified":"2025-04-12T14:45:45","modified_gmt":"2025-04-12T12:45:45","slug":"bergamociu-eterinis-aliejus-10-ml","status":"publish","type":"product","link":"https:\/\/ecoshop.ee\/lt\/eeterlikud-olid-ja-aroomiolid\/bergamoti-eeterlik-oli-10ml\/","title":{"rendered":"Bergamo\u010di\u0173 eterinis aliejus \u2013 10 ml"},"content":{"rendered":"<p class=\"\" data-start=\"90\" data-end=\"149\"><em data-start=\"132\" data-end=\"149\">Citrusinis bergamija<\/em><\/p>\n<p class=\"\" data-start=\"151\" data-end=\"493\">Bergamo\u010di\u0173 eterinis aliejus i\u0161gaunamas \u0161alto spaudimo b\u016bdu. <em data-start=\"203\" data-end=\"220\">Citrusini\u0173 vaisi\u0173 bergamija<\/em> i\u0161 vaisiaus \u017eievel\u0117s. FCF (be furokumarino) versija yra specialiai apdorota, siekiant suma\u017einti odos jautrumo \u0161viesai rizik\u0105. Gaivus ir \u0161iek tiek saldus citrusini\u0173 vaisi\u0173 aromatas bergamo\u010di\u0173 aliejuose padeda sukurti linksm\u0105 ir atpalaiduojan\u010di\u0105 nuotaik\u0105, be to, tai vienas m\u0117gstamiausi\u0173 aliej\u0173 aromaterapijoje.<\/p>\n<p class=\"\" data-start=\"495\" data-end=\"755\">Bergamo\u010di\u0173 aliejus palaiko nerv\u0173 sistem\u0105 ir balansuoja emocijas \u2013 tinka naudoti esant stresui, depresijai, nerimui, \u017eemai savivertei ir \u012ftampai. Odos prie\u017ei\u016broje jis naudojamas palaikomajai spuog\u0173, psoriaz\u0117s, egzemos ir p\u016bslelin\u0117s prie\u017ei\u016brai.<\/p>\n<ul>\n<li data-start=\"757\" data-end=\"921\">100% grynas eterinis aliejus<\/li>\n<li data-start=\"757\" data-end=\"921\">Pakelia nuotaik\u0105 ir ramina nerv\u0173 sistem\u0105<\/li>\n<li data-start=\"757\" data-end=\"921\">Palaiko od\u0105 ir padeda suma\u017einti u\u017edegim\u0105<\/li>\n<li data-start=\"757\" data-end=\"921\">Tinka aromaterapijai, vonios vandeniui ir masa\u017eui<\/li>\n<li data-start=\"757\" data-end=\"921\">Naudota augalo dalis: vaisi\u0173 \u017eievel\u0117<\/li>\n<li data-start=\"757\" data-end=\"921\">Ekstrahavimo b\u016bdas: \u0161altas spaudimas<\/li>\n<li data-start=\"757\" data-end=\"921\">10 ml tamsaus stiklo buteliuke<\/li>\n<\/ul>\n<p class=\"\" data-start=\"1027\" data-end=\"1229\">\u26a0\ufe0f Tik i\u0161oriniam naudojimui. Nenurykite. Venkite saul\u0117s spinduli\u0173 u\u017etepus ant odos. Nenaudokite n\u0117\u0161tumo ar \u017eindymo laikotarpiu. Laikyti vaikams ir naminiams gyv\u016bnams nepasiekiamoje vietoje.<\/p>","protected":false},"excerpt":{"rendered":"<p>Citrus Bergamia Bergamoti eeterlik \u00f5li saadakse k\u00fclmpressimise teel Citrus bergamia puuvilja koorest. FCF (furokumariinivaba) versioon on spetsiaalselt t\u00f6\u00f6deldud, et v\u00e4hendada valgustundlikkuse riski&hellip;<\/p>","protected":false},"featured_media":105498,"comment_status":"open","ping_status":"closed","template":"","meta":{"wprm-recipe-roundup-name":"","wprm-recipe-roundup-description":""},"product_brand":[],"product_cat":[5754],"product_tag":[5756],"class_list":{"0":"post-105497","1":"product","2":"type-product","3":"status-publish","4":"has-post-thumbnail","6":"product_cat-eeterlikud-olid-ja-aroomiolid","7":"product_tag-eeterlik-oli","9":"first","10":"instock","11":"taxable","12":"shipping-taxable","13":"purchasable","14":"product-type-simple"},"supplier_id":105232,"supplier_sku":"","barcode":"5055796528516","atum_controlled":true,"out_stock_date":null,"out_stock_threshold":null,"inheritable":false,"inbound_stock":0,"stock_on_hold":0,"sold_today":0,"sales_last_days":0,"reserved_stock":0,"customer_returns":0,"warehouse_damage":0,"lost_in_post":0,"other_logs":0,"out_stock_days":0,"lost_sales":0,"has_location":false,"update_date":"2026-03-07T01:16:07","atum_locations":[],"atum_stock_status":"instock","restock_status":false,"low_stock_amount":"","sales_update_date":"2026-03-07T01:16:07","calc_backorders":null,"aioseo_notices":[],"_links":{"self":[{"href":"https:\/\/ecoshop.ee\/lt\/wp-json\/wp\/v2\/product\/105497","targetHints":{"allow":["GET"]}}],"collection":[{"href":"https:\/\/ecoshop.ee\/lt\/wp-json\/wp\/v2\/product"}],"about":[{"href":"https:\/\/ecoshop.ee\/lt\/wp-json\/wp\/v2\/types\/product"}],"replies":[{"embeddable":true,"href":"https:\/\/ecoshop.ee\/lt\/wp-json\/wp\/v2\/comments?post=105497"}],"version-history":[{"count":0,"href":"https:\/\/ecoshop.ee\/lt\/wp-json\/wp\/v2\/product\/105497\/revisions"}],"wp:featuredmedia":[{"embeddable":true,"href":"https:\/\/ecoshop.ee\/lt\/wp-json\/wp\/v2\/media\/105498"}],"wp:attachment":[{"href":"https:\/\/ecoshop.ee\/lt\/wp-json\/wp\/v2\/media?parent=105497"}],"wp:term":[{"taxonomy":"product_brand","embeddable":true,"href":"https:\/\/ecoshop.ee\/lt\/wp-json\/wp\/v2\/product_brand?post=105497"},{"taxonomy":"product_cat","embeddable":true,"href":"https:\/\/ecoshop.ee\/lt\/wp-json\/wp\/v2\/product_cat?post=105497"},{"taxonomy":"product_tag","embeddable":true,"href":"https:\/\/ecoshop.ee\/lt\/wp-json\/wp\/v2\/product_tag?post=105497"}],"curies":[{"name":"wp","href":"https:\/\/api.w.org\/{rel}","templated":true}]}}