{"id":105503,"date":"2025-04-12T14:54:22","date_gmt":"2025-04-12T12:54:22","guid":{"rendered":"https:\/\/ecoshop.ee\/?post_type=product&#038;p=105503"},"modified":"2025-04-12T14:54:23","modified_gmt":"2025-04-12T12:54:23","slug":"sandalmedzio-eterinis-aliejus-10-ml","status":"publish","type":"product","link":"https:\/\/ecoshop.ee\/lt\/eeterlikud-olid-ja-aroomiolid\/sandlipuu-eeterlik-oli-10ml\/","title":{"rendered":"Sandalmed\u017eio eterinis aliejus \u2013 10 ml"},"content":{"rendered":"<p class=\"\" data-start=\"109\" data-end=\"187\"><em data-start=\"167\" data-end=\"187\">Amyris Balsamifera<\/em><\/p>\n<p class=\"\" data-start=\"189\" data-end=\"534\">Sandalmed\u017eio eterinis aliejus, dar \u017einomas kaip Vakar\u0173 Indijos sandalmed\u017eio aliejus, gaunamas i\u0161 <em data-start=\"260\" data-end=\"280\">Amyris balsamifera<\/em> I\u0161 med\u017eio medienos ir \u0161ak\u0173 distiliuojamas garaisrimise. Jo \u0161iltas, \u017eemi\u0161kas, \u0161iek tiek santal\u0105 primenantis kvapas veikia raminamai ir atpalaiduojan\u010diai. D\u0117l didelio aliejaus kiekio \u0161is medis dar vadinamas \u201c\u017evaki\u0173 med\u017eiu\u201d, nes jis dega pats kaip \u017evak\u0117.<\/p>\n<p class=\"\" data-start=\"536\" data-end=\"822\">Amirio aliejus naudojamas stresui, nerimui ir nemigai mal\u0161inti. Aromaterapijoje jis padeda atsipalaiduoti, skatina mieg\u0105 ir tinka meditacijai. Jis taip pat palaiko kv\u0117pavimo takus ir tinka raumen\u0173 \u012ftampai bei u\u017edegimui ma\u017einti. Odos prie\u017ei\u016broje jis \u017einomas kaip mink\u0161tinamoji ir raminamoji priemon\u0117.<\/p>\n<ul>\n<li data-start=\"824\" data-end=\"996\">100% grynas eterinis aliejus<\/li>\n<li data-start=\"824\" data-end=\"996\">Ramina nerv\u0173 sistem\u0105 ir skatina atsipalaidavim\u0105<\/li>\n<li data-start=\"824\" data-end=\"996\">Skatina mieg\u0105 ir tinka meditacijai<\/li>\n<li data-start=\"824\" data-end=\"996\">Palaiko kv\u0117pavimo takus ir ma\u017eina raumen\u0173 \u012ftamp\u0105<\/li>\n<li data-start=\"824\" data-end=\"996\">Naudota augalo dalis: mediena ir \u0161akos<\/li>\n<li data-start=\"824\" data-end=\"996\">Ekstrahavimo metodas: distiliavimas garais<\/li>\n<li data-start=\"824\" data-end=\"996\">10 ml tamsaus stiklo buteliuke<\/li>\n<\/ul>\n<p class=\"\" data-start=\"1108\" data-end=\"1263\">\u26a0\ufe0f Tik i\u0161oriniam naudojimui. Nenuryti. Laikyti vaikams ir naminiams gyv\u016bnams nepasiekiamoje vietoje. Nenaudoti n\u0117\u0161tumo ar \u017eindymo laikotarpiu.<\/p>","protected":false},"excerpt":{"rendered":"<p>Amyris Balsamifera Sandlipuu eeterlik \u00f5li, tuntud ka kui L\u00e4\u00e4ne-India sandlipuu\u00f5li, saadakse Amyris balsamifera puu puidust ja okstest aurudestilleerimise teel. Selle soe, maal\u00e4hedane&hellip;<\/p>","protected":false},"featured_media":105505,"comment_status":"open","ping_status":"closed","template":"","meta":{"wprm-recipe-roundup-name":"","wprm-recipe-roundup-description":""},"product_brand":[],"product_cat":[5754],"product_tag":[5756],"class_list":{"0":"post-105503","1":"product","2":"type-product","3":"status-publish","4":"has-post-thumbnail","6":"product_cat-eeterlikud-olid-ja-aroomiolid","7":"product_tag-eeterlik-oli","9":"first","10":"instock","11":"taxable","12":"shipping-taxable","13":"purchasable","14":"product-type-simple"},"supplier_id":105232,"supplier_sku":"","barcode":"5055796528462","atum_controlled":true,"out_stock_date":null,"out_stock_threshold":null,"inheritable":false,"inbound_stock":0,"stock_on_hold":0,"sold_today":0,"sales_last_days":0,"reserved_stock":0,"customer_returns":0,"warehouse_damage":0,"lost_in_post":0,"other_logs":0,"out_stock_days":0,"lost_sales":0,"has_location":false,"update_date":"2026-03-07T01:16:14","atum_locations":[],"atum_stock_status":"instock","restock_status":false,"low_stock_amount":"","sales_update_date":"2026-03-07T01:16:14","calc_backorders":null,"aioseo_notices":[],"_links":{"self":[{"href":"https:\/\/ecoshop.ee\/lt\/wp-json\/wp\/v2\/product\/105503","targetHints":{"allow":["GET"]}}],"collection":[{"href":"https:\/\/ecoshop.ee\/lt\/wp-json\/wp\/v2\/product"}],"about":[{"href":"https:\/\/ecoshop.ee\/lt\/wp-json\/wp\/v2\/types\/product"}],"replies":[{"embeddable":true,"href":"https:\/\/ecoshop.ee\/lt\/wp-json\/wp\/v2\/comments?post=105503"}],"version-history":[{"count":0,"href":"https:\/\/ecoshop.ee\/lt\/wp-json\/wp\/v2\/product\/105503\/revisions"}],"wp:featuredmedia":[{"embeddable":true,"href":"https:\/\/ecoshop.ee\/lt\/wp-json\/wp\/v2\/media\/105505"}],"wp:attachment":[{"href":"https:\/\/ecoshop.ee\/lt\/wp-json\/wp\/v2\/media?parent=105503"}],"wp:term":[{"taxonomy":"product_brand","embeddable":true,"href":"https:\/\/ecoshop.ee\/lt\/wp-json\/wp\/v2\/product_brand?post=105503"},{"taxonomy":"product_cat","embeddable":true,"href":"https:\/\/ecoshop.ee\/lt\/wp-json\/wp\/v2\/product_cat?post=105503"},{"taxonomy":"product_tag","embeddable":true,"href":"https:\/\/ecoshop.ee\/lt\/wp-json\/wp\/v2\/product_tag?post=105503"}],"curies":[{"name":"wp","href":"https:\/\/api.w.org\/{rel}","templated":true}]}}