{"id":105506,"date":"2025-04-12T14:59:11","date_gmt":"2025-04-12T12:59:11","guid":{"rendered":"https:\/\/ecoshop.ee\/?post_type=product&#038;p=105506"},"modified":"2025-04-12T14:59:12","modified_gmt":"2025-04-12T12:59:12","slug":"ilang-ilang-eterinis-aliejus-10-ml","status":"publish","type":"product","link":"https:\/\/ecoshop.ee\/lt\/eeterlikud-olid-ja-aroomiolid\/ylang-ylang-eeterlik-oli-10ml\/","title":{"rendered":"Ylang Ylang eterinis aliejus \u2013 10 ml"},"content":{"rendered":"<p class=\"\" data-start=\"88\" data-end=\"143\"><em data-start=\"126\" data-end=\"143\">Cananga Odorata<\/em><\/p>\n<p class=\"\" data-start=\"145\" data-end=\"452\">Ylang Ylang eterinis aliejus gaunamas distiliuojant garais rimise <em data-start=\"204\" data-end=\"221\">Kananga odorata<\/em> Medis su nuostabiai kvapniais geltonais \u017eiedais, kil\u0119s i\u0161 Pietry\u010di\u0173 Azijos. Jo saldus ir egzoti\u0161kas aromatas \u017einomas d\u0117l atpalaiduojan\u010dio poveikio ir vertinamas aromaterapijoje, taip pat kvepal\u0173 ir kosmetikos pramon\u0117je.<\/p>\n<p class=\"\" data-start=\"454\" data-end=\"834\">Aromaterapijoje ilang ilang naudojamas stresui, nerimui, \u0161okui ir depresijai mal\u0161inti. Aliejus padeda nuraminti poj\u016b\u010dius ir skatinti ger\u0105 savijaut\u0105, ma\u017eina kraujosp\u016bd\u012f ir subalansuoja k\u016bn\u0105 bei prot\u0105. Odos prie\u017ei\u016broje jis naudojamas galvos odos riebal\u0173 i\u0161siskyrimui subalansuoti ir plaukams tonizuoti. Jei naudojamas per daug, aromatas gali tapti per intensyvus, tod\u0117l naudokite saikingai.<\/p>\n<ul>\n<li data-start=\"836\" data-end=\"995\">100% grynas eterinis aliejus<\/li>\n<li data-start=\"836\" data-end=\"995\">Ramina nerv\u0173 sistem\u0105 ir skatina atsipalaidavim\u0105<\/li>\n<li data-start=\"836\" data-end=\"995\">Tinka stresui, nerimui ir \u012ftampai mal\u0161inti<\/li>\n<li data-start=\"836\" data-end=\"995\">Palaiko plauk\u0173 ir galvos odos pusiausvyr\u0105<\/li>\n<li data-start=\"836\" data-end=\"995\">Naudota augalo dalis: g\u0117l\u0117s<\/li>\n<li data-start=\"836\" data-end=\"995\">Ekstrahavimo metodas: distiliavimas garais<\/li>\n<li data-start=\"836\" data-end=\"995\">10 ml tamsaus stiklo buteliuke<\/li>\n<\/ul>\n<p class=\"\" data-start=\"1098\" data-end=\"1312\">\u26a0\ufe0f Tik i\u0161oriniam naudojimui. Nenurykite. Per didelis vartojimas gali sukelti galvos skausm\u0105 ar pykinim\u0105. Laikyti vaikams ir naminiams gyv\u016bnams nepasiekiamoje vietoje. Nenaudoti n\u0117\u0161tumo ar \u017eindymo laikotarpiu.<\/p>","protected":false},"excerpt":{"rendered":"<p>Cananga Odorata Ylang Ylang eeterlik \u00f5li saadakse aurudestilleerimise teel Cananga odorata puu kaunilt l\u00f5hnavatest kollastest \u00f5itest, mis p\u00e4rinevad Kagu-Aasia piirkonnast. Selle magus&hellip;<\/p>","protected":false},"featured_media":105507,"comment_status":"open","ping_status":"closed","template":"","meta":{"wprm-recipe-roundup-name":"","wprm-recipe-roundup-description":""},"product_brand":[],"product_cat":[5754],"product_tag":[5756],"class_list":{"0":"post-105506","1":"product","2":"type-product","3":"status-publish","4":"has-post-thumbnail","6":"product_cat-eeterlikud-olid-ja-aroomiolid","7":"product_tag-eeterlik-oli","9":"first","10":"instock","11":"taxable","12":"shipping-taxable","13":"purchasable","14":"product-type-simple"},"supplier_id":105232,"supplier_sku":"","barcode":"5055796528431","atum_controlled":true,"out_stock_date":null,"out_stock_threshold":null,"inheritable":false,"inbound_stock":0,"stock_on_hold":0,"sold_today":0,"sales_last_days":0,"reserved_stock":0,"customer_returns":0,"warehouse_damage":0,"lost_in_post":0,"other_logs":0,"out_stock_days":0,"lost_sales":0,"has_location":false,"update_date":"2026-03-07T01:16:14","atum_locations":[],"atum_stock_status":"instock","restock_status":false,"low_stock_amount":"","sales_update_date":"2026-03-07T01:16:14","calc_backorders":null,"aioseo_notices":[],"_links":{"self":[{"href":"https:\/\/ecoshop.ee\/lt\/wp-json\/wp\/v2\/product\/105506","targetHints":{"allow":["GET"]}}],"collection":[{"href":"https:\/\/ecoshop.ee\/lt\/wp-json\/wp\/v2\/product"}],"about":[{"href":"https:\/\/ecoshop.ee\/lt\/wp-json\/wp\/v2\/types\/product"}],"replies":[{"embeddable":true,"href":"https:\/\/ecoshop.ee\/lt\/wp-json\/wp\/v2\/comments?post=105506"}],"version-history":[{"count":0,"href":"https:\/\/ecoshop.ee\/lt\/wp-json\/wp\/v2\/product\/105506\/revisions"}],"wp:featuredmedia":[{"embeddable":true,"href":"https:\/\/ecoshop.ee\/lt\/wp-json\/wp\/v2\/media\/105507"}],"wp:attachment":[{"href":"https:\/\/ecoshop.ee\/lt\/wp-json\/wp\/v2\/media?parent=105506"}],"wp:term":[{"taxonomy":"product_brand","embeddable":true,"href":"https:\/\/ecoshop.ee\/lt\/wp-json\/wp\/v2\/product_brand?post=105506"},{"taxonomy":"product_cat","embeddable":true,"href":"https:\/\/ecoshop.ee\/lt\/wp-json\/wp\/v2\/product_cat?post=105506"},{"taxonomy":"product_tag","embeddable":true,"href":"https:\/\/ecoshop.ee\/lt\/wp-json\/wp\/v2\/product_tag?post=105506"}],"curies":[{"name":"wp","href":"https:\/\/api.w.org\/{rel}","templated":true}]}}