{"id":105509,"date":"2025-04-12T15:04:13","date_gmt":"2025-04-12T13:04:13","guid":{"rendered":"https:\/\/ecoshop.ee\/?post_type=product&#038;p=105509"},"modified":"2025-04-12T15:04:14","modified_gmt":"2025-04-12T13:04:14","slug":"rozmarinu-eterinis-aliejus-10-ml","status":"publish","type":"product","link":"https:\/\/ecoshop.ee\/lt\/eeterlikud-olid-ja-aroomiolid\/rosmariini-eeterlik-oli-10ml\/","title":{"rendered":"Rozmarin\u0173 eterinis aliejus \u2013 10 ml"},"content":{"rendered":"<p class=\"\" data-start=\"87\" data-end=\"148\"><em data-start=\"124\" data-end=\"148\">Rosmarinus Officinalis<\/em><\/p>\n<p class=\"\" data-start=\"150\" data-end=\"501\">Rozmarin\u0173 eterinis aliejus gaunamas distiliuojant garais rimise <em data-start=\"208\" data-end=\"232\">Rozmarinas vaistinis<\/em> i\u0161 \u017eydin\u010di\u0173 augalo vir\u0161\u016bni\u0173. Jis laikomas auk\u0161tesn\u0117s kokyb\u0117s aliejumi nei aliejus, tradici\u0161kai distiliuojamas i\u0161 lap\u0173 ir stieb\u0173. Gaivus, sumed\u0117j\u0119s ir \u017eoleli\u0173 aromatas rozmarino stimuliuoja poj\u016b\u010dius, gerina susikaupim\u0105 ir puikiai tinka nuovargiui ir protiniam i\u0161sekimui mal\u0161inti.<\/p>\n<p class=\"\" data-start=\"503\" data-end=\"788\">Rozmarin\u0173 aliejus naudojamas \u017eaizdoms, nudegimams, per\u0161alimui, nevir\u0161kinimui, s\u0105nari\u0173 skausmui ir raumen\u0173 \u012ftampai mal\u0161inti. Masa\u017eo mi\u0161iniuose jis skatina kraujotak\u0105 ir padeda atpalaiduoti raumenis. Plauk\u0173 prie\u017ei\u016broje jis naudojamas galvos odos kraujotakai stimuliuoti ir plauk\u0173 augimui skatinti.<\/p>\n<ul>\n<li data-start=\"790\" data-end=\"943\">100% grynas eterinis aliejus<\/li>\n<li data-start=\"790\" data-end=\"943\">Stimuliuoja poj\u016b\u010dius ir gerina koncentracij\u0105<\/li>\n<li data-start=\"790\" data-end=\"943\">Palaiko kraujotak\u0105 ir vir\u0161kinimo sistem\u0105<\/li>\n<li data-start=\"790\" data-end=\"943\">Skatina plauk\u0173 augim\u0105 ir galvos odos sveikat\u0105<\/li>\n<li data-start=\"790\" data-end=\"943\">Naudota augalo dalis: \u017eydin\u010dios vir\u0161\u016bn\u0117s<\/li>\n<li data-start=\"790\" data-end=\"943\">Ekstrahavimo metodas: distiliavimas garais<\/li>\n<li data-start=\"790\" data-end=\"943\">10 ml tamsaus stiklo buteliuke<\/li>\n<\/ul>\n<p class=\"\" data-start=\"1059\" data-end=\"1232\">\u26a0\ufe0f Tik i\u0161oriniam naudojimui. Nenurykite. Nenaudokite n\u0117\u0161tumo metu, esant padid\u0117jusiam kraujosp\u016bd\u017eiui ar epilepsijai. Laikyti vaikams ir naminiams gyv\u016bnams nepasiekiamoje vietoje.<\/p>","protected":false},"excerpt":{"rendered":"<p>Rosmarinus Officinalis Rosmariini eeterlik \u00f5li saadakse aurudestilleerimise teel Rosmarinus officinalis taime \u00f5itsevatest ladvikutest. Seda peetakse kvaliteetsemaks kui tavap\u00e4raselt lehtedest ja vartest destilleeritud&hellip;<\/p>","protected":false},"featured_media":105510,"comment_status":"open","ping_status":"closed","template":"","meta":{"wprm-recipe-roundup-name":"","wprm-recipe-roundup-description":""},"product_brand":[],"product_cat":[5754],"product_tag":[5756],"class_list":{"0":"post-105509","1":"product","2":"type-product","3":"status-publish","4":"has-post-thumbnail","6":"product_cat-eeterlikud-olid-ja-aroomiolid","7":"product_tag-eeterlik-oli","9":"first","10":"instock","11":"taxable","12":"shipping-taxable","13":"purchasable","14":"product-type-simple"},"supplier_id":105232,"supplier_sku":"","barcode":"5055796528424","atum_controlled":true,"out_stock_date":null,"out_stock_threshold":null,"inheritable":false,"inbound_stock":0,"stock_on_hold":0,"sold_today":0,"sales_last_days":0,"reserved_stock":0,"customer_returns":0,"warehouse_damage":0,"lost_in_post":0,"other_logs":0,"out_stock_days":0,"lost_sales":0,"has_location":false,"update_date":"2026-03-07T01:16:14","atum_locations":[],"atum_stock_status":"instock","restock_status":false,"low_stock_amount":"","sales_update_date":"2026-03-07T01:16:14","calc_backorders":null,"aioseo_notices":[],"_links":{"self":[{"href":"https:\/\/ecoshop.ee\/lt\/wp-json\/wp\/v2\/product\/105509","targetHints":{"allow":["GET"]}}],"collection":[{"href":"https:\/\/ecoshop.ee\/lt\/wp-json\/wp\/v2\/product"}],"about":[{"href":"https:\/\/ecoshop.ee\/lt\/wp-json\/wp\/v2\/types\/product"}],"replies":[{"embeddable":true,"href":"https:\/\/ecoshop.ee\/lt\/wp-json\/wp\/v2\/comments?post=105509"}],"version-history":[{"count":0,"href":"https:\/\/ecoshop.ee\/lt\/wp-json\/wp\/v2\/product\/105509\/revisions"}],"wp:featuredmedia":[{"embeddable":true,"href":"https:\/\/ecoshop.ee\/lt\/wp-json\/wp\/v2\/media\/105510"}],"wp:attachment":[{"href":"https:\/\/ecoshop.ee\/lt\/wp-json\/wp\/v2\/media?parent=105509"}],"wp:term":[{"taxonomy":"product_brand","embeddable":true,"href":"https:\/\/ecoshop.ee\/lt\/wp-json\/wp\/v2\/product_brand?post=105509"},{"taxonomy":"product_cat","embeddable":true,"href":"https:\/\/ecoshop.ee\/lt\/wp-json\/wp\/v2\/product_cat?post=105509"},{"taxonomy":"product_tag","embeddable":true,"href":"https:\/\/ecoshop.ee\/lt\/wp-json\/wp\/v2\/product_tag?post=105509"}],"curies":[{"name":"wp","href":"https:\/\/api.w.org\/{rel}","templated":true}]}}