{"id":105512,"date":"2025-04-12T15:07:11","date_gmt":"2025-04-12T13:07:11","guid":{"rendered":"https:\/\/ecoshop.ee\/?post_type=product&#038;p=105512"},"modified":"2025-12-08T11:16:49","modified_gmt":"2025-12-08T08:16:49","slug":"pipirmeciu-eterinis-aliejus-10-ml","status":"publish","type":"product","link":"https:\/\/ecoshop.ee\/lt\/eeterlikud-olid-ja-aroomiolid\/piparmundi-eeterlik-oli-10ml\/","title":{"rendered":"Pipirm\u0117\u010di\u0173 eterinis aliejus \u2013 10 ml"},"content":{"rendered":"<p class=\"\" data-start=\"87\" data-end=\"141\"><em data-start=\"124\" data-end=\"141\">Mentha Piperita<\/em><\/p>\n<p class=\"\" data-start=\"143\" data-end=\"447\">Pipirm\u0117\u010di\u0173 eterinis aliejus gaunamas <em data-start=\"176\" data-end=\"193\">Pipirm\u0117t\u0117<\/em> I\u0161gaunamas garais i\u0161 \u017eydin\u010dios \u017eolel\u0117srimise arbatos. Gaivus, v\u0117sinantis, mentolio aromatas stimuliuoja poj\u016b\u010dius, ma\u017eina nuovarg\u012f ir padeda susikaupti. Aromaterapijoje jis naudojamas protiniam i\u0161sekimui, galvos skausmams, pykinimui ir kv\u0117pavimo tak\u0173 ligoms mal\u0161inti.<\/p>\n<p class=\"\" data-start=\"449\" data-end=\"716\">Pipirm\u0117\u010di\u0173 aliejus puikiai tinka odos prie\u017ei\u016brai \u2013 padeda v\u0117sinti nudegimus saul\u0117je, ma\u017eina nie\u017eul\u012f ir u\u017edegim\u0105. Jis taip pat naudojamas burnos skalavimo priemon\u0117se, siekiant palengvinti blog\u0105 burnos kvap\u0105 ir danten\u0173 problemas. Naudojamas aliejiniame degiklyje, jis padeda atbaidyti uodus ir kitus vabzd\u017eius.<\/p>\n<ul>\n<li data-start=\"718\" data-end=\"891\">100% grynas eterinis aliejus<\/li>\n<li data-start=\"718\" data-end=\"891\">Atgaivina ir sustiprina poj\u016b\u010dius, mal\u0161ina pykinim\u0105<\/li>\n<li data-start=\"718\" data-end=\"891\">Palaiko kv\u0117pavim\u0105 ir ma\u017eina protin\u012f nuovarg\u012f<\/li>\n<li data-start=\"718\" data-end=\"891\">V\u0117sinamasis poveikis odai ir nat\u016bralus vabzd\u017ei\u0173 atbaidymas<\/li>\n<li data-start=\"718\" data-end=\"891\">Naudota augalo dalis: \u017eydinti \u017eol\u0117<\/li>\n<li data-start=\"718\" data-end=\"891\">Ekstrahavimo metodas: distiliavimas garais<\/li>\n<li data-start=\"718\" data-end=\"891\">10 ml tamsaus stiklo buteliuke<\/li>\n<\/ul>\n<p class=\"\" data-start=\"1000\" data-end=\"1155\">\u26a0\ufe0f Tik i\u0161oriniam naudojimui. Nenuryti. Laikyti vaikams ir naminiams gyv\u016bnams nepasiekiamoje vietoje. Nenaudoti n\u0117\u0161tumo ar \u017eindymo laikotarpiu.<\/p>","protected":false},"excerpt":{"rendered":"<p>Mentha Piperita Piparm\u00fcndi eeterlik \u00f5li saadakse Mentha piperita \u00f5itsevast \u00fcrdist aurudestilleerimise teel. Selle v\u00e4rske, jahutav ja mentooline aroom ergutab meeli, leevendab v\u00e4simust&hellip;<\/p>","protected":false},"featured_media":105513,"comment_status":"open","ping_status":"closed","template":"","meta":{"wprm-recipe-roundup-name":"","wprm-recipe-roundup-description":""},"product_brand":[],"product_cat":[5754],"product_tag":[5756],"class_list":{"0":"post-105512","1":"product","2":"type-product","3":"status-publish","4":"has-post-thumbnail","6":"product_cat-eeterlikud-olid-ja-aroomiolid","7":"product_tag-eeterlik-oli","9":"first","10":"instock","11":"taxable","12":"shipping-taxable","13":"purchasable","14":"product-type-simple"},"supplier_id":105232,"supplier_sku":"","barcode":"5055796528417","atum_controlled":true,"out_stock_date":null,"out_stock_threshold":null,"inheritable":false,"inbound_stock":0,"stock_on_hold":0,"sold_today":0,"sales_last_days":0,"reserved_stock":0,"customer_returns":0,"warehouse_damage":0,"lost_in_post":0,"other_logs":0,"out_stock_days":0,"lost_sales":0,"has_location":false,"update_date":"2026-03-07T01:16:14","atum_locations":[],"atum_stock_status":"instock","restock_status":false,"low_stock_amount":"","sales_update_date":"2026-03-07T01:16:14","calc_backorders":null,"aioseo_notices":[],"_links":{"self":[{"href":"https:\/\/ecoshop.ee\/lt\/wp-json\/wp\/v2\/product\/105512","targetHints":{"allow":["GET"]}}],"collection":[{"href":"https:\/\/ecoshop.ee\/lt\/wp-json\/wp\/v2\/product"}],"about":[{"href":"https:\/\/ecoshop.ee\/lt\/wp-json\/wp\/v2\/types\/product"}],"replies":[{"embeddable":true,"href":"https:\/\/ecoshop.ee\/lt\/wp-json\/wp\/v2\/comments?post=105512"}],"version-history":[{"count":0,"href":"https:\/\/ecoshop.ee\/lt\/wp-json\/wp\/v2\/product\/105512\/revisions"}],"wp:featuredmedia":[{"embeddable":true,"href":"https:\/\/ecoshop.ee\/lt\/wp-json\/wp\/v2\/media\/105513"}],"wp:attachment":[{"href":"https:\/\/ecoshop.ee\/lt\/wp-json\/wp\/v2\/media?parent=105512"}],"wp:term":[{"taxonomy":"product_brand","embeddable":true,"href":"https:\/\/ecoshop.ee\/lt\/wp-json\/wp\/v2\/product_brand?post=105512"},{"taxonomy":"product_cat","embeddable":true,"href":"https:\/\/ecoshop.ee\/lt\/wp-json\/wp\/v2\/product_cat?post=105512"},{"taxonomy":"product_tag","embeddable":true,"href":"https:\/\/ecoshop.ee\/lt\/wp-json\/wp\/v2\/product_tag?post=105512"}],"curies":[{"name":"wp","href":"https:\/\/api.w.org\/{rel}","templated":true}]}}