{"id":105515,"date":"2025-04-12T15:11:13","date_gmt":"2025-04-12T13:11:13","guid":{"rendered":"https:\/\/ecoshop.ee\/?post_type=product&#038;p=105515"},"modified":"2025-04-12T15:11:15","modified_gmt":"2025-04-12T13:11:15","slug":"eukalipto-eterinis-aliejus-10-ml","status":"publish","type":"product","link":"https:\/\/ecoshop.ee\/lt\/eeterlikud-olid-ja-aroomiolid\/eukalupti-eeterlik-oli-10ml\/","title":{"rendered":"Eukalipto eterinis aliejus \u2013 10 ml"},"content":{"rendered":"<p class=\"\" data-start=\"84\" data-end=\"141\"><em data-start=\"120\" data-end=\"141\">Eukaliptas Globulus<\/em><\/p>\n<p class=\"\" data-start=\"143\" data-end=\"446\">Eukalipto eterinis aliejus gaunamas <em data-start=\"175\" data-end=\"196\">Eukaliptas globulus<\/em> I\u0161 med\u017eio lap\u0173 ir \u0161ak\u0173 distiliuojamas garaisrimise. \u0160is gaivus ir a\u0161trus aromatinis aliejus vertinamas d\u0117l antibakterini\u0173, valom\u0173j\u0173 ir analgezini\u0173 savybi\u0173, puikiai tinka per\u0161alimo ir kv\u0117pavimo tak\u0173 ligoms mal\u0161inti.<\/p>\n<p class=\"\" data-start=\"448\" data-end=\"735\">Eukalipto aliejus naudojamas aromaterapijoje gyvybingumui ir susikaupimui didinti. Jis taip pat padeda mal\u0161inti raumen\u0173 ir s\u0105nari\u0173 skausmus, nudegimus, \u017eaizdas ir vabzd\u017ei\u0173 \u012fkandimus. \u012ela\u0161inus kelis la\u0161us \u012f vonios vanden\u012f ar difuzori\u0173, sukuriama gaivinanti ir valomoji aplinka \u2013 ypa\u010d tinka nedarbingumo atostog\u0173 metu.<\/p>\n<ul>\n<li data-start=\"737\" data-end=\"903\">100% grynas eterinis aliejus<\/li>\n<li data-start=\"737\" data-end=\"903\">Palaiko kv\u0117pavimo takus ir palengvina per\u0161alimo simptomus<\/li>\n<li data-start=\"737\" data-end=\"903\">Nat\u016bralus antibakterinis ir valomasis poveikis<\/li>\n<li data-start=\"737\" data-end=\"903\">Ma\u017eina raumen\u0173 \u012ftamp\u0105 ir vabzd\u017ei\u0173 \u012fkandim\u0173 simptomus<\/li>\n<li data-start=\"737\" data-end=\"903\">Naudota augalo dalis: lapai ir \u0161akos<\/li>\n<li data-start=\"737\" data-end=\"903\">Ekstrahavimo metodas: distiliavimas garais<\/li>\n<li data-start=\"737\" data-end=\"903\">10 ml tamsaus stiklo buteliuke<\/li>\n<\/ul>\n<p class=\"\" data-start=\"1016\" data-end=\"1185\">\u26a0\ufe0f Tik i\u0161oriniam naudojimui. Nenurykite. Nenaudokite n\u0117\u0161tumo metu arba vaikams iki 6 met\u0173. Laikyti vaikams ir naminiams gyv\u016bnams nepasiekiamoje vietoje.<\/p>","protected":false},"excerpt":{"rendered":"<p>Eucalyptus Globulus Eukal\u00fcpti eeterlik \u00f5li saadakse Eucalyptus globulus puu lehtedest ja okstest aurudestilleerimise teel. See v\u00e4rske ja teravalt aromaatne \u00f5li on hinnatud&hellip;<\/p>","protected":false},"featured_media":105516,"comment_status":"open","ping_status":"closed","template":"","meta":{"wprm-recipe-roundup-name":"","wprm-recipe-roundup-description":""},"product_brand":[],"product_cat":[5754],"product_tag":[5756],"class_list":{"0":"post-105515","1":"product","2":"type-product","3":"status-publish","4":"has-post-thumbnail","6":"product_cat-eeterlikud-olid-ja-aroomiolid","7":"product_tag-eeterlik-oli","9":"first","10":"instock","11":"taxable","12":"shipping-taxable","13":"purchasable","14":"product-type-simple"},"supplier_id":105232,"supplier_sku":"","barcode":"5055796528400","atum_controlled":true,"out_stock_date":null,"out_stock_threshold":null,"inheritable":false,"inbound_stock":0,"stock_on_hold":0,"sold_today":0,"sales_last_days":0,"reserved_stock":0,"customer_returns":0,"warehouse_damage":0,"lost_in_post":0,"other_logs":0,"out_stock_days":0,"lost_sales":0,"has_location":false,"update_date":"2026-03-07T01:16:14","atum_locations":[],"atum_stock_status":"instock","restock_status":false,"low_stock_amount":"","sales_update_date":"2026-03-07T01:16:14","calc_backorders":null,"aioseo_notices":[],"_links":{"self":[{"href":"https:\/\/ecoshop.ee\/lt\/wp-json\/wp\/v2\/product\/105515","targetHints":{"allow":["GET"]}}],"collection":[{"href":"https:\/\/ecoshop.ee\/lt\/wp-json\/wp\/v2\/product"}],"about":[{"href":"https:\/\/ecoshop.ee\/lt\/wp-json\/wp\/v2\/types\/product"}],"replies":[{"embeddable":true,"href":"https:\/\/ecoshop.ee\/lt\/wp-json\/wp\/v2\/comments?post=105515"}],"version-history":[{"count":0,"href":"https:\/\/ecoshop.ee\/lt\/wp-json\/wp\/v2\/product\/105515\/revisions"}],"wp:featuredmedia":[{"embeddable":true,"href":"https:\/\/ecoshop.ee\/lt\/wp-json\/wp\/v2\/media\/105516"}],"wp:attachment":[{"href":"https:\/\/ecoshop.ee\/lt\/wp-json\/wp\/v2\/media?parent=105515"}],"wp:term":[{"taxonomy":"product_brand","embeddable":true,"href":"https:\/\/ecoshop.ee\/lt\/wp-json\/wp\/v2\/product_brand?post=105515"},{"taxonomy":"product_cat","embeddable":true,"href":"https:\/\/ecoshop.ee\/lt\/wp-json\/wp\/v2\/product_cat?post=105515"},{"taxonomy":"product_tag","embeddable":true,"href":"https:\/\/ecoshop.ee\/lt\/wp-json\/wp\/v2\/product_tag?post=105515"}],"curies":[{"name":"wp","href":"https:\/\/api.w.org\/{rel}","templated":true}]}}