{"id":105521,"date":"2025-04-12T15:34:47","date_gmt":"2025-04-12T13:34:47","guid":{"rendered":"https:\/\/ecoshop.ee\/?post_type=product&#038;p=105521"},"modified":"2026-04-14T22:57:24","modified_gmt":"2026-04-14T19:57:24","slug":"aromatika-smilkalu-kugis-su-krintanciais-dumaisused-levandu","status":"publish","type":"product","link":"https:\/\/ecoshop.ee\/lt\/viirukid\/aromatika-langeva-suitsuga-viirukikoonused-lavendel\/","title":{"rendered":"Aromatika smilkal\u0173 k\u016bgis su krintan\u010diais d\u016bmaisused \u2013 Levanda"},"content":{"rendered":"<p class=\"\" data-start=\"176\" data-end=\"450\">Smilkalinis k\u016bgis used, pagamintas i\u0161 nat\u016brali\u0173 \u017eoleli\u0173, aliej\u0173 ir derv\u0173, kurio d\u016bmai specialiu degikliu krenta \u017eemyn efektyviu s\u016bkuriu, sukurdami vizualiai kerin\u010di\u0105 ir raminan\u010di\u0105 atmosfer\u0105. Raminantis levand\u0173 kvapas idealiai tinka atsipalaidavimui, meditacijai ir jogai.<\/p>\n<p class=\"\" data-start=\"452\" data-end=\"614\">Degant i\u0161siskiria d\u016bmai, sunkesni u\u017e or\u0105 ir teka kaip miglotas krioklys \u012f degikl\u012f ir aplink j\u012f. \u0160is efektas suteikia ir estetin\u012f, ir aromaterapin\u012f malonum\u0105.<\/p>\n<ul>\n<li data-start=\"616\" data-end=\"836\">Raminantis levand\u0173 aromatas<\/li>\n<li data-start=\"616\" data-end=\"836\">Tinka meditacijai, jogai ir atsipalaidavimui<\/li>\n<li data-start=\"616\" data-end=\"836\">Pagaminta i\u0161 nat\u016brali\u0173 ingredient\u0173<\/li>\n<li data-start=\"616\" data-end=\"836\">Naudoti smilkaliniuose su krintan\u010diais d\u016bmais<\/li>\n<li data-start=\"616\" data-end=\"836\">Kiekis pakuot\u0117je: 10 smilkal\u0173 k\u016bgeli\u0173<\/li>\n<\/ul>","protected":false},"excerpt":{"rendered":"<p>Looduslikest \u00fcrtidest, \u00f5lidest ja vaikudest valmistatud viirukikoonused, mille suits langeb efektse keerisena spetsiaalse p\u00f5letiga allapoole, luues visuaalselt lummava ja rahustava meeleolu. Lavendli&hellip;<\/p>","protected":false},"featured_media":105522,"comment_status":"open","ping_status":"closed","template":"","meta":{"wprm-recipe-roundup-name":"","wprm-recipe-roundup-description":""},"product_brand":[12007],"product_cat":[5751],"product_tag":[5753],"class_list":{"0":"post-105521","1":"product","2":"type-product","3":"status-publish","4":"has-post-thumbnail","6":"product_brand-aromatika","7":"product_cat-viirukid","8":"product_tag-viiruk","10":"first","11":"instock","12":"taxable","13":"shipping-taxable","14":"purchasable","15":"product-type-simple"},"supplier_id":105232,"supplier_sku":"","barcode":"8902955118934","atum_controlled":true,"out_stock_date":null,"out_stock_threshold":null,"inheritable":false,"inbound_stock":0,"stock_on_hold":0,"sold_today":0,"sales_last_days":0,"reserved_stock":0,"customer_returns":0,"warehouse_damage":0,"lost_in_post":0,"other_logs":0,"out_stock_days":0,"lost_sales":0,"has_location":false,"update_date":"2026-04-14T19:57:25","atum_locations":[],"atum_stock_status":"instock","restock_status":false,"low_stock_amount":"","sales_update_date":"2026-03-07T01:16:14","calc_backorders":null,"aioseo_notices":[],"_links":{"self":[{"href":"https:\/\/ecoshop.ee\/lt\/wp-json\/wp\/v2\/product\/105521","targetHints":{"allow":["GET"]}}],"collection":[{"href":"https:\/\/ecoshop.ee\/lt\/wp-json\/wp\/v2\/product"}],"about":[{"href":"https:\/\/ecoshop.ee\/lt\/wp-json\/wp\/v2\/types\/product"}],"replies":[{"embeddable":true,"href":"https:\/\/ecoshop.ee\/lt\/wp-json\/wp\/v2\/comments?post=105521"}],"version-history":[{"count":0,"href":"https:\/\/ecoshop.ee\/lt\/wp-json\/wp\/v2\/product\/105521\/revisions"}],"wp:featuredmedia":[{"embeddable":true,"href":"https:\/\/ecoshop.ee\/lt\/wp-json\/wp\/v2\/media\/105522"}],"wp:attachment":[{"href":"https:\/\/ecoshop.ee\/lt\/wp-json\/wp\/v2\/media?parent=105521"}],"wp:term":[{"taxonomy":"product_brand","embeddable":true,"href":"https:\/\/ecoshop.ee\/lt\/wp-json\/wp\/v2\/product_brand?post=105521"},{"taxonomy":"product_cat","embeddable":true,"href":"https:\/\/ecoshop.ee\/lt\/wp-json\/wp\/v2\/product_cat?post=105521"},{"taxonomy":"product_tag","embeddable":true,"href":"https:\/\/ecoshop.ee\/lt\/wp-json\/wp\/v2\/product_tag?post=105521"}],"curies":[{"name":"wp","href":"https:\/\/api.w.org\/{rel}","templated":true}]}}