{"id":105524,"date":"2025-04-12T15:41:49","date_gmt":"2025-04-12T13:41:49","guid":{"rendered":"https:\/\/ecoshop.ee\/?post_type=product&#038;p=105524"},"modified":"2026-04-14T22:57:12","modified_gmt":"2026-04-14T19:57:12","slug":"aromatika-smilkalinis-kugis-su-krintanciais-dumaisused-lotosas","status":"publish","type":"product","link":"https:\/\/ecoshop.ee\/lt\/viirukid\/aromatika-langeva-suitsuga-viirukikoonused-lootos\/","title":{"rendered":"Aromatika smilkalinis k\u016bgis su krintan\u010diais d\u016bmaisused \u2013 Lotus"},"content":{"rendered":"<p class=\"\" data-start=\"166\" data-end=\"380\">Ramus ir tyras lotoso aromatas suteikia erdvei pusiausvyr\u0105, tyl\u0105 ir vidin\u012f ai\u0161kum\u0105. D\u016bmai i\u0161 spurg\u0173 krenta \u017eemyn tarsi r\u016bkas, sukurdami meditacin\u012f regin\u012f ir u\u017epildydami aplink\u0105 subtiliu kvapu, kuris ilgai i\u0161lieka.<\/p>\n<p class=\"\" data-start=\"382\" data-end=\"529\">Smilkalai \u201eIconused\u201c \u2013 puikus pasirinkimas akimirkoms, kai norite sul\u0117tinti temp\u0105, pasinerti \u012f save ir giliau kv\u0117puoti. Puikiai tinka meditacijai, jogai ar tiesiog ramiam rekolekcijoms.<\/p>\n<ul>\n<li data-start=\"531\" data-end=\"762\">\u0160velnus ir balansuojantis lotoso kvapas<\/li>\n<li data-start=\"531\" data-end=\"762\">Vizualiai raminantis d\u016bm\u0173 srauto efektas<\/li>\n<li data-start=\"531\" data-end=\"762\">Pagaminta i\u0161 nat\u016brali\u0173 derv\u0173, \u017eoleli\u0173 ir aliej\u0173<\/li>\n<li data-start=\"531\" data-end=\"762\">Naudoti tik smilkaliniuose, i\u0161 kuri\u0173 krenta d\u016bmai<\/li>\n<li data-start=\"531\" data-end=\"762\">Kiekis pakuot\u0117je: 10 smilkal\u0173 k\u016bgeli\u0173<\/li>\n<\/ul>","protected":false},"excerpt":{"rendered":"<p>Lootose rahulik ja puhas aroom toob ruumi tasakaalu, vaikuse ja sisemise selguse. Koonuste suits voolab alla nagu udujuga, luues meditatiivse vaatem\u00e4ngu ja&hellip;<\/p>","protected":false},"featured_media":105525,"comment_status":"open","ping_status":"closed","template":"","meta":{"wprm-recipe-roundup-name":"","wprm-recipe-roundup-description":""},"product_brand":[12007],"product_cat":[5751],"product_tag":[5753],"class_list":{"0":"post-105524","1":"product","2":"type-product","3":"status-publish","4":"has-post-thumbnail","6":"product_brand-aromatika","7":"product_cat-viirukid","8":"product_tag-viiruk","10":"first","11":"instock","12":"taxable","13":"shipping-taxable","14":"purchasable","15":"product-type-simple"},"supplier_id":105232,"supplier_sku":"","barcode":"8902955121729","atum_controlled":true,"out_stock_date":null,"out_stock_threshold":null,"inheritable":false,"inbound_stock":0,"stock_on_hold":0,"sold_today":0,"sales_last_days":0,"reserved_stock":0,"customer_returns":0,"warehouse_damage":0,"lost_in_post":0,"other_logs":0,"out_stock_days":0,"lost_sales":0,"has_location":false,"update_date":"2026-04-14T19:57:13","atum_locations":[],"atum_stock_status":"instock","restock_status":false,"low_stock_amount":"","sales_update_date":"2026-03-07T01:16:14","calc_backorders":null,"aioseo_notices":[],"_links":{"self":[{"href":"https:\/\/ecoshop.ee\/lt\/wp-json\/wp\/v2\/product\/105524","targetHints":{"allow":["GET"]}}],"collection":[{"href":"https:\/\/ecoshop.ee\/lt\/wp-json\/wp\/v2\/product"}],"about":[{"href":"https:\/\/ecoshop.ee\/lt\/wp-json\/wp\/v2\/types\/product"}],"replies":[{"embeddable":true,"href":"https:\/\/ecoshop.ee\/lt\/wp-json\/wp\/v2\/comments?post=105524"}],"version-history":[{"count":0,"href":"https:\/\/ecoshop.ee\/lt\/wp-json\/wp\/v2\/product\/105524\/revisions"}],"wp:featuredmedia":[{"embeddable":true,"href":"https:\/\/ecoshop.ee\/lt\/wp-json\/wp\/v2\/media\/105525"}],"wp:attachment":[{"href":"https:\/\/ecoshop.ee\/lt\/wp-json\/wp\/v2\/media?parent=105524"}],"wp:term":[{"taxonomy":"product_brand","embeddable":true,"href":"https:\/\/ecoshop.ee\/lt\/wp-json\/wp\/v2\/product_brand?post=105524"},{"taxonomy":"product_cat","embeddable":true,"href":"https:\/\/ecoshop.ee\/lt\/wp-json\/wp\/v2\/product_cat?post=105524"},{"taxonomy":"product_tag","embeddable":true,"href":"https:\/\/ecoshop.ee\/lt\/wp-json\/wp\/v2\/product_tag?post=105524"}],"curies":[{"name":"wp","href":"https:\/\/api.w.org\/{rel}","templated":true}]}}