{"id":105530,"date":"2025-04-12T17:43:09","date_gmt":"2025-04-12T15:43:09","guid":{"rendered":"https:\/\/ecoshop.ee\/?post_type=product&#038;p=105530"},"modified":"2025-04-12T17:43:11","modified_gmt":"2025-04-12T15:43:11","slug":"himalaju-druskos-aromatu-difuzorius-su-liepsnos-efektu-usb-c","status":"publish","type":"product","link":"https:\/\/ecoshop.ee\/lt\/difuuserid-ja-poletid\/himaalaja-soolaga-aroomi-difuuser-leegiefekt-usb-c\/","title":{"rendered":"Himalaj\u0173 druskos aromatinis difuzorius \u2013 liepsnos efektas, USB-C"},"content":{"rendered":"<p class=\"\" data-start=\"164\" data-end=\"349\">Aromaterapija, kuri sujungia ugnies liepsnos, raminan\u010dio r\u016bko ir nat\u016bralios Himalaj\u0173 druskos vizualin\u012f efekt\u0105. Sukurkite maloni\u0105 ir balansuojan\u010di\u0105 atmosfer\u0105 savo erdv\u0117je vos keliais la\u0161ais eterinio aliejaus.<\/p>\n<p class=\"\" data-start=\"351\" data-end=\"588\">Ultragarsin\u0117 technologija akimirksniu i\u0161garina vanden\u012f ir aliej\u0173, sukurdama v\u0117s\u0173, kvapn\u0173 r\u016bk\u0105. Pridedami druskos kubeliai pagerina oro kokyb\u0119 ir suteikia kambariui nat\u016bralumo. Puikiai tinka j\u016bs\u0173 namams, biurui ar meditacijos kampeliui.<\/p>\n<ul>\n<li data-start=\"590\" data-end=\"822\">Liepsnos efektas ir naktin\u0117 lemput\u0117<\/li>\n<li data-start=\"590\" data-end=\"822\">Talpa: 220 ml<\/li>\n<li data-start=\"590\" data-end=\"822\">Veikia per USB-C (laido ilgis 100 cm)<\/li>\n<li data-start=\"590\" data-end=\"822\">Laikmatis: 1-3-6 valandos<\/li>\n<li data-start=\"590\" data-end=\"822\">Matmenys: auk\u0161tis 12 cm, skersmuo 10 cm<\/li>\n<li data-start=\"590\" data-end=\"822\">\u012e komplekt\u0105 \u012feina Himalaj\u0173 druskos gabal\u0117liai<\/li>\n<\/ul>\n<p class=\"\" data-start=\"824\" data-end=\"875\">\u26a0\ufe0f Naudoti tik su eteriniais aliejais, sumai\u0161ytais su vandeniu!<\/p>","protected":false},"excerpt":{"rendered":"<p>Aroomi difuuser, mis \u00fchendab visuaalse tuleleegi efekti, rahustava udu ja loodusliku Himaalaja soola m\u00f5ju. Loo oma ruumi meeldiv ja tasakaalustav \u00f5hkkond vaid&hellip;<\/p>","protected":false},"featured_media":105533,"comment_status":"open","ping_status":"closed","template":"","meta":{"wprm-recipe-roundup-name":"","wprm-recipe-roundup-description":""},"product_brand":[],"product_cat":[5757],"product_tag":[5758],"class_list":{"0":"post-105530","1":"product","2":"type-product","3":"status-publish","4":"has-post-thumbnail","6":"product_cat-difuuserid-ja-poletid","7":"product_tag-difuuser","9":"first","10":"instock","11":"taxable","12":"shipping-taxable","13":"purchasable","14":"product-type-simple"},"supplier_id":105232,"supplier_sku":"","barcode":"5056368324970","atum_controlled":true,"out_stock_date":null,"out_stock_threshold":null,"inheritable":false,"inbound_stock":0,"stock_on_hold":0,"sold_today":0,"sales_last_days":0,"reserved_stock":0,"customer_returns":0,"warehouse_damage":0,"lost_in_post":0,"other_logs":0,"out_stock_days":0,"lost_sales":0,"has_location":false,"update_date":"2026-03-07T01:16:14","atum_locations":[],"atum_stock_status":"instock","restock_status":false,"low_stock_amount":"","sales_update_date":"2026-03-07T01:16:14","calc_backorders":null,"aioseo_notices":[],"_links":{"self":[{"href":"https:\/\/ecoshop.ee\/lt\/wp-json\/wp\/v2\/product\/105530","targetHints":{"allow":["GET"]}}],"collection":[{"href":"https:\/\/ecoshop.ee\/lt\/wp-json\/wp\/v2\/product"}],"about":[{"href":"https:\/\/ecoshop.ee\/lt\/wp-json\/wp\/v2\/types\/product"}],"replies":[{"embeddable":true,"href":"https:\/\/ecoshop.ee\/lt\/wp-json\/wp\/v2\/comments?post=105530"}],"version-history":[{"count":0,"href":"https:\/\/ecoshop.ee\/lt\/wp-json\/wp\/v2\/product\/105530\/revisions"}],"wp:featuredmedia":[{"embeddable":true,"href":"https:\/\/ecoshop.ee\/lt\/wp-json\/wp\/v2\/media\/105533"}],"wp:attachment":[{"href":"https:\/\/ecoshop.ee\/lt\/wp-json\/wp\/v2\/media?parent=105530"}],"wp:term":[{"taxonomy":"product_brand","embeddable":true,"href":"https:\/\/ecoshop.ee\/lt\/wp-json\/wp\/v2\/product_brand?post=105530"},{"taxonomy":"product_cat","embeddable":true,"href":"https:\/\/ecoshop.ee\/lt\/wp-json\/wp\/v2\/product_cat?post=105530"},{"taxonomy":"product_tag","embeddable":true,"href":"https:\/\/ecoshop.ee\/lt\/wp-json\/wp\/v2\/product_tag?post=105530"}],"curies":[{"name":"wp","href":"https:\/\/api.w.org\/{rel}","templated":true}]}}