{"id":105543,"date":"2025-04-12T18:16:44","date_gmt":"2025-04-12T16:16:44","guid":{"rendered":"https:\/\/ecoshop.ee\/?post_type=product&#038;p=105543"},"modified":"2025-04-12T18:16:45","modified_gmt":"2025-04-12T16:16:45","slug":"helsinkio-aromaterapurkstuvas-su-led-spalvomis-ir-usb-laikmaciu","status":"publish","type":"product","link":"https:\/\/ecoshop.ee\/lt\/difuuserid-ja-poletid\/helsinki-aroomi-atomiseerija-led-varvid-usb-taimeriga\/","title":{"rendered":"Helsinkio aromaterapurk\u0161tuvas \u2013 LED spalvos, USB, su laikma\u010diu"},"content":{"rendered":"<p class=\"\" data-start=\"158\" data-end=\"393\">Nesenstantis ir eleganti\u0161kas b\u016bdas kv\u0117pinti kambar\u012f be liepsnos ar d\u016bm\u0173. \u201eHelsinki\u201c purk\u0161tuvas naudoja ultragarso technologij\u0105, kad akimirksniu paverst\u0173 eteriniais aliejais praturtint\u0105 vanden\u012f smulkia, v\u0117sia dulksna, u\u017epildan\u010dia kambar\u012f raminan\u010diu aromatu.<\/p>\n<p class=\"\" data-start=\"395\" data-end=\"530\">LED ap\u0161vietimas kaitaliojasi tarp 7 skirting\u0173 atspalvi\u0173, suteikdamas kambariui nuotaikos ir \u0161velnumo. Idealiai tinka papuo\u0161ti namus, biur\u0105 ar meditacijos kampel\u012f.<\/p>\n<ul>\n<li data-start=\"532\" data-end=\"751\">Ultragarso technologija \u2013 vos pastebima ir efektyvi<\/li>\n<li data-start=\"532\" data-end=\"751\">LED ap\u0161vietimas su 7 spalvomis<\/li>\n<li data-start=\"532\" data-end=\"751\">Talpa: 120 ml<\/li>\n<li data-start=\"532\" data-end=\"751\">Veikia per USB (laido ilgis 100 cm)<\/li>\n<li data-start=\"532\" data-end=\"751\">Laikmatis: 1-3-6 valandos<\/li>\n<li data-start=\"532\" data-end=\"751\">Matmenys: auk\u0161tis 13 cm, skersmuo 11 cm<\/li>\n<\/ul>\n<p class=\"\" data-start=\"753\" data-end=\"804\">\u26a0\ufe0f Naudoti tik su eteriniais aliejais, sumai\u0161ytais su vandeniu!<\/p>","protected":false},"excerpt":{"rendered":"<p>Ajatu ja elegantne viis ruumi l\u00f5hnastamiseks ilma leegita ja suitsuta. Helsinki atomiseerija kasutab ultraheli tehnoloogiat, et muuta eeterliku \u00f5liga rikastatud vesi koheselt&hellip;<\/p>","protected":false},"featured_media":105544,"comment_status":"open","ping_status":"closed","template":"","meta":{"wprm-recipe-roundup-name":"","wprm-recipe-roundup-description":""},"product_brand":[],"product_cat":[5757],"product_tag":[5758],"class_list":{"0":"post-105543","1":"product","2":"type-product","3":"status-publish","4":"has-post-thumbnail","6":"product_cat-difuuserid-ja-poletid","7":"product_tag-difuuser","9":"first","10":"instock","11":"taxable","12":"shipping-taxable","13":"purchasable","14":"product-type-simple"},"supplier_id":105232,"supplier_sku":"","barcode":"5056368310126","atum_controlled":true,"out_stock_date":null,"out_stock_threshold":null,"inheritable":false,"inbound_stock":0,"stock_on_hold":0,"sold_today":0,"sales_last_days":0,"reserved_stock":0,"customer_returns":0,"warehouse_damage":0,"lost_in_post":0,"other_logs":0,"out_stock_days":0,"lost_sales":0,"has_location":false,"update_date":"2026-03-07T01:16:14","atum_locations":[],"atum_stock_status":"instock","restock_status":false,"low_stock_amount":"","sales_update_date":"2026-03-07T01:16:14","calc_backorders":null,"aioseo_notices":[],"_links":{"self":[{"href":"https:\/\/ecoshop.ee\/lt\/wp-json\/wp\/v2\/product\/105543","targetHints":{"allow":["GET"]}}],"collection":[{"href":"https:\/\/ecoshop.ee\/lt\/wp-json\/wp\/v2\/product"}],"about":[{"href":"https:\/\/ecoshop.ee\/lt\/wp-json\/wp\/v2\/types\/product"}],"replies":[{"embeddable":true,"href":"https:\/\/ecoshop.ee\/lt\/wp-json\/wp\/v2\/comments?post=105543"}],"version-history":[{"count":0,"href":"https:\/\/ecoshop.ee\/lt\/wp-json\/wp\/v2\/product\/105543\/revisions"}],"wp:featuredmedia":[{"embeddable":true,"href":"https:\/\/ecoshop.ee\/lt\/wp-json\/wp\/v2\/media\/105544"}],"wp:attachment":[{"href":"https:\/\/ecoshop.ee\/lt\/wp-json\/wp\/v2\/media?parent=105543"}],"wp:term":[{"taxonomy":"product_brand","embeddable":true,"href":"https:\/\/ecoshop.ee\/lt\/wp-json\/wp\/v2\/product_brand?post=105543"},{"taxonomy":"product_cat","embeddable":true,"href":"https:\/\/ecoshop.ee\/lt\/wp-json\/wp\/v2\/product_cat?post=105543"},{"taxonomy":"product_tag","embeddable":true,"href":"https:\/\/ecoshop.ee\/lt\/wp-json\/wp\/v2\/product_tag?post=105543"}],"curies":[{"name":"wp","href":"https:\/\/api.w.org\/{rel}","templated":true}]}}