{"id":105547,"date":"2025-04-12T18:26:21","date_gmt":"2025-04-12T16:26:21","guid":{"rendered":"https:\/\/ecoshop.ee\/?post_type=product&#038;p=105547"},"modified":"2025-04-12T18:26:22","modified_gmt":"2025-04-12T16:26:22","slug":"palma-aromaterapinis-difuzorius-led-spalvomis-usb-laikmatis","status":"publish","type":"product","link":"https:\/\/ecoshop.ee\/lt\/difuuserid-ja-poletid\/palma-aroomi-difuuser-led-varvid-usb-taimeriga\/","title":{"rendered":"Palma aromaterapinis difuzorius \u2013 LED spalvos, USB, su laikma\u010diu"},"content":{"rendered":"<p class=\"\" data-start=\"182\" data-end=\"415\">Eleganti\u0161kas ir ak\u012f traukiantis difuzorius su d\u0117\u017eut\u0117s formos apdaila, kuris j\u016bs\u0173 erdvei suteikia ramyb\u0117s, dr\u0117gm\u0117s ir nuotaikos. Ultragarsin\u0117 technologija akimirksniu paver\u010dia vanden\u012f ir eterin\u012f aliej\u0173 kvapniu r\u016bku, kuris u\u017epildo kambar\u012f be d\u016bm\u0173 ar liepsnos.<\/p>\n<p class=\"\" data-start=\"417\" data-end=\"546\">\u201ePalma\u201c \u2013 puikus j\u016bs\u0173 nam\u0173, biuro ar poilsio kampelio papildymas \u2013 vizualiai stulbinantis ir prakti\u0161kas aromaterapijos \u012frankis.<\/p>\n<p class=\"\" data-start=\"548\" data-end=\"773\">Talpa: 400 ml<br data-start=\"567\" data-end=\"570\" \/>LED lemput\u0117 7 skirtingomis spalvomis<br data-start=\"600\" data-end=\"603\" \/>Laikmatis: 1-3-6 valandos<br data-start=\"624\" data-end=\"627\" \/>Automatinis i\u0161sijungimas, kai baigiasi vandens lygis<br data-start=\"673\" data-end=\"676\" \/>USB maitinimo \u0161altinis (laido ilgis 100 cm)<br data-start=\"710\" data-end=\"713\" \/>Matmenys: auk\u0161tis 21,5 cm, skersmuo 16,5 cm<br data-start=\"755\" data-end=\"758\" data-is-only-node=\"\" \/>Svoris: 400 g<\/p>\n<p class=\"\" data-start=\"775\" data-end=\"826\">\u26a0\ufe0f Naudoti tik su eteriniais aliejais, sumai\u0161ytais su vandeniu!<\/p>","protected":false},"excerpt":{"rendered":"<p>Elegantne ja pilkup\u00fc\u00fcdev difuuser karbimustrilise viimistlusega, mis toob sinu ruumi rahu, niiskust ja meeleolu. Ultraheli tehnoloogia muudab vee ja eeterliku \u00f5li hetkega&hellip;<\/p>","protected":false},"featured_media":105548,"comment_status":"open","ping_status":"closed","template":"","meta":{"wprm-recipe-roundup-name":"","wprm-recipe-roundup-description":""},"product_brand":[],"product_cat":[5757],"product_tag":[5758],"class_list":{"0":"post-105547","1":"product","2":"type-product","3":"status-publish","4":"has-post-thumbnail","6":"product_cat-difuuserid-ja-poletid","7":"product_tag-difuuser","9":"first","10":"instock","11":"taxable","12":"shipping-taxable","13":"purchasable","14":"product-type-simple"},"supplier_id":105232,"supplier_sku":"","barcode":"5055796505395","atum_controlled":true,"out_stock_date":null,"out_stock_threshold":null,"inheritable":false,"inbound_stock":0,"stock_on_hold":0,"sold_today":0,"sales_last_days":0,"reserved_stock":0,"customer_returns":0,"warehouse_damage":0,"lost_in_post":0,"other_logs":0,"out_stock_days":0,"lost_sales":0,"has_location":false,"update_date":"2026-03-07T01:16:14","atum_locations":[],"atum_stock_status":"instock","restock_status":false,"low_stock_amount":"","sales_update_date":"2026-03-07T01:16:14","calc_backorders":null,"aioseo_notices":[],"_links":{"self":[{"href":"https:\/\/ecoshop.ee\/lt\/wp-json\/wp\/v2\/product\/105547","targetHints":{"allow":["GET"]}}],"collection":[{"href":"https:\/\/ecoshop.ee\/lt\/wp-json\/wp\/v2\/product"}],"about":[{"href":"https:\/\/ecoshop.ee\/lt\/wp-json\/wp\/v2\/types\/product"}],"replies":[{"embeddable":true,"href":"https:\/\/ecoshop.ee\/lt\/wp-json\/wp\/v2\/comments?post=105547"}],"version-history":[{"count":0,"href":"https:\/\/ecoshop.ee\/lt\/wp-json\/wp\/v2\/product\/105547\/revisions"}],"wp:featuredmedia":[{"embeddable":true,"href":"https:\/\/ecoshop.ee\/lt\/wp-json\/wp\/v2\/media\/105548"}],"wp:attachment":[{"href":"https:\/\/ecoshop.ee\/lt\/wp-json\/wp\/v2\/media?parent=105547"}],"wp:term":[{"taxonomy":"product_brand","embeddable":true,"href":"https:\/\/ecoshop.ee\/lt\/wp-json\/wp\/v2\/product_brand?post=105547"},{"taxonomy":"product_cat","embeddable":true,"href":"https:\/\/ecoshop.ee\/lt\/wp-json\/wp\/v2\/product_cat?post=105547"},{"taxonomy":"product_tag","embeddable":true,"href":"https:\/\/ecoshop.ee\/lt\/wp-json\/wp\/v2\/product_tag?post=105547"}],"curies":[{"name":"wp","href":"https:\/\/api.w.org\/{rel}","templated":true}]}}