{"id":105562,"date":"2025-04-12T18:48:05","date_gmt":"2025-04-12T16:48:05","guid":{"rendered":"https:\/\/ecoshop.ee\/?post_type=product&#038;p=105562"},"modified":"2025-07-21T11:40:56","modified_gmt":"2025-07-21T08:40:56","slug":"medinis-smilkalu-laikiklis-budai","status":"publish","type":"product","link":"https:\/\/ecoshop.ee\/lt\/difuuserid-ja-poletid\/puidust-viirukialus-buddha\/","title":{"rendered":"Medinis smilkal\u0173 indelis \u2013 Buda"},"content":{"rendered":"<p class=\"\" data-start=\"155\" data-end=\"370\">Universalus ir raminantis smilkalinis, kuriame galima laikyti ir smilkalines, ir smilkalinius k\u016bgius. Budos statula, pagaminta i\u0161 med\u017eio ir rankomis i\u0161dro\u017eta Indijoje, suteikia dvasin\u0117s pusiausvyros ir estetinio gylio bet kuriai erdvei.<\/p>\n<p class=\"\" data-start=\"372\" data-end=\"489\">Idealiai tinka meditacijos ir jogos kampeliui, bet taip pat ir kaip dovana tiems, kurie vertina vidin\u0119 ramyb\u0119 ir prasming\u0105 dizain\u0105.<\/p>\n<ul>\n<li data-start=\"491\" data-end=\"699\">Tinka smilkalams ir k\u016bgeliams<\/li>\n<li data-start=\"491\" data-end=\"699\">Detalus Budos gravi\u016bra<\/li>\n<li data-start=\"491\" data-end=\"699\">Pagaminta i\u0161 auk\u0161tos kokyb\u0117s nat\u016bralios medienos<\/li>\n<li data-start=\"491\" data-end=\"699\">Sukuria rami\u0105 ir dvasing\u0105 atmosfer\u0105<\/li>\n<li data-start=\"491\" data-end=\"699\">Tinka dovanoti arba asmeniniam naudojimui<\/li>\n<\/ul>","protected":false},"excerpt":{"rendered":"<p>Mitmek\u00fclgne ja rahu loov viirukialus, millele saad asetada nii viirukipulga kui -koonuse. Puidust valmistatud ja Indias k\u00e4sitsi nikerdatud Buddha kujutis lisab igasse&hellip;<\/p>","protected":false},"featured_media":105563,"comment_status":"open","ping_status":"closed","template":"","meta":{"wprm-recipe-roundup-name":"","wprm-recipe-roundup-description":""},"product_brand":[],"product_cat":[5757],"product_tag":[5760],"class_list":{"0":"post-105562","1":"product","2":"type-product","3":"status-publish","4":"has-post-thumbnail","6":"product_cat-difuuserid-ja-poletid","7":"product_tag-viirukihoidja","9":"first","10":"instock","11":"taxable","12":"shipping-taxable","13":"purchasable","14":"product-type-simple"},"supplier_id":105232,"supplier_sku":"","barcode":"5056368330544","atum_controlled":true,"out_stock_date":null,"out_stock_threshold":null,"inheritable":false,"inbound_stock":0,"stock_on_hold":0,"sold_today":0,"sales_last_days":0,"reserved_stock":0,"customer_returns":0,"warehouse_damage":0,"lost_in_post":0,"other_logs":0,"out_stock_days":0,"lost_sales":0,"has_location":false,"update_date":"2026-03-07T01:16:14","atum_locations":[],"atum_stock_status":"instock","restock_status":false,"low_stock_amount":"","sales_update_date":"2026-03-07T01:16:14","calc_backorders":null,"aioseo_notices":[],"_links":{"self":[{"href":"https:\/\/ecoshop.ee\/lt\/wp-json\/wp\/v2\/product\/105562","targetHints":{"allow":["GET"]}}],"collection":[{"href":"https:\/\/ecoshop.ee\/lt\/wp-json\/wp\/v2\/product"}],"about":[{"href":"https:\/\/ecoshop.ee\/lt\/wp-json\/wp\/v2\/types\/product"}],"replies":[{"embeddable":true,"href":"https:\/\/ecoshop.ee\/lt\/wp-json\/wp\/v2\/comments?post=105562"}],"version-history":[{"count":0,"href":"https:\/\/ecoshop.ee\/lt\/wp-json\/wp\/v2\/product\/105562\/revisions"}],"wp:featuredmedia":[{"embeddable":true,"href":"https:\/\/ecoshop.ee\/lt\/wp-json\/wp\/v2\/media\/105563"}],"wp:attachment":[{"href":"https:\/\/ecoshop.ee\/lt\/wp-json\/wp\/v2\/media?parent=105562"}],"wp:term":[{"taxonomy":"product_brand","embeddable":true,"href":"https:\/\/ecoshop.ee\/lt\/wp-json\/wp\/v2\/product_brand?post=105562"},{"taxonomy":"product_cat","embeddable":true,"href":"https:\/\/ecoshop.ee\/lt\/wp-json\/wp\/v2\/product_cat?post=105562"},{"taxonomy":"product_tag","embeddable":true,"href":"https:\/\/ecoshop.ee\/lt\/wp-json\/wp\/v2\/product_tag?post=105562"}],"curies":[{"name":"wp","href":"https:\/\/api.w.org\/{rel}","templated":true}]}}