{"id":105567,"date":"2025-04-12T19:04:33","date_gmt":"2025-04-12T17:04:33","guid":{"rendered":"https:\/\/ecoshop.ee\/?post_type=product&#038;p=105567"},"modified":"2025-04-12T19:04:34","modified_gmt":"2025-04-12T17:04:34","slug":"ritualine-smilkaline-gyvybes-medis-11x9-cm","status":"publish","type":"product","link":"https:\/\/ecoshop.ee\/lt\/difuuserid-ja-poletid\/rituaalne-viirukihoidja-elupuu-11x9-cm\/","title":{"rendered":"Ritualin\u0117 smilkalin\u0117 \u2013 Gyvyb\u0117s medis (11\u00d79 cm)"},"content":{"rendered":"<p class=\"\" data-start=\"168\" data-end=\"400\">Rank\u0173 darbo ritualin\u0117 smilkalin\u0117 su simboliniu Gyvyb\u0117s med\u017eiu centre \u2013 gyvenimo ciklo, augimo ir ry\u0161io simboliu. Pagaminta i\u0161 nat\u016bralios mango medienos, \u0161i smilkalin\u0117 yra patvari, nat\u016brali ir prasminga.<\/p>\n<p class=\"\" data-start=\"402\" data-end=\"555\">D\u0117l apgalvoto dizaino galima naudoti tiek smilkalines lazdeles, tiek k\u016bgius, tod\u0117l ji universali ir tinka \u012fvairiems pom\u0117giams. Nesvarbu, ar naudojama meditacijai, ritualams, ar tiesiog norint sukurti rami\u0105 nuotaik\u0105, \u0161i smilkalin\u0117 suteikia erdvei pusiausvyros ir ramyb\u0117s.<\/p>\n<ul>\n<li data-start=\"557\" data-end=\"769\">Pagaminta i\u0161 nat\u016bralios mango medienos<\/li>\n<li data-start=\"557\" data-end=\"769\">I\u0161dro\u017etas Gyvyb\u0117s med\u017eio simbolis \u2013 gyvenimo ir augimo simbolis<\/li>\n<li data-start=\"557\" data-end=\"769\">Talpina dvi smilkalines ir vien\u0105 smilkal\u0173 k\u016bg\u012f<\/li>\n<li data-start=\"557\" data-end=\"769\">Matmenys: apytiksliai 11 \u00d7 9 cm<\/li>\n<li data-start=\"557\" data-end=\"769\">Prakti\u0161ka ir dekoratyvi \u2013 ideali dovana<\/li>\n<\/ul>","protected":false},"excerpt":{"rendered":"<p>K\u00e4sitsi valmistatud rituaalne viirukihoidja, mille keskmes seisab s\u00fcmboolne Elupuu \u2013 elu ringk\u00e4igu, kasvu ja \u00fchenduse t\u00e4his. See naturaalsest mangopuidust valmistatud viirukikauss on&hellip;<\/p>","protected":false},"featured_media":105571,"comment_status":"open","ping_status":"closed","template":"","meta":{"wprm-recipe-roundup-name":"","wprm-recipe-roundup-description":""},"product_brand":[],"product_cat":[5757],"product_tag":[5760],"class_list":{"0":"post-105567","1":"product","2":"type-product","3":"status-publish","4":"has-post-thumbnail","6":"product_cat-difuuserid-ja-poletid","7":"product_tag-viirukihoidja","9":"first","10":"instock","11":"taxable","12":"shipping-taxable","13":"purchasable","14":"product-type-simple"},"supplier_id":105232,"supplier_sku":"","barcode":"5056368340017","atum_controlled":true,"out_stock_date":null,"out_stock_threshold":null,"inheritable":false,"inbound_stock":0,"stock_on_hold":0,"sold_today":0,"sales_last_days":0,"reserved_stock":0,"customer_returns":0,"warehouse_damage":0,"lost_in_post":0,"other_logs":0,"out_stock_days":0,"lost_sales":0,"has_location":false,"update_date":"2026-03-07T01:16:15","atum_locations":[],"atum_stock_status":"instock","restock_status":false,"low_stock_amount":"","sales_update_date":"2026-03-07T01:16:15","calc_backorders":null,"aioseo_notices":[],"_links":{"self":[{"href":"https:\/\/ecoshop.ee\/lt\/wp-json\/wp\/v2\/product\/105567","targetHints":{"allow":["GET"]}}],"collection":[{"href":"https:\/\/ecoshop.ee\/lt\/wp-json\/wp\/v2\/product"}],"about":[{"href":"https:\/\/ecoshop.ee\/lt\/wp-json\/wp\/v2\/types\/product"}],"replies":[{"embeddable":true,"href":"https:\/\/ecoshop.ee\/lt\/wp-json\/wp\/v2\/comments?post=105567"}],"version-history":[{"count":0,"href":"https:\/\/ecoshop.ee\/lt\/wp-json\/wp\/v2\/product\/105567\/revisions"}],"wp:featuredmedia":[{"embeddable":true,"href":"https:\/\/ecoshop.ee\/lt\/wp-json\/wp\/v2\/media\/105571"}],"wp:attachment":[{"href":"https:\/\/ecoshop.ee\/lt\/wp-json\/wp\/v2\/media?parent=105567"}],"wp:term":[{"taxonomy":"product_brand","embeddable":true,"href":"https:\/\/ecoshop.ee\/lt\/wp-json\/wp\/v2\/product_brand?post=105567"},{"taxonomy":"product_cat","embeddable":true,"href":"https:\/\/ecoshop.ee\/lt\/wp-json\/wp\/v2\/product_cat?post=105567"},{"taxonomy":"product_tag","embeddable":true,"href":"https:\/\/ecoshop.ee\/lt\/wp-json\/wp\/v2\/product_tag?post=105567"}],"curies":[{"name":"wp","href":"https:\/\/api.w.org\/{rel}","templated":true}]}}