{"id":105574,"date":"2025-04-12T19:16:02","date_gmt":"2025-04-12T17:16:02","guid":{"rendered":"https:\/\/ecoshop.ee\/?post_type=product&#038;p=105574"},"modified":"2025-04-12T19:19:26","modified_gmt":"2025-04-12T17:19:26","slug":"smilkalu-lazdeles-su-krintanciais-dumais","status":"publish","type":"product","link":"https:\/\/ecoshop.ee\/lt\/difuuserid-ja-poletid\/langeva-suitsuga-viirukipoleti-basseinid\/","title":{"rendered":"Smilkalin\u0117 su krintan\u010diais d\u016bmais \u2013 Baseinai"},"content":{"rendered":"<p class=\"\" data-start=\"165\" data-end=\"417\">Smilkalin\u0117 su dviem sujungtais duben\u0117liais, sukurian\u010diais raminant\u012f ir kerint\u012f d\u016bm\u0173 srov\u0117s efekt\u0105. Kai u\u017edegtas atbulinio srauto smilkalinis k\u016bgis pradeda \u0161viesti, d\u016bmai l\u0117tai s\u016bkuriuoja \u017eemyn, tek\u0117dami i\u0161 vieno duben\u0117lio \u012f kit\u0105 \u2013 tarsi rami gyvenimo t\u0117km\u0117.<\/p>\n<p class=\"\" data-start=\"419\" data-end=\"600\">\u0160is vizualiai \u012fsp\u016bdingas smilkalinis puikiai tinka meditacijai, atsipalaidavimui ar tiesiog atmosferos k\u016brimui kambaryje. Puikus interjero dizaino elementas ir prasminga dovana.<\/p>\n<ul>\n<li data-start=\"602\" data-end=\"805\">Dizainas su dviem sujungtais duben\u0117liais \u2013 simbolizuoja gyvenimo t\u0117km\u0119<\/li>\n<li data-start=\"602\" data-end=\"805\">Sukurta specialiai smilkal\u0173 k\u016bgeliams su krintan\u010diais d\u016bmais<\/li>\n<li data-start=\"602\" data-end=\"805\">Vizualiai \u017eavus ir raminantis efektas<\/li>\n<li data-start=\"602\" data-end=\"805\">Tinka namams, jogos kampeliui arba kaip dovana<\/li>\n<\/ul>\n<p class=\"\" data-start=\"807\" data-end=\"875\">\u26a0\ufe0f Nor\u0117dami pasiekti krintan\u010di\u0173 d\u016bm\u0173 efekt\u0105, naudokite tik specialiai tam skirtus krintan\u010di\u0173 d\u016bm\u0173 smilkal\u0173 k\u016bgius!<\/p>","protected":false},"excerpt":{"rendered":"<p>Kahe omavahel \u00fchendatud kausiga viirukip\u00f5leti, mis loob rahustava ja lummava suitsujugaefekti. Kui s\u00fc\u00fcdatud backflow viirukikoonus hakkab h\u00f5\u00f5guma, langeb suits aeglaselt keereldes allapoole,&hellip;<\/p>","protected":false},"featured_media":105575,"comment_status":"open","ping_status":"closed","template":"","meta":{"wprm-recipe-roundup-name":"","wprm-recipe-roundup-description":""},"product_brand":[],"product_cat":[5757],"product_tag":[5760],"class_list":{"0":"post-105574","1":"product","2":"type-product","3":"status-publish","4":"has-post-thumbnail","6":"product_cat-difuuserid-ja-poletid","7":"product_tag-viirukihoidja","9":"first","10":"instock","11":"taxable","12":"shipping-taxable","13":"purchasable","14":"product-type-simple"},"supplier_id":105232,"supplier_sku":"","barcode":"5055796594559","atum_controlled":true,"out_stock_date":null,"out_stock_threshold":null,"inheritable":false,"inbound_stock":0,"stock_on_hold":0,"sold_today":0,"sales_last_days":0,"reserved_stock":0,"customer_returns":0,"warehouse_damage":0,"lost_in_post":0,"other_logs":0,"out_stock_days":0,"lost_sales":0,"has_location":false,"update_date":"2026-03-07T01:16:15","atum_locations":[],"atum_stock_status":"instock","restock_status":false,"low_stock_amount":"","sales_update_date":"2026-03-07T01:16:15","calc_backorders":null,"aioseo_notices":[],"_links":{"self":[{"href":"https:\/\/ecoshop.ee\/lt\/wp-json\/wp\/v2\/product\/105574","targetHints":{"allow":["GET"]}}],"collection":[{"href":"https:\/\/ecoshop.ee\/lt\/wp-json\/wp\/v2\/product"}],"about":[{"href":"https:\/\/ecoshop.ee\/lt\/wp-json\/wp\/v2\/types\/product"}],"replies":[{"embeddable":true,"href":"https:\/\/ecoshop.ee\/lt\/wp-json\/wp\/v2\/comments?post=105574"}],"version-history":[{"count":0,"href":"https:\/\/ecoshop.ee\/lt\/wp-json\/wp\/v2\/product\/105574\/revisions"}],"wp:featuredmedia":[{"embeddable":true,"href":"https:\/\/ecoshop.ee\/lt\/wp-json\/wp\/v2\/media\/105575"}],"wp:attachment":[{"href":"https:\/\/ecoshop.ee\/lt\/wp-json\/wp\/v2\/media?parent=105574"}],"wp:term":[{"taxonomy":"product_brand","embeddable":true,"href":"https:\/\/ecoshop.ee\/lt\/wp-json\/wp\/v2\/product_brand?post=105574"},{"taxonomy":"product_cat","embeddable":true,"href":"https:\/\/ecoshop.ee\/lt\/wp-json\/wp\/v2\/product_cat?post=105574"},{"taxonomy":"product_tag","embeddable":true,"href":"https:\/\/ecoshop.ee\/lt\/wp-json\/wp\/v2\/product_tag?post=105574"}],"curies":[{"name":"wp","href":"https:\/\/api.w.org\/{rel}","templated":true}]}}