{"id":105578,"date":"2025-04-12T19:23:54","date_gmt":"2025-04-12T17:23:54","guid":{"rendered":"https:\/\/ecoshop.ee\/?post_type=product&#038;p=105578"},"modified":"2025-04-12T19:23:55","modified_gmt":"2025-04-12T17:23:55","slug":"mini-magu-smilkaline-su-krintanciais-dumais","status":"publish","type":"product","link":"https:\/\/ecoshop.ee\/lt\/difuuserid-ja-poletid\/langeva-suitsuga-viirukipoleti-mini-magi\/","title":{"rendered":"Smilkalin\u0117 su krintan\u010diais d\u016bmais \u2013 Mini M\u00e4gi"},"content":{"rendered":"<p class=\"\" data-start=\"131\" data-end=\"339\">Atraskite ramyb\u0119 ir pusiausvyr\u0105 miniati\u016broje. \u0160is kompakti\u0161kas smilkalinis sukuria ry\u0161k\u0173 vaizdin\u012f efekt\u0105 \u2013 d\u016bmai l\u0117tai teka nedidelio kalno \u0161laitais, sudarydami \u0161velnius s\u016bkurius ir r\u016bko debesis.<\/p>\n<p class=\"\" data-start=\"341\" data-end=\"478\">Idealiai tinka ma\u017eesn\u0117ms erdv\u0117ms, ant stalo ar altoriaus \u2013 \u201eMini M\u00e4gi\u201c akimirksniu nukelia \u012f gamtos gl\u0117b\u012f ir padeda sukurti raminan\u010di\u0105 atmosfer\u0105.<\/p>\n<ul>\n<li data-start=\"480\" data-end=\"670\">Miniati\u016brinis dizainas \u2013 idealiai tinka ma\u017eoms erdv\u0117ms<\/li>\n<li data-start=\"480\" data-end=\"670\">D\u016bmai lyg r\u016bkas liejasi kalv\u0173 \u0161laitais<\/li>\n<li data-start=\"480\" data-end=\"670\">Vizualiai \u017eavus ir raminantis poj\u016b\u010diams<\/li>\n<\/ul>\n<p class=\"\" data-start=\"672\" data-end=\"745\">\u26a0\ufe0f Nor\u0117dami pasiekti krintan\u010di\u0173 d\u016bm\u0173 efekt\u0105, naudokite tik specialiai tam skirtus krintan\u010di\u0173 d\u016bm\u0173 smilkal\u0173 k\u016bgius!<\/p>","protected":false},"excerpt":{"rendered":"<p>Leia rahu ja tasakaal miniatuurses vormis. See kompaktne viirukip\u00f5leti loob silmapaistva visuaalse efekti \u2013 suits voolab aeglaselt m\u00f6\u00f6da v\u00e4ikese m\u00e4e n\u00f5lvu allapoole,&hellip;<\/p>","protected":false},"featured_media":105581,"comment_status":"open","ping_status":"closed","template":"","meta":{"wprm-recipe-roundup-name":"","wprm-recipe-roundup-description":""},"product_brand":[],"product_cat":[5757],"product_tag":[5760],"class_list":{"0":"post-105578","1":"product","2":"type-product","3":"status-publish","4":"has-post-thumbnail","6":"product_cat-difuuserid-ja-poletid","7":"product_tag-viirukihoidja","9":"first","10":"instock","11":"taxable","12":"shipping-taxable","13":"purchasable","14":"product-type-simple"},"supplier_id":105232,"supplier_sku":"","barcode":"5056368336881","atum_controlled":true,"out_stock_date":null,"out_stock_threshold":null,"inheritable":false,"inbound_stock":0,"stock_on_hold":0,"sold_today":0,"sales_last_days":0,"reserved_stock":0,"customer_returns":0,"warehouse_damage":0,"lost_in_post":0,"other_logs":0,"out_stock_days":0,"lost_sales":0,"has_location":false,"update_date":"2026-03-07T01:16:15","atum_locations":[],"atum_stock_status":"instock","restock_status":false,"low_stock_amount":"","sales_update_date":"2026-03-07T01:16:15","calc_backorders":null,"aioseo_notices":[],"_links":{"self":[{"href":"https:\/\/ecoshop.ee\/lt\/wp-json\/wp\/v2\/product\/105578","targetHints":{"allow":["GET"]}}],"collection":[{"href":"https:\/\/ecoshop.ee\/lt\/wp-json\/wp\/v2\/product"}],"about":[{"href":"https:\/\/ecoshop.ee\/lt\/wp-json\/wp\/v2\/types\/product"}],"replies":[{"embeddable":true,"href":"https:\/\/ecoshop.ee\/lt\/wp-json\/wp\/v2\/comments?post=105578"}],"version-history":[{"count":0,"href":"https:\/\/ecoshop.ee\/lt\/wp-json\/wp\/v2\/product\/105578\/revisions"}],"wp:featuredmedia":[{"embeddable":true,"href":"https:\/\/ecoshop.ee\/lt\/wp-json\/wp\/v2\/media\/105581"}],"wp:attachment":[{"href":"https:\/\/ecoshop.ee\/lt\/wp-json\/wp\/v2\/media?parent=105578"}],"wp:term":[{"taxonomy":"product_brand","embeddable":true,"href":"https:\/\/ecoshop.ee\/lt\/wp-json\/wp\/v2\/product_brand?post=105578"},{"taxonomy":"product_cat","embeddable":true,"href":"https:\/\/ecoshop.ee\/lt\/wp-json\/wp\/v2\/product_cat?post=105578"},{"taxonomy":"product_tag","embeddable":true,"href":"https:\/\/ecoshop.ee\/lt\/wp-json\/wp\/v2\/product_tag?post=105578"}],"curies":[{"name":"wp","href":"https:\/\/api.w.org\/{rel}","templated":true}]}}