{"id":105703,"date":"2025-04-27T18:48:19","date_gmt":"2025-04-27T15:48:19","guid":{"rendered":"https:\/\/ecoshop.ee\/?post_type=product&#038;p=105703"},"modified":"2025-12-25T19:07:50","modified_gmt":"2025-12-25T16:07:50","slug":"katjes-rugstus-veganiski-guminukai-175-g","status":"publish","type":"product","link":"https:\/\/ecoshop.ee\/lt\/kommid\/katjes-hapud-vegan-kummikommid-175g\/","title":{"rendered":"Katjes r\u016bg\u0161t\u016bs vegani\u0161ki guminukai, 175 g"},"content":{"rendered":"<p class=\"\" data-start=\"135\" data-end=\"556\">\u201eKatjes Wonderland Sour\u201c nukels jus \u012f magi\u0161k\u0105 pasaul\u012f, kuriame saldumas ir r\u016bg\u0161tumas sukuria tobul\u0105 pusiausvyr\u0105. Penki\u0173 skirting\u0173 spalv\u0173 ir skoni\u0173 (juod\u0173j\u0173 serbent\u0173, persik\u0173, avie\u010di\u0173, laimo ir kruvinojo apelsino) vegani\u0161ki guminukai pasi\u016blys tikr\u0105 vaisi\u0173 malonum\u0105. \u201e100%\u201c vegani\u0161kas, be palmi\u0173 aliejaus, be gyv\u016bnin\u0117s kilm\u0117s \u017eelatinos ir be dirbtini\u0173 kvapi\u0173j\u0173 med\u017eiag\u0173. Tokie vegani\u0161k\u0173 produkt\u0173 kaip \u201eTropical Fruits\u201c ir \u201eCat&#039;s Paws\u201c asortimentas dabar vertas d\u0117mesio!<\/p>\n<ul data-start=\"558\" data-end=\"651\">\n<li class=\"\" data-start=\"558\" data-end=\"572\">\n<p class=\"\" data-start=\"560\" data-end=\"572\">100% veganas<\/p>\n<\/li>\n<li class=\"\" data-start=\"573\" data-end=\"592\">\n<p class=\"\" data-start=\"575\" data-end=\"592\">Be palmi\u0173 aliejaus<\/p>\n<\/li>\n<li class=\"\" data-start=\"573\" data-end=\"592\">\n<p class=\"\" data-start=\"575\" data-end=\"592\">Be gyv\u016bnin\u0117s kilm\u0117s \u017eelatinos<\/p>\n<\/li>\n<li class=\"\" data-start=\"621\" data-end=\"651\">\n<p class=\"\" data-start=\"623\" data-end=\"651\">Be dirbtini\u0173 kvapikli\u0173<\/p>\n<\/li>\n<\/ul>","protected":false},"excerpt":{"rendered":"<p>Katjes Wonderland Sour viib sind v\u00f5lumaailma, kus magus ja hapu loovad t\u00e4iusliku tasakaalu. Viies erinevas v\u00e4rvitoonis ja maitses (musts\u00f5star, virsik, vaarikas, laim&hellip;<\/p>","protected":false},"featured_media":105704,"comment_status":"open","ping_status":"closed","template":"","meta":{"wprm-recipe-roundup-name":"","wprm-recipe-roundup-description":""},"product_brand":[12006],"product_cat":[160],"product_tag":[316],"class_list":{"0":"post-105703","1":"product","2":"type-product","3":"status-publish","4":"has-post-thumbnail","6":"product_brand-katjes","7":"product_cat-kommid","8":"product_tag-kummikommid","9":"j79_wcxd_expiry_type-best-before","11":"first","12":"outofstock","13":"taxable","14":"shipping-taxable","15":"purchasable","16":"product-type-simple"},"supplier_id":9137,"supplier_sku":"","barcode":"4037400344782","atum_controlled":true,"out_stock_date":"2025-11-21 08:14:24","out_stock_threshold":null,"inheritable":false,"inbound_stock":0,"stock_on_hold":0,"sold_today":0,"sales_last_days":0,"reserved_stock":0,"customer_returns":0,"warehouse_damage":0,"lost_in_post":0,"other_logs":0,"out_stock_days":105,"lost_sales":34,"has_location":false,"update_date":"2026-03-07T01:16:07","atum_locations":[],"atum_stock_status":"outofstock","restock_status":false,"low_stock_amount":"","sales_update_date":"2026-03-07T01:16:07","calc_backorders":null,"aioseo_notices":[],"_links":{"self":[{"href":"https:\/\/ecoshop.ee\/lt\/wp-json\/wp\/v2\/product\/105703","targetHints":{"allow":["GET"]}}],"collection":[{"href":"https:\/\/ecoshop.ee\/lt\/wp-json\/wp\/v2\/product"}],"about":[{"href":"https:\/\/ecoshop.ee\/lt\/wp-json\/wp\/v2\/types\/product"}],"replies":[{"embeddable":true,"href":"https:\/\/ecoshop.ee\/lt\/wp-json\/wp\/v2\/comments?post=105703"}],"version-history":[{"count":0,"href":"https:\/\/ecoshop.ee\/lt\/wp-json\/wp\/v2\/product\/105703\/revisions"}],"wp:featuredmedia":[{"embeddable":true,"href":"https:\/\/ecoshop.ee\/lt\/wp-json\/wp\/v2\/media\/105704"}],"wp:attachment":[{"href":"https:\/\/ecoshop.ee\/lt\/wp-json\/wp\/v2\/media?parent=105703"}],"wp:term":[{"taxonomy":"product_brand","embeddable":true,"href":"https:\/\/ecoshop.ee\/lt\/wp-json\/wp\/v2\/product_brand?post=105703"},{"taxonomy":"product_cat","embeddable":true,"href":"https:\/\/ecoshop.ee\/lt\/wp-json\/wp\/v2\/product_cat?post=105703"},{"taxonomy":"product_tag","embeddable":true,"href":"https:\/\/ecoshop.ee\/lt\/wp-json\/wp\/v2\/product_tag?post=105703"}],"curies":[{"name":"wp","href":"https:\/\/api.w.org\/{rel}","templated":true}]}}