{"id":105719,"date":"2025-04-27T19:52:36","date_gmt":"2025-04-27T16:52:36","guid":{"rendered":"https:\/\/ecoshop.ee\/?post_type=product&#038;p=105719"},"modified":"2025-12-25T19:04:33","modified_gmt":"2025-12-25T16:04:33","slug":"vantastic-migdolu-skonio-sokolado-plytele-ekologiska-40-g","status":"publish","type":"product","link":"https:\/\/ecoshop.ee\/lt\/sokolaadid\/vantastic-mandlimaitseline-sokolaadibatoon-mahe-40g\/","title":{"rendered":"Vantastic migdol\u0173 skonio \u0161okolado plytel\u0117, ekologi\u0161ka, 40 g"},"content":{"rendered":"<p class=\"\" data-start=\"149\" data-end=\"488\">Vantastic migdol\u0173 \u0161okolado baton\u0117lis su \u0161velniu migdol\u0173 kremu ir \u0161okolado glaistu suteikia klasikinio migdol\u0173 baton\u0117lio skon\u012f visi\u0161kai naujoje, patobulintoje vegani\u0161koje versijoje. \u0160is ekologi\u0161kas ir be palmi\u0173 aliejaus skan\u0117stas puikiai tinka greitam u\u017ekand\u017eiui kelyje. Tikras skan\u0117stas be gyv\u016bnin\u0117s kilm\u0117s ingredient\u0173!<\/p>\n<ul data-start=\"490\" data-end=\"580\">\n<li class=\"\" data-start=\"490\" data-end=\"528\">\n<p class=\"\" data-start=\"492\" data-end=\"528\">Vegani\u0161ko \u0161okolado baton\u0117lio alternatyva<\/p>\n<\/li>\n<li class=\"\" data-start=\"529\" data-end=\"553\">\n<p class=\"\" data-start=\"531\" data-end=\"553\">Organinis ir be palmi\u0173 aliejaus<\/p>\n<\/li>\n<li class=\"\" data-start=\"554\" data-end=\"580\">\n<p class=\"\" data-start=\"556\" data-end=\"580\">Idealiai tinka pasiimti su savimi<\/p>\n<\/li>\n<\/ul>","protected":false},"excerpt":{"rendered":"<p>Vantastic mandlimaitseline \u0161okolaadibatoon \u00fchendab maheda mandlikreemi ja \u0161okolaadiglasuuri, pakkudes klassikalise mandlibatooni maitset t\u00e4iesti uues, t\u00e4iustatud veganversioonis. See mahe ja palmi\u00f5livaba maiuspala sobib&hellip;<\/p>","protected":false},"featured_media":105720,"comment_status":"open","ping_status":"closed","template":"","meta":{"wprm-recipe-roundup-name":"","wprm-recipe-roundup-description":""},"product_brand":[12022],"product_cat":[141,303],"product_tag":[297,5779,142],"class_list":{"0":"post-105719","1":"product","2":"type-product","3":"status-publish","4":"has-post-thumbnail","6":"product_brand-vantastic","7":"product_cat-sokolaadid","8":"product_cat-mahetooted","9":"product_tag-mahe","10":"product_tag-mandel","11":"product_tag-sokolaad","12":"j79_wcxd_expiry_type-best-before","14":"first","15":"instock","16":"taxable","17":"shipping-taxable","18":"purchasable","19":"product-type-simple"},"supplier_id":9137,"supplier_sku":"","barcode":"4260661092189","atum_controlled":true,"out_stock_date":null,"out_stock_threshold":null,"inheritable":false,"inbound_stock":0,"stock_on_hold":0,"sold_today":0,"sales_last_days":0,"reserved_stock":0,"customer_returns":0,"warehouse_damage":0,"lost_in_post":0,"other_logs":0,"out_stock_days":0,"lost_sales":0,"has_location":false,"update_date":"2026-03-23T16:05:57","atum_locations":[],"atum_stock_status":"instock","restock_status":false,"low_stock_amount":"","sales_update_date":"2026-03-23T16:05:57","calc_backorders":null,"aioseo_notices":[],"_links":{"self":[{"href":"https:\/\/ecoshop.ee\/lt\/wp-json\/wp\/v2\/product\/105719","targetHints":{"allow":["GET"]}}],"collection":[{"href":"https:\/\/ecoshop.ee\/lt\/wp-json\/wp\/v2\/product"}],"about":[{"href":"https:\/\/ecoshop.ee\/lt\/wp-json\/wp\/v2\/types\/product"}],"replies":[{"embeddable":true,"href":"https:\/\/ecoshop.ee\/lt\/wp-json\/wp\/v2\/comments?post=105719"}],"version-history":[{"count":0,"href":"https:\/\/ecoshop.ee\/lt\/wp-json\/wp\/v2\/product\/105719\/revisions"}],"wp:featuredmedia":[{"embeddable":true,"href":"https:\/\/ecoshop.ee\/lt\/wp-json\/wp\/v2\/media\/105720"}],"wp:attachment":[{"href":"https:\/\/ecoshop.ee\/lt\/wp-json\/wp\/v2\/media?parent=105719"}],"wp:term":[{"taxonomy":"product_brand","embeddable":true,"href":"https:\/\/ecoshop.ee\/lt\/wp-json\/wp\/v2\/product_brand?post=105719"},{"taxonomy":"product_cat","embeddable":true,"href":"https:\/\/ecoshop.ee\/lt\/wp-json\/wp\/v2\/product_cat?post=105719"},{"taxonomy":"product_tag","embeddable":true,"href":"https:\/\/ecoshop.ee\/lt\/wp-json\/wp\/v2\/product_tag?post=105719"}],"curies":[{"name":"wp","href":"https:\/\/api.w.org\/{rel}","templated":true}]}}