{"id":105730,"date":"2025-04-27T23:10:09","date_gmt":"2025-04-27T20:10:09","guid":{"rendered":"https:\/\/ecoshop.ee\/?post_type=product&#038;p=105730"},"modified":"2026-05-04T11:29:13","modified_gmt":"2026-05-04T08:29:13","slug":"ichoc-klasikinis-veganiskas-pieninis-sokoladas-ekologiskas-80-g","status":"publish","type":"product","link":"https:\/\/ecoshop.ee\/lt\/sokolaadid\/ichoc-klassikaline-vegan-piimasokolaad-mahe-80g\/","title":{"rendered":"iChoc klasikinis vegani\u0161kas pieninis \u0161okoladas, ekologi\u0161kas, 80 g"},"content":{"rendered":"<p class=\"\" data-start=\"141\" data-end=\"464\">Klasikinis vegani\u0161kas pieninis \u0161okoladas \u201eiChoc\u201c si\u016blo \u0161ilkin\u012f, kremin\u012f skon\u012f, kurio pagrind\u0105 sudaro kakavos sviestas ir migdol\u0173 aliejus. Augalinis skan\u0117stas, \u012frodantis, kad vegani\u0161kas \u0161okoladas gali b\u016bti toks pat malonus kaip ir klasikinis pieninis \u0161okoladas. Pagamintas tik i\u0161 ekologi\u0161k\u0173 ingredient\u0173, be palmi\u0173 aliejaus ir supakuotas \u012f plastiko neturin\u010di\u0105, namuose kompostuojam\u0105 pakuot\u0119.<\/p>\n<ul data-start=\"466\" data-end=\"561\">\n<li class=\"\" data-start=\"466\" data-end=\"498\">\n<p class=\"\" data-start=\"468\" data-end=\"498\">Pagaminta i\u0161 augalin\u0117s kilm\u0117s ingredient\u0173<\/p>\n<\/li>\n<li class=\"\" data-start=\"499\" data-end=\"523\">\n<p class=\"\" data-start=\"501\" data-end=\"523\">Organinis ir be palmi\u0173 aliejaus<\/p>\n<\/li>\n<li class=\"\" data-start=\"524\" data-end=\"561\">\n<p class=\"\" data-start=\"526\" data-end=\"561\">Ekologi\u0161ka pakuot\u0117 be plastiko<\/p>\n<\/li>\n<\/ul>","protected":false},"excerpt":{"rendered":"<p>iChoc klassikaline vegan piima\u0161okolaad pakub siidiselt kreemjat maitseelamust kakaov\u00f5i ja mandli\u00f5li baasil. Taimselt valmistatud maius, mis t\u00f5estab, et vegan\u0161okolaad v\u00f5ib olla sama&hellip;<\/p>","protected":false},"featured_media":105733,"comment_status":"open","ping_status":"closed","template":"","meta":{"wprm-recipe-roundup-name":"","wprm-recipe-roundup-description":""},"product_brand":[12028],"product_cat":[141,303],"product_tag":[297,142],"class_list":{"0":"post-105730","1":"product","2":"type-product","3":"status-publish","4":"has-post-thumbnail","6":"product_brand-ichoc","7":"product_cat-sokolaadid","8":"product_cat-mahetooted","9":"product_tag-mahe","10":"product_tag-sokolaad","11":"j79_wcxd_expiry_type-best-before","13":"first","14":"instock","15":"taxable","16":"shipping-taxable","17":"purchasable","18":"product-type-simple"},"supplier_id":390160,"supplier_sku":"","barcode":"4044889004595","atum_controlled":true,"out_stock_date":null,"out_stock_threshold":null,"inheritable":false,"inbound_stock":0,"stock_on_hold":0,"sold_today":0,"sales_last_days":1,"reserved_stock":0,"customer_returns":0,"warehouse_damage":0,"lost_in_post":0,"other_logs":0,"out_stock_days":0,"lost_sales":0,"has_location":false,"update_date":"2026-05-07T14:39:18","atum_locations":[],"atum_stock_status":"instock","restock_status":false,"low_stock_amount":"","sales_update_date":"2026-05-07T14:39:18","calc_backorders":null,"aioseo_notices":[],"_links":{"self":[{"href":"https:\/\/ecoshop.ee\/lt\/wp-json\/wp\/v2\/product\/105730","targetHints":{"allow":["GET"]}}],"collection":[{"href":"https:\/\/ecoshop.ee\/lt\/wp-json\/wp\/v2\/product"}],"about":[{"href":"https:\/\/ecoshop.ee\/lt\/wp-json\/wp\/v2\/types\/product"}],"replies":[{"embeddable":true,"href":"https:\/\/ecoshop.ee\/lt\/wp-json\/wp\/v2\/comments?post=105730"}],"version-history":[{"count":0,"href":"https:\/\/ecoshop.ee\/lt\/wp-json\/wp\/v2\/product\/105730\/revisions"}],"wp:featuredmedia":[{"embeddable":true,"href":"https:\/\/ecoshop.ee\/lt\/wp-json\/wp\/v2\/media\/105733"}],"wp:attachment":[{"href":"https:\/\/ecoshop.ee\/lt\/wp-json\/wp\/v2\/media?parent=105730"}],"wp:term":[{"taxonomy":"product_brand","embeddable":true,"href":"https:\/\/ecoshop.ee\/lt\/wp-json\/wp\/v2\/product_brand?post=105730"},{"taxonomy":"product_cat","embeddable":true,"href":"https:\/\/ecoshop.ee\/lt\/wp-json\/wp\/v2\/product_cat?post=105730"},{"taxonomy":"product_tag","embeddable":true,"href":"https:\/\/ecoshop.ee\/lt\/wp-json\/wp\/v2\/product_tag?post=105730"}],"curies":[{"name":"wp","href":"https:\/\/api.w.org\/{rel}","templated":true}]}}