{"id":105786,"date":"2025-05-01T00:34:07","date_gmt":"2025-04-30T21:34:07","guid":{"rendered":"https:\/\/ecoshop.ee\/?post_type=product&#038;p=105786"},"modified":"2025-12-25T19:02:46","modified_gmt":"2025-12-25T16:02:46","slug":"visavertis-augalinis-sunu-edalas-su-lesiais-ir-soromis-800-g","status":"publish","type":"product","link":"https:\/\/ecoshop.ee\/lt\/lemmikloomatoit\/taisvaartuslik-taimne-koeratoit-laatsed-ja-hirss-800g\/","title":{"rendered":"Visavertis augalinis \u0161un\u0173 \u0117dalas su l\u0119\u0161iais ir soromis, 800 g"},"content":{"rendered":"<p class=\"\" data-start=\"194\" data-end=\"829\">VEGDOG ADULT \u2013 tai subalansuotas augalinis \u0161un\u0173 \u0117dalas, kuris apr\u016bpins j\u016bs\u0173 keturkoj\u012f draug\u0105 viskuo, ko jam reikia \u2013 be m\u0117sos. Be gr\u016bd\u0173 ir glitimo receptas ypa\u010d tinka jautriai vir\u0161kinamam \u0161uniui. Baltym\u0173 gaus\u016bs l\u0119\u0161iai, lubinai ir soros suteikia nepakei\u010diam\u0173j\u0173 aminor\u016bg\u0161\u010di\u0173. Bulv\u0117s, \u0161pinatai ir chia s\u0117klos palaiko vir\u0161kinim\u0105 ir bendr\u0105 savijaut\u0105. Vertingi dumbliai suteikia nepakei\u010diam\u0173j\u0173 riebal\u0173 r\u016bg\u0161\u010di\u0173, o prid\u0117tiniai vitaminai, miel\u0117s ir mineralai patenkina kasdienius mitybos poreikius. Pagamintas i\u0161 Vokietijoje ir Austrijoje u\u017eaugint\u0173 ingredient\u0173, nat\u016braliai be dirbtini\u0173 da\u017eikli\u0173 ir konservant\u0173.<\/p>\n<ul data-start=\"831\" data-end=\"1033\">\n<li class=\"\" data-start=\"831\" data-end=\"886\">\n<p class=\"\" data-start=\"833\" data-end=\"886\">Visavertis vegani\u0161kas \u0161lapias maistas suaugusiems \u0161unims<\/p>\n<\/li>\n<li class=\"\" data-start=\"887\" data-end=\"917\">\n<p class=\"\" data-start=\"889\" data-end=\"917\">Be gr\u016bd\u0173 ir glitimo<\/p>\n<\/li>\n<li class=\"\" data-start=\"918\" data-end=\"965\">\n<p class=\"\" data-start=\"920\" data-end=\"965\">Sud\u0117tyje yra dumbli\u0173, chia s\u0117kl\u0173 ir lubin\u0173<\/p>\n<\/li>\n<li class=\"\" data-start=\"966\" data-end=\"997\">\n<p class=\"\" data-start=\"968\" data-end=\"997\">Be dirbtini\u0173 pried\u0173<\/p>\n<\/li>\n<li class=\"\" data-start=\"998\" data-end=\"1033\">\n<p class=\"\" data-start=\"1000\" data-end=\"1033\">Pagaminta Vokietijoje ir Austrijoje<\/p>\n<\/li>\n<\/ul>\n<p>&nbsp;<\/p>\n<p class=\"\" data-start=\"89\" data-end=\"511\"><strong data-start=\"89\" data-end=\"129\">Maistiniai priedai (1 kg):<\/strong><br data-start=\"129\" data-end=\"132\" \/>A-vitamin 3450 TV; D3-vitamin 506 TV; B12-vitamin 23 \u00b5g; kalcio D-pantotenatas 9,2 mg; L-karnitinas 414 mg; L-treoninas 610 mg; L-triptofanas 212 mg; taurinas 437 mg; DL-metioninas 2,65 g; gele\u017eis (gele\u017eies(II) glicinato chelato hidratas) 23 mg; varis (vario glicinato chelato hidratas) 1,2 mg; cinkas (cinko oksidas) 23 mg; jodas (bevandenis kalcio jodatas) 0,4 mg; selenas (natrio selenitas) 0,08 mg.<\/p>\n<p class=\"\" data-start=\"513\" data-end=\"535\"><strong data-start=\"513\" data-end=\"533\">Maitinimo rekomendacija:<\/strong><\/p>\n<ul data-start=\"536\" data-end=\"730\">\n<li class=\"\" data-start=\"536\" data-end=\"567\">\n<p class=\"\" data-start=\"538\" data-end=\"567\">5 kg \u0161uo: 320\u2013365 g per dien\u0105<\/p>\n<\/li>\n<li class=\"\" data-start=\"568\" data-end=\"593\">\n<p class=\"\" data-start=\"570\" data-end=\"593\">10 kg \u0161uo: 540\u2013615 g<\/p>\n<\/li>\n<li class=\"\" data-start=\"594\" data-end=\"620\">\n<p class=\"\" data-start=\"596\" data-end=\"620\">20 kg \u0161uo: 910\u20131030 g<\/p>\n<\/li>\n<li class=\"\" data-start=\"621\" data-end=\"648\">\n<p class=\"\" data-start=\"623\" data-end=\"648\">30 kg \u0161uo: 1230\u20131400 g<\/p>\n<\/li>\n<li class=\"\" data-start=\"649\" data-end=\"676\">\n<p class=\"\" data-start=\"651\" data-end=\"676\">40 kg \u0161uo: 1525\u20131730 g<\/p>\n<\/li>\n<li class=\"\" data-start=\"677\" data-end=\"704\">\n<p class=\"\" data-start=\"679\" data-end=\"704\">50 kg \u0161uo: 1800\u20132050 g<\/p>\n<\/li>\n<li class=\"\" data-start=\"705\" data-end=\"730\">\n<p class=\"\" data-start=\"707\" data-end=\"730\">60 kg \u0161uo: 2070\u20132350 g<\/p>\n<\/li>\n<\/ul>\n<p class=\"\" data-start=\"732\" data-end=\"893\"><strong data-start=\"732\" data-end=\"743\">Pastaba:<\/strong> Tai yra apytiksl\u0117s vert\u0117s, kurias reikia koreguoti pagal individualius \u0161uns poreikius (aktyvum\u0105, veisl\u0119, med\u017eiag\u0173 apykait\u0105, sezon\u0105 ir kt.).<\/p>","protected":false},"excerpt":{"rendered":"<p>VEGDOG ADULT on tasakaalustatud taimne koeratoit, mis pakub sinu neljajalgsele kaaslasele k\u00f5ik vajaliku \u2013 ilma lihata. Teraviljavaba ja gluteenivaba retsept sobib eriti&hellip;<\/p>","protected":false},"featured_media":105787,"comment_status":"open","ping_status":"closed","template":"","meta":{"wprm-recipe-roundup-name":"","wprm-recipe-roundup-description":""},"product_brand":[],"product_cat":[5784],"product_tag":[5785],"class_list":{"0":"post-105786","1":"product","2":"type-product","3":"status-publish","4":"has-post-thumbnail","6":"product_cat-lemmikloomatoit","7":"product_tag-koeratoit","8":"j79_wcxd_expiry_type-best-before","10":"first","11":"instock","12":"taxable","13":"shipping-taxable","14":"purchasable","15":"product-type-simple"},"supplier_id":9137,"supplier_sku":"","barcode":"4260446690043","atum_controlled":true,"out_stock_date":null,"out_stock_threshold":null,"inheritable":false,"inbound_stock":0,"stock_on_hold":0,"sold_today":0,"sales_last_days":0,"reserved_stock":0,"customer_returns":0,"warehouse_damage":0,"lost_in_post":0,"other_logs":0,"out_stock_days":0,"lost_sales":0,"has_location":false,"update_date":"2026-03-07T01:16:08","atum_locations":[],"atum_stock_status":"instock","restock_status":false,"low_stock_amount":"","sales_update_date":"2026-03-07T01:16:08","calc_backorders":null,"aioseo_notices":[],"_links":{"self":[{"href":"https:\/\/ecoshop.ee\/lt\/wp-json\/wp\/v2\/product\/105786","targetHints":{"allow":["GET"]}}],"collection":[{"href":"https:\/\/ecoshop.ee\/lt\/wp-json\/wp\/v2\/product"}],"about":[{"href":"https:\/\/ecoshop.ee\/lt\/wp-json\/wp\/v2\/types\/product"}],"replies":[{"embeddable":true,"href":"https:\/\/ecoshop.ee\/lt\/wp-json\/wp\/v2\/comments?post=105786"}],"version-history":[{"count":0,"href":"https:\/\/ecoshop.ee\/lt\/wp-json\/wp\/v2\/product\/105786\/revisions"}],"wp:featuredmedia":[{"embeddable":true,"href":"https:\/\/ecoshop.ee\/lt\/wp-json\/wp\/v2\/media\/105787"}],"wp:attachment":[{"href":"https:\/\/ecoshop.ee\/lt\/wp-json\/wp\/v2\/media?parent=105786"}],"wp:term":[{"taxonomy":"product_brand","embeddable":true,"href":"https:\/\/ecoshop.ee\/lt\/wp-json\/wp\/v2\/product_brand?post=105786"},{"taxonomy":"product_cat","embeddable":true,"href":"https:\/\/ecoshop.ee\/lt\/wp-json\/wp\/v2\/product_cat?post=105786"},{"taxonomy":"product_tag","embeddable":true,"href":"https:\/\/ecoshop.ee\/lt\/wp-json\/wp\/v2\/product_tag?post=105786"}],"curies":[{"name":"wp","href":"https:\/\/api.w.org\/{rel}","templated":true}]}}