{"id":105789,"date":"2025-05-01T00:45:52","date_gmt":"2025-04-30T21:45:52","guid":{"rendered":"https:\/\/ecoshop.ee\/?post_type=product&#038;p=105789"},"modified":"2025-12-25T19:02:46","modified_gmt":"2025-12-25T16:02:46","slug":"visavertis-augalinis-sunu-maistas-vyresnio-amziaus-sunims-su-zirneliais-ir-soromis-400-g","status":"publish","type":"product","link":"https:\/\/ecoshop.ee\/lt\/lemmikloomatoit\/taisvaartuslik-taimne-koeratoit-eakale-koerale-herned-ja-hirss-400g\/","title":{"rendered":"Visavertis augalinis \u0161un\u0173 maistas vyresnio am\u017eiaus \u0161unims, su \u017eirneliais ir soromis, 400 g"},"content":{"rendered":"<p class=\"\" data-start=\"207\" data-end=\"547\">VEGDOG SENIOR yra specialiai sukurtas suaugusiems \u0161unims nuo 7 met\u0173 am\u017eiaus, u\u017etikrinant subalansuot\u0105 ir lengvai vir\u0161kinam\u0105 augalin\u012f maist\u0105, kuris palaiko \u0161uns gerov\u0119 senatv\u0117je. Produkte esantys auk\u0161tos kokyb\u0117s baltym\u0173 \u0161altiniai \u2013 \u017eirni\u0173 baltymai, l\u0119\u0161iai ir lubin\u0173 miltai \u2013 suteikia reikiam\u0105 aminohapete profil\u012f raumen\u0173 masei palaikyti.<\/p>\n<p class=\"\" data-start=\"549\" data-end=\"903\">Soros ir morkos prisideda prie s\u0105nari\u0173 sveikatos, o chia s\u0117klos, j\u016bros dumbliai ir saul\u0117gr\u0105\u017e\u0173 aliejus suteikia nepakei\u010diam\u0173j\u0173 omega-3 ir omega-6 riebal\u0173 r\u016bg\u0161\u010di\u0173. M\u016bs\u0173 specialiai sukurti mineraliniai milteliai papildo tokias svarbias maistines med\u017eiagas kaip vitaminas B12, taurinas ir karnitinas, kurios palaiko \u0161irdies funkcij\u0105 ir bendr\u0105 gyvybingum\u0105 vyresnio am\u017eiaus \u0161unims.<\/p>\n<p class=\"\" data-start=\"905\" data-end=\"1075\">\u0160is \u0117dalas taip pat ypa\u010d tinka \u0161unims, turintiems jautr\u0173 vir\u0161kinim\u0105, ir eliminacinei dietai. Kalcio ir fosforo santykis pritaikytas senstan\u010dio gyv\u016bno poreikiams.<\/p>\n<ul data-start=\"1077\" data-end=\"1345\">\n<li class=\"\" data-start=\"1077\" data-end=\"1137\">\n<p class=\"\" data-start=\"1079\" data-end=\"1137\">Visavertis augalinis maistas \u0161unims nuo 7 met\u0173 am\u017eiaus<\/p>\n<\/li>\n<li class=\"\" data-start=\"1138\" data-end=\"1182\">\n<p class=\"\" data-start=\"1140\" data-end=\"1182\">Be glitimo ir gyv\u016bnin\u0117s kilm\u0117s ingredient\u0173<\/p>\n<\/li>\n<li class=\"\" data-start=\"1183\" data-end=\"1232\">\n<p class=\"\" data-start=\"1185\" data-end=\"1232\">Palaiko vir\u0161kinim\u0105, \u0161irdies sveikat\u0105 ir s\u0105narius<\/p>\n<\/li>\n<li class=\"\" data-start=\"1233\" data-end=\"1259\">\n<p class=\"\" data-start=\"1235\" data-end=\"1259\">Taip pat tinka alergi\u0161kiems \u017emon\u0117ms<\/p>\n<\/li>\n<li class=\"\" data-start=\"1260\" data-end=\"1300\">\n<p class=\"\" data-start=\"1262\" data-end=\"1300\">Sukurta bendradarbiaujant su veterinarijos gydytojais<\/p>\n<\/li>\n<li class=\"\" data-start=\"1301\" data-end=\"1345\">\n<p class=\"\" data-start=\"1303\" data-end=\"1345\">Be dirbtini\u0173 kvapikli\u0173 ir da\u017eikli\u0173<\/p>\n<\/li>\n<\/ul>\n<p class=\"\" data-start=\"1347\" data-end=\"1448\">\u2757 <strong data-start=\"1349\" data-end=\"1397\">Netinka \u0161uniukams ir \u017eindan\u010dioms kal\u0117ms<\/strong>, nes j\u0173 mitybos ir energijos poreikiai yra didesni.<\/p>\n<p class=\"\" data-start=\"82\" data-end=\"505\"><strong data-start=\"82\" data-end=\"122\">Maistiniai priedai (1 kg):<\/strong><br data-start=\"122\" data-end=\"125\" \/>A-vitamin 3450 TV, D3-vitamin 506 TV, B12-vitamin 23 \u00b5g, kalcio D-pantotenatas 9,2 mg, L-karnitinas 414 mg, L-treoninas 610 mg, L-triptofanas 212 mg, taurinas 437 mg, DL-metioninas 2,65 g, gele\u017eis (gele\u017eies(II) glicinato chelato hidratas) 23 mg, varis (vario glicinato chelato hidratas) 1,2 mg, cinkas (cinko oksidas) 23 mg, jodas (bevandenis kalcio jodatas) 0,4 mg, selenas (natrio selenitas) 0,08 mg.<\/p>\n<p class=\"\" data-start=\"507\" data-end=\"529\"><strong data-start=\"507\" data-end=\"527\">Maitinimo rekomendacija:<\/strong><\/p>\n<ul data-start=\"530\" data-end=\"726\">\n<li class=\"\" data-start=\"530\" data-end=\"561\">\n<p class=\"\" data-start=\"532\" data-end=\"561\">5 kg \u0161uo: 320\u2013365 g per dien\u0105<\/p>\n<\/li>\n<li class=\"\" data-start=\"562\" data-end=\"587\">\n<p class=\"\" data-start=\"564\" data-end=\"587\">10 kg \u0161uo: 540\u2013615 g<\/p>\n<\/li>\n<li class=\"\" data-start=\"588\" data-end=\"614\">\n<p class=\"\" data-start=\"590\" data-end=\"614\">20 kg \u0161uo: 910\u20131030 g<\/p>\n<\/li>\n<li class=\"\" data-start=\"615\" data-end=\"642\">\n<p class=\"\" data-start=\"617\" data-end=\"642\">30 kg \u0161uo: 1230\u20131400 g<\/p>\n<\/li>\n<li class=\"\" data-start=\"643\" data-end=\"670\">\n<p class=\"\" data-start=\"645\" data-end=\"670\">40 kg \u0161uo: 1525\u20131730 g<\/p>\n<\/li>\n<li class=\"\" data-start=\"671\" data-end=\"698\">\n<p class=\"\" data-start=\"673\" data-end=\"698\">50 kg \u0161uo: 1800\u20132050 g<\/p>\n<\/li>\n<li class=\"\" data-start=\"699\" data-end=\"726\">\n<p class=\"\" data-start=\"701\" data-end=\"726\">60 kg \u0161uo: 2070\u20132350 g<\/p>\n<\/li>\n<\/ul>\n<p class=\"\" data-start=\"728\" data-end=\"894\"><strong data-start=\"728\" data-end=\"739\">Pastaba:<\/strong> Tai yra apytiksl\u0117s vert\u0117s, kurias reikia koreguoti atsi\u017evelgiant \u012f individualias \u0161uns gyvenimo s\u0105lygas (aktyvum\u0105, veisl\u0119, med\u017eiag\u0173 apykait\u0105, met\u0173 laik\u0105 ir kt.).<\/p>","protected":false},"excerpt":{"rendered":"<p>VEGDOG SENIOR on spetsiaalselt v\u00e4lja t\u00f6\u00f6tatud t\u00e4iskasvanud koertele alates 7. eluaastast, pakkudes tasakaalustatud ja kergesti seeditavat taimset toitumist, mis toetab koera heaolu&hellip;<\/p>","protected":false},"featured_media":105790,"comment_status":"open","ping_status":"closed","template":"","meta":{"wprm-recipe-roundup-name":"","wprm-recipe-roundup-description":""},"product_brand":[],"product_cat":[5784],"product_tag":[5785],"class_list":{"0":"post-105789","1":"product","2":"type-product","3":"status-publish","4":"has-post-thumbnail","6":"product_cat-lemmikloomatoit","7":"product_tag-koeratoit","8":"j79_wcxd_expiry_type-best-before","10":"first","11":"instock","12":"taxable","13":"shipping-taxable","14":"purchasable","15":"product-type-simple"},"supplier_id":9137,"supplier_sku":"","barcode":"4260446690029","atum_controlled":true,"out_stock_date":null,"out_stock_threshold":null,"inheritable":false,"inbound_stock":0,"stock_on_hold":0,"sold_today":0,"sales_last_days":0,"reserved_stock":0,"customer_returns":0,"warehouse_damage":0,"lost_in_post":0,"other_logs":0,"out_stock_days":0,"lost_sales":0,"has_location":false,"update_date":"2026-03-07T01:16:08","atum_locations":[],"atum_stock_status":"instock","restock_status":false,"low_stock_amount":"","sales_update_date":"2026-03-07T01:16:08","calc_backorders":null,"aioseo_notices":[],"_links":{"self":[{"href":"https:\/\/ecoshop.ee\/lt\/wp-json\/wp\/v2\/product\/105789","targetHints":{"allow":["GET"]}}],"collection":[{"href":"https:\/\/ecoshop.ee\/lt\/wp-json\/wp\/v2\/product"}],"about":[{"href":"https:\/\/ecoshop.ee\/lt\/wp-json\/wp\/v2\/types\/product"}],"replies":[{"embeddable":true,"href":"https:\/\/ecoshop.ee\/lt\/wp-json\/wp\/v2\/comments?post=105789"}],"version-history":[{"count":0,"href":"https:\/\/ecoshop.ee\/lt\/wp-json\/wp\/v2\/product\/105789\/revisions"}],"wp:featuredmedia":[{"embeddable":true,"href":"https:\/\/ecoshop.ee\/lt\/wp-json\/wp\/v2\/media\/105790"}],"wp:attachment":[{"href":"https:\/\/ecoshop.ee\/lt\/wp-json\/wp\/v2\/media?parent=105789"}],"wp:term":[{"taxonomy":"product_brand","embeddable":true,"href":"https:\/\/ecoshop.ee\/lt\/wp-json\/wp\/v2\/product_brand?post=105789"},{"taxonomy":"product_cat","embeddable":true,"href":"https:\/\/ecoshop.ee\/lt\/wp-json\/wp\/v2\/product_cat?post=105789"},{"taxonomy":"product_tag","embeddable":true,"href":"https:\/\/ecoshop.ee\/lt\/wp-json\/wp\/v2\/product_tag?post=105789"}],"curies":[{"name":"wp","href":"https:\/\/api.w.org\/{rel}","templated":true}]}}