{"id":105792,"date":"2025-05-01T00:58:53","date_gmt":"2025-04-30T21:58:53","guid":{"rendered":"https:\/\/ecoshop.ee\/?post_type=product&#038;p=105792"},"modified":"2025-12-25T19:02:46","modified_gmt":"2025-12-25T16:02:46","slug":"veganiskas-sausas-maistas-suaugusiems-sunims-su-pupelemis-ir-pomidorais-400-g","status":"publish","type":"product","link":"https:\/\/ecoshop.ee\/lt\/lemmikloomatoit\/vegan-margtoit-taiskasvanud-koerale-oad-ja-tomatid-400g\/","title":{"rendered":"Vegani\u0161kas \u0161lapias \u0117dalas suaugusiems \u0161unims, pupel\u0117s ir pomidorai, 400 g"},"content":{"rendered":"<p class=\"\" data-start=\"165\" data-end=\"471\">\u201eAmi\u201c \u2013 tai augalinis ir sultingas \u0161lapias \u0117dalas \u012fvairaus dyd\u017eio suaugusiems \u0161unims. Subalansuota dar\u017eovi\u0173 sud\u0117tis maloniai pakei\u010dia \u012fprast\u0105 m\u0117sin\u012f \u0161un\u0173 \u0117dal\u0105. \u0116dalas yra 100% vegani\u0161kas ir jame gausu dar\u017eovi\u0173 \u2013 \u0161iame variante pagrindin\u0117s sudedamosios dalys yra raudonosios pupel\u0117s ir pomidorai.<\/p>\n<p class=\"\" data-start=\"473\" data-end=\"686\">Idealus pasirinkimas tiems, kurie nori savo augintiniui pasi\u016blyti augalin\u012f maist\u0105, nuolat arba pa\u012fvairinimui. \u201eAmi\u201c \u0161lapias \u0117dalas ypa\u010d tinka \u0161unims, kurie m\u0117gsta sulting\u0105 tekst\u016br\u0105 ir dar\u017eoves.<\/p>\n<ul data-start=\"688\" data-end=\"897\">\n<li class=\"\" data-start=\"688\" data-end=\"728\">\n<p class=\"\" data-start=\"690\" data-end=\"728\">Vegani\u0161kas \u0161lapias maistas suaugusiems \u0161unims<\/p>\n<\/li>\n<li class=\"\" data-start=\"729\" data-end=\"775\">\n<p class=\"\" data-start=\"731\" data-end=\"775\">Sud\u0117tyje yra dar\u017eovi\u0173 ir \u017eoleli\u0173 ingredient\u0173<\/p>\n<\/li>\n<li class=\"\" data-start=\"776\" data-end=\"811\">\n<p class=\"\" data-start=\"778\" data-end=\"811\">Be m\u0117sos, sultingas ir skanus<\/p>\n<\/li>\n<li class=\"\" data-start=\"812\" data-end=\"862\">\n<p class=\"\" data-start=\"814\" data-end=\"862\">Tinka kasdieniam naudojimui arba kaip pakaitalas nuo \u012fprasto maisto<\/p>\n<\/li>\n<li class=\"\" data-start=\"863\" data-end=\"897\">\n<p class=\"\" data-start=\"865\" data-end=\"897\">Galima \u012fsigyti \u012fvairi\u0173 skoni\u0173<\/p>\n<\/li>\n<\/ul>\n<p>&nbsp;<\/p>\n<p class=\"\" data-start=\"82\" data-end=\"337\"><strong data-start=\"82\" data-end=\"122\">Maistiniai priedai (1 kg):<\/strong><br data-start=\"122\" data-end=\"125\" \/>A-vitamin 3214 TV, D3-vitamin 242 TV, cinkas (cinko sulfatas, monohidratas) 35,7 mg, manganas (mangano sulfatas, monohidratas) 2 mg, varis (vario(II) sulfatas, pentahidratas) 1,43 mg, jodas (kalcio jodatas, bevandenis) 1,07 mg.<\/p>\n<p class=\"\" data-start=\"339\" data-end=\"544\"><strong data-start=\"339\" data-end=\"359\">Maitinimo rekomendacija:<\/strong><br data-start=\"359\" data-end=\"362\" \/>Laikykit\u0117s rekomendacij\u0173, pateikt\u0173 ant skardin\u0117s.<br data-start=\"399\" data-end=\"402\" \/>(\u012ekainiai yra apytiksliai ir tur\u0117t\u0173 b\u016bti koreguojami atsi\u017evelgiant \u012f individualius \u0161uns poreikius, tokius kaip aktyvumo lygis, veisl\u0117, med\u017eiag\u0173 apykaita, met\u0173 laikas ir kt.)<\/p>","protected":false},"excerpt":{"rendered":"<p>Ami on taimne ja mahlane m\u00e4rgtoit t\u00e4iskasvanud koertele igas suuruses. Selle tasakaalustatud k\u00f6\u00f6giviljap\u00f5hine koostis pakub meeldivat vaheldust tavap\u00e4rasele lihap\u00f5hisele koeratoidule. Toit on&hellip;<\/p>","protected":false},"featured_media":105793,"comment_status":"open","ping_status":"closed","template":"","meta":{"wprm-recipe-roundup-name":"","wprm-recipe-roundup-description":""},"product_brand":[],"product_cat":[5784],"product_tag":[5785],"class_list":{"0":"post-105792","1":"product","2":"type-product","3":"status-publish","4":"has-post-thumbnail","6":"product_cat-lemmikloomatoit","7":"product_tag-koeratoit","8":"j79_wcxd_expiry_type-best-before","10":"first","11":"instock","12":"taxable","13":"shipping-taxable","14":"purchasable","15":"product-type-simple"},"supplier_id":9137,"supplier_sku":"","barcode":"8032573040710","atum_controlled":true,"out_stock_date":null,"out_stock_threshold":null,"inheritable":false,"inbound_stock":0,"stock_on_hold":0,"sold_today":0,"sales_last_days":0,"reserved_stock":0,"customer_returns":0,"warehouse_damage":0,"lost_in_post":0,"other_logs":0,"out_stock_days":0,"lost_sales":0,"has_location":false,"update_date":"2026-03-07T01:16:08","atum_locations":[],"atum_stock_status":"instock","restock_status":false,"low_stock_amount":"","sales_update_date":"2026-03-07T01:16:08","calc_backorders":null,"aioseo_notices":[],"_links":{"self":[{"href":"https:\/\/ecoshop.ee\/lt\/wp-json\/wp\/v2\/product\/105792","targetHints":{"allow":["GET"]}}],"collection":[{"href":"https:\/\/ecoshop.ee\/lt\/wp-json\/wp\/v2\/product"}],"about":[{"href":"https:\/\/ecoshop.ee\/lt\/wp-json\/wp\/v2\/types\/product"}],"replies":[{"embeddable":true,"href":"https:\/\/ecoshop.ee\/lt\/wp-json\/wp\/v2\/comments?post=105792"}],"version-history":[{"count":0,"href":"https:\/\/ecoshop.ee\/lt\/wp-json\/wp\/v2\/product\/105792\/revisions"}],"wp:featuredmedia":[{"embeddable":true,"href":"https:\/\/ecoshop.ee\/lt\/wp-json\/wp\/v2\/media\/105793"}],"wp:attachment":[{"href":"https:\/\/ecoshop.ee\/lt\/wp-json\/wp\/v2\/media?parent=105792"}],"wp:term":[{"taxonomy":"product_brand","embeddable":true,"href":"https:\/\/ecoshop.ee\/lt\/wp-json\/wp\/v2\/product_brand?post=105792"},{"taxonomy":"product_cat","embeddable":true,"href":"https:\/\/ecoshop.ee\/lt\/wp-json\/wp\/v2\/product_cat?post=105792"},{"taxonomy":"product_tag","embeddable":true,"href":"https:\/\/ecoshop.ee\/lt\/wp-json\/wp\/v2\/product_tag?post=105792"}],"curies":[{"name":"wp","href":"https:\/\/api.w.org\/{rel}","templated":true}]}}