{"id":105795,"date":"2025-05-01T01:09:06","date_gmt":"2025-04-30T22:09:06","guid":{"rendered":"https:\/\/ecoshop.ee\/?post_type=product&#038;p=105795"},"modified":"2025-12-25T19:02:46","modified_gmt":"2025-12-25T16:02:46","slug":"veganiskas-sausas-maistas-suaugusiems-sunims-su-moliugais-ir-saldziosiomis-bulvemis-400-g","status":"publish","type":"product","link":"https:\/\/ecoshop.ee\/lt\/lemmikloomatoit\/vegan-margtoit-taiskasvanud-koerale-korvits-ja-bataat-400g\/","title":{"rendered":"Vegani\u0161kas \u0161lapias \u0117dalas suaugusiems \u0161unims, su moli\u016bgu ir sald\u017eiosiomis bulv\u0117mis, 400 g"},"content":{"rendered":"<p class=\"\" data-start=\"282\" data-end=\"662\">\u201eAmi\u201c \u2013 tai sultingas, dar\u017eovi\u0173 pagrindu pagamintas \u0161lapias \u0117dalas \u012fvairaus dyd\u017eio ir veisli\u0173 suaugusiems \u0161unims. \u0160ioje versijoje jis pasi\u017eymi moli\u016bgo ir sald\u017ei\u0173j\u0173 bulvi\u0173 skoniu \u2013 mink\u0161tu, sodraus skonio dar\u017eovi\u0173 deriniu, kur\u012f m\u0117gsta daugelis \u0161un\u0173. \u0160iame \u0117dale n\u0117ra m\u0117sos, ta\u010diau gausu augalini\u0173 ingredient\u0173, kurie maloniai pakei\u010dia tradicin\u012f \u0161un\u0173 \u0117dal\u0105.<\/p>\n<p class=\"\" data-start=\"664\" data-end=\"891\">Idealiai tinka \u0161unims, kuriems patinka \u0161lapio \u0117dalo tekst\u016bra, ir \u0161eimininkams, norintiems u\u017etikrinti s\u0105moningesn\u012f ar \u012fvairesn\u012f \u0117dal\u0105. \u201eAmi vegan\u201c \u0161lapias \u0117dalas taip pat tinka \u0161unims, turintiems jautri\u0105 vir\u0161kinimo sistem\u0105 arba turintiems alergij\u0105 maistui.<\/p>\n<ul data-start=\"669\" data-end=\"867\">\n<li class=\"\" data-start=\"669\" data-end=\"709\">\n<p class=\"\" data-start=\"671\" data-end=\"709\">Vegani\u0161kas \u0161lapias maistas suaugusiems \u0161unims<\/p>\n<\/li>\n<li class=\"\" data-start=\"710\" data-end=\"753\">\n<p class=\"\" data-start=\"712\" data-end=\"753\">Be m\u0117sos, pagaminta i\u0161 dar\u017eovi\u0173<\/p>\n<\/li>\n<li class=\"\" data-start=\"754\" data-end=\"801\">\n<p class=\"\" data-start=\"756\" data-end=\"801\">Puikiai tinka pa\u012fvairinimui ar kasdieniam patiekalui<\/p>\n<\/li>\n<li class=\"\" data-start=\"802\" data-end=\"837\">\n<p class=\"\" data-start=\"804\" data-end=\"837\">Skanu, sultinga ir \u012fvairu<\/p>\n<\/li>\n<li class=\"\" data-start=\"838\" data-end=\"867\">\n<p class=\"\" data-start=\"840\" data-end=\"867\">Galima \u012fsigyti keli\u0173 skoni\u0173<\/p>\n<\/li>\n<\/ul>\n<p>&nbsp;<\/p>\n<p class=\"\" data-start=\"82\" data-end=\"337\"><strong data-start=\"82\" data-end=\"122\">Maistiniai priedai (1 kg):<\/strong><br data-start=\"122\" data-end=\"125\" \/>A-vitamin 3214 TV, D3-vitamin 242 TV, cinkas (cinko sulfatas, monohidratas) 35,7 mg, manganas (mangano sulfatas, monohidratas) 2 mg, varis (vario(II) sulfatas, pentahidratas) 1,43 mg, jodas (kalcio jodatas, bevandenis) 1,07 mg.<\/p>\n<p class=\"\" data-start=\"339\" data-end=\"540\"><strong data-start=\"339\" data-end=\"359\">Maitinimo rekomendacija:<\/strong><br data-start=\"359\" data-end=\"362\" \/>Vadovaukit\u0117s instrukcijomis ant skardin\u0117s.<br data-start=\"398\" data-end=\"401\" \/>(Vert\u0117s yra apytiksl\u0117s ir tur\u0117t\u0173 b\u016bti koreguojamos atsi\u017evelgiant \u012f individualius \u0161uns poreikius, tokius kaip aktyvumo lygis, veisl\u0117, med\u017eiag\u0173 apykaita, met\u0173 laikas ir kt.)<\/p>","protected":false},"excerpt":{"rendered":"<p>Ami on mahlane ja k\u00f6\u00f6giviljap\u00f5hine m\u00e4rgtoit t\u00e4iskasvanud koertele igas suuruses ja t\u00f5us. Antud variandis toob see maitseelamuse k\u00f5rvitsast ja bataadist \u2013 pehmest,&hellip;<\/p>","protected":false},"featured_media":105796,"comment_status":"open","ping_status":"closed","template":"","meta":{"wprm-recipe-roundup-name":"","wprm-recipe-roundup-description":""},"product_brand":[],"product_cat":[5784],"product_tag":[5785],"class_list":{"0":"post-105795","1":"product","2":"type-product","3":"status-publish","4":"has-post-thumbnail","6":"product_cat-lemmikloomatoit","7":"product_tag-koeratoit","8":"j79_wcxd_expiry_type-best-before","10":"first","11":"instock","12":"taxable","13":"shipping-taxable","14":"purchasable","15":"product-type-simple"},"supplier_id":9137,"supplier_sku":"","barcode":"8032573040703","atum_controlled":true,"out_stock_date":null,"out_stock_threshold":null,"inheritable":false,"inbound_stock":0,"stock_on_hold":0,"sold_today":0,"sales_last_days":0,"reserved_stock":0,"customer_returns":0,"warehouse_damage":0,"lost_in_post":0,"other_logs":0,"out_stock_days":0,"lost_sales":0,"has_location":false,"update_date":"2026-03-07T01:16:08","atum_locations":[],"atum_stock_status":"instock","restock_status":false,"low_stock_amount":"","sales_update_date":"2026-03-07T01:16:08","calc_backorders":null,"aioseo_notices":[],"_links":{"self":[{"href":"https:\/\/ecoshop.ee\/lt\/wp-json\/wp\/v2\/product\/105795","targetHints":{"allow":["GET"]}}],"collection":[{"href":"https:\/\/ecoshop.ee\/lt\/wp-json\/wp\/v2\/product"}],"about":[{"href":"https:\/\/ecoshop.ee\/lt\/wp-json\/wp\/v2\/types\/product"}],"replies":[{"embeddable":true,"href":"https:\/\/ecoshop.ee\/lt\/wp-json\/wp\/v2\/comments?post=105795"}],"version-history":[{"count":0,"href":"https:\/\/ecoshop.ee\/lt\/wp-json\/wp\/v2\/product\/105795\/revisions"}],"wp:featuredmedia":[{"embeddable":true,"href":"https:\/\/ecoshop.ee\/lt\/wp-json\/wp\/v2\/media\/105796"}],"wp:attachment":[{"href":"https:\/\/ecoshop.ee\/lt\/wp-json\/wp\/v2\/media?parent=105795"}],"wp:term":[{"taxonomy":"product_brand","embeddable":true,"href":"https:\/\/ecoshop.ee\/lt\/wp-json\/wp\/v2\/product_brand?post=105795"},{"taxonomy":"product_cat","embeddable":true,"href":"https:\/\/ecoshop.ee\/lt\/wp-json\/wp\/v2\/product_cat?post=105795"},{"taxonomy":"product_tag","embeddable":true,"href":"https:\/\/ecoshop.ee\/lt\/wp-json\/wp\/v2\/product_tag?post=105795"}],"curies":[{"name":"wp","href":"https:\/\/api.w.org\/{rel}","templated":true}]}}