{"id":105798,"date":"2025-05-01T01:19:46","date_gmt":"2025-04-30T22:19:46","guid":{"rendered":"https:\/\/ecoshop.ee\/?post_type=product&#038;p=105798"},"modified":"2025-12-25T19:02:47","modified_gmt":"2025-12-25T16:02:47","slug":"veganiskas-sausas-maistas-suaugusiems-sunims-su-morkomis-ir-bulvemis-400-g","status":"publish","type":"product","link":"https:\/\/ecoshop.ee\/lt\/lemmikloomatoit\/vegan-margtoit-taiskasvanud-koerale-porgand-ja-kartul-400g\/","title":{"rendered":"Vegani\u0161kas \u0161lapias maistas suaugusiems \u0161unims, morkos ir bulv\u0117s, 400 g"},"content":{"rendered":"<p class=\"\" data-start=\"209\" data-end=\"472\">\u201eAmi\u201c \u2013 tai augalinis \u0161lapias \u0117dalas, kuris suaugusiems \u0161unims si\u016blo puiki\u0105 ir subalansuot\u0105 alternatyv\u0105 \u012fprastam \u0117dalui. \u0160iame variante skon\u012f pabr\u0117\u017eia morkos ir bulv\u0117s \u2013 paprastos, bet maistingos dar\u017eov\u0117s, tinkan\u010dios ir jautresn\u012f vir\u0161kinim\u0105 turintiems augintiniams.<\/p>\n<p class=\"\" data-start=\"474\" data-end=\"789\">100% \u0117dalas yra be m\u0117sos ir tinka kasdieniam valgymui arba vegetari\u0161kai alternatyvai. \u201eAmi V-LOVE\u201c serija skirta \u0161un\u0173 \u0161eimininkams, norintiems savo keturkojui draugui suteikti sveikesn\u012f ir \u012fvairesn\u012f maist\u0105. Mink\u0161ta ir sultinga \u0161lapio \u0117dalo tekst\u016bra taip pat puikiai tinka vyresnio am\u017eiaus ar i\u0161rankiems \u0161unims.<\/p>\n<ul data-start=\"791\" data-end=\"1019\">\n<li class=\"\" data-start=\"791\" data-end=\"846\">\n<p class=\"\" data-start=\"793\" data-end=\"846\">Visavertis vegani\u0161kas \u0161lapias maistas suaugusiems \u0161unims<\/p>\n<\/li>\n<li class=\"\" data-start=\"847\" data-end=\"892\">\n<p class=\"\" data-start=\"849\" data-end=\"892\">Skonio derinys su morkomis ir bulv\u0117mis<\/p>\n<\/li>\n<li class=\"\" data-start=\"893\" data-end=\"948\">\n<p class=\"\" data-start=\"895\" data-end=\"948\">Tinka kasdieniam maitinimui arba u\u017ekand\u017eiui<\/p>\n<\/li>\n<li class=\"\" data-start=\"949\" data-end=\"974\">\n<p class=\"\" data-start=\"951\" data-end=\"974\">100% augalinis, be m\u0117sos<\/p>\n<\/li>\n<li class=\"\" data-start=\"975\" data-end=\"1019\">\n<p class=\"\" data-start=\"977\" data-end=\"1019\">Galima \u012fsigyti su keliais skirtingais dar\u017eovi\u0173 skoniais<\/p>\n<\/li>\n<\/ul>\n<p>&nbsp;<\/p>\n<p class=\"\" data-start=\"110\" data-end=\"365\"><strong data-start=\"110\" data-end=\"150\">Maistiniai priedai (1 kg):<\/strong><br data-start=\"150\" data-end=\"153\" \/>A-vitamin 3214 TV, D3-vitamin 242 TV, cinkas (cinko sulfatas, monohidratas) 35,7 mg, manganas (mangano sulfatas, monohidratas) 2 mg, varis (vario(II) sulfatas, pentahidratas) 1,43 mg, jodas (kalcio jodatas, bevandenis) 1,07 mg.<\/p>\n<p class=\"\" data-start=\"367\" data-end=\"568\"><strong data-start=\"367\" data-end=\"387\">Maitinimo rekomendacija:<\/strong><br data-start=\"387\" data-end=\"390\" \/>Vadovaukit\u0117s ant gaminio pa\u017eym\u0117tomis instrukcijomis.<br data-start=\"423\" data-end=\"426\" \/>(used vert\u0117s yra apytiksl\u0117s ir tur\u0117t\u0173 b\u016bti koreguojamos atsi\u017evelgiant \u012f individualius \u0161uns poreikius, tokius kaip aktyvumas, veisl\u0117, med\u017eiag\u0173 apykaita, met\u0173 laikas ir kt.)<\/p>","protected":false},"excerpt":{"rendered":"<p>Ami on taimne m\u00e4rgtoit, mis pakub t\u00e4iskasvanud koertele m\u00f5nusat ja tasakaalustatud vaheldust tavatoidule. Selles variandis r\u00f5hutavad maitset porgand ja kartul \u2013 lihtsad,&hellip;<\/p>","protected":false},"featured_media":105799,"comment_status":"open","ping_status":"closed","template":"","meta":{"wprm-recipe-roundup-name":"","wprm-recipe-roundup-description":""},"product_brand":[],"product_cat":[5784],"product_tag":[5785],"class_list":{"0":"post-105798","1":"product","2":"type-product","3":"status-publish","4":"has-post-thumbnail","6":"product_cat-lemmikloomatoit","7":"product_tag-koeratoit","8":"j79_wcxd_expiry_type-best-before","10":"first","11":"instock","12":"taxable","13":"shipping-taxable","14":"purchasable","15":"product-type-simple"},"supplier_id":9137,"supplier_sku":"","barcode":"8032573040475","atum_controlled":true,"out_stock_date":null,"out_stock_threshold":null,"inheritable":false,"inbound_stock":0,"stock_on_hold":0,"sold_today":0,"sales_last_days":0,"reserved_stock":0,"customer_returns":0,"warehouse_damage":0,"lost_in_post":0,"other_logs":0,"out_stock_days":0,"lost_sales":0,"has_location":false,"update_date":"2026-03-07T01:16:08","atum_locations":[],"atum_stock_status":"instock","restock_status":false,"low_stock_amount":"","sales_update_date":"2026-03-07T01:16:08","calc_backorders":null,"aioseo_notices":[],"_links":{"self":[{"href":"https:\/\/ecoshop.ee\/lt\/wp-json\/wp\/v2\/product\/105798","targetHints":{"allow":["GET"]}}],"collection":[{"href":"https:\/\/ecoshop.ee\/lt\/wp-json\/wp\/v2\/product"}],"about":[{"href":"https:\/\/ecoshop.ee\/lt\/wp-json\/wp\/v2\/types\/product"}],"replies":[{"embeddable":true,"href":"https:\/\/ecoshop.ee\/lt\/wp-json\/wp\/v2\/comments?post=105798"}],"version-history":[{"count":0,"href":"https:\/\/ecoshop.ee\/lt\/wp-json\/wp\/v2\/product\/105798\/revisions"}],"wp:featuredmedia":[{"embeddable":true,"href":"https:\/\/ecoshop.ee\/lt\/wp-json\/wp\/v2\/media\/105799"}],"wp:attachment":[{"href":"https:\/\/ecoshop.ee\/lt\/wp-json\/wp\/v2\/media?parent=105798"}],"wp:term":[{"taxonomy":"product_brand","embeddable":true,"href":"https:\/\/ecoshop.ee\/lt\/wp-json\/wp\/v2\/product_brand?post=105798"},{"taxonomy":"product_cat","embeddable":true,"href":"https:\/\/ecoshop.ee\/lt\/wp-json\/wp\/v2\/product_cat?post=105798"},{"taxonomy":"product_tag","embeddable":true,"href":"https:\/\/ecoshop.ee\/lt\/wp-json\/wp\/v2\/product_tag?post=105798"}],"curies":[{"name":"wp","href":"https:\/\/api.w.org\/{rel}","templated":true}]}}