{"id":106034,"date":"2025-05-22T23:20:11","date_gmt":"2025-05-22T20:20:11","guid":{"rendered":"https:\/\/ecoshop.ee\/?post_type=product&#038;p=106034"},"modified":"2026-05-08T20:49:52","modified_gmt":"2026-05-08T17:49:52","slug":"kookie-cat-mini-sausainiai-su-sudyta-karamele-ir-migdolais-100-g","status":"publish","type":"product","link":"https:\/\/ecoshop.ee\/lt\/vahvlid-ja-kupsised\/kookie-cat-mini-kupsised-soolakaramelli-ja-mandliga-100g\/","title":{"rendered":"Kookie Cat Mini sausainiai su s\u016bdyta karamele ir migdolais, 100 g"},"content":{"rendered":"<p data-start=\"65\" data-end=\"219\">Ekologi\u0161kas skan\u0117stas, skirtas dalintis! Kookie Cat mini sausainiai puikiai tinka akimirkoms su artimaisiais \u2013 kiekvienoje pakuot\u0117je yra apie 10 ma\u017e\u0173, bet skani\u0173 sausaini\u0173.<\/p>\n<p data-start=\"221\" data-end=\"400\">\u0160ie s\u016bdytos karamel\u0117s ir migdol\u0173 mini sausainiai yra:<br \/>\n\u2013 vegani\u0161kas<br data-start=\"275\" data-end=\"278\" \/>\u2013 be glitimo<br data-start=\"293\" data-end=\"296\" \/>\u2013 be rafinuoto cukraus<br data-start=\"324\" data-end=\"327\" \/>\u2013 ekologinis \u016bkininkavimas<br data-start=\"349\" data-end=\"352\" \/>\u2013 be palmi\u0173 aliejaus<br data-start=\"367\" data-end=\"370\" \/>\u2013 daugkartinio naudojimo pakuot\u0117je<\/p>\n<p data-start=\"402\" data-end=\"463\" data-is-last-node=\"\" data-is-only-node=\"\">Tegul kiekvienas k\u0105snis b\u016bna \u012fsimintinas ir dalinkit\u0117s d\u017eiaugsmu su sveiku skan\u0117stu!<\/p>","protected":false},"excerpt":{"rendered":"<p>Jagamiseks loodud mahe maius! Kookie Cat mini k\u00fcpsised on ideaalsed hetkedeks l\u00e4hedastega \u2013 iga pakk sisaldab umbes 10 v\u00e4ikest, kuid maitserikast k\u00fcpsist.&hellip;<\/p>","protected":false},"featured_media":106035,"comment_status":"open","ping_status":"closed","template":"","meta":{"wprm-recipe-roundup-name":"","wprm-recipe-roundup-description":""},"product_brand":[12029],"product_cat":[148,302],"product_tag":[181],"class_list":{"0":"post-106034","1":"product","2":"type-product","3":"status-publish","4":"has-post-thumbnail","6":"product_brand-kookie-cat","7":"product_cat-vahvlid-ja-kupsised","8":"product_cat-gluteenivaba","9":"product_tag-kupsised","10":"j79_wcxd_expiry_type-expiry-date","12":"first","13":"instock","14":"taxable","15":"shipping-taxable","16":"purchasable","17":"product-type-simple"},"supplier_id":9165,"supplier_sku":"","barcode":"3800233689846","atum_controlled":true,"out_stock_date":null,"out_stock_threshold":null,"inheritable":false,"inbound_stock":0,"stock_on_hold":0,"sold_today":0,"sales_last_days":0,"reserved_stock":0,"customer_returns":0,"warehouse_damage":0,"lost_in_post":0,"other_logs":0,"out_stock_days":120,"lost_sales":464,"has_location":false,"update_date":"2026-05-08T17:49:55","atum_locations":[],"atum_stock_status":"instock","restock_status":false,"low_stock_amount":"","sales_update_date":"2026-04-06T20:18:52","calc_backorders":null,"aioseo_notices":[],"_links":{"self":[{"href":"https:\/\/ecoshop.ee\/lt\/wp-json\/wp\/v2\/product\/106034","targetHints":{"allow":["GET"]}}],"collection":[{"href":"https:\/\/ecoshop.ee\/lt\/wp-json\/wp\/v2\/product"}],"about":[{"href":"https:\/\/ecoshop.ee\/lt\/wp-json\/wp\/v2\/types\/product"}],"replies":[{"embeddable":true,"href":"https:\/\/ecoshop.ee\/lt\/wp-json\/wp\/v2\/comments?post=106034"}],"version-history":[{"count":1,"href":"https:\/\/ecoshop.ee\/lt\/wp-json\/wp\/v2\/product\/106034\/revisions"}],"predecessor-version":[{"id":396138,"href":"https:\/\/ecoshop.ee\/lt\/wp-json\/wp\/v2\/product\/106034\/revisions\/396138"}],"wp:featuredmedia":[{"embeddable":true,"href":"https:\/\/ecoshop.ee\/lt\/wp-json\/wp\/v2\/media\/106035"}],"wp:attachment":[{"href":"https:\/\/ecoshop.ee\/lt\/wp-json\/wp\/v2\/media?parent=106034"}],"wp:term":[{"taxonomy":"product_brand","embeddable":true,"href":"https:\/\/ecoshop.ee\/lt\/wp-json\/wp\/v2\/product_brand?post=106034"},{"taxonomy":"product_cat","embeddable":true,"href":"https:\/\/ecoshop.ee\/lt\/wp-json\/wp\/v2\/product_cat?post=106034"},{"taxonomy":"product_tag","embeddable":true,"href":"https:\/\/ecoshop.ee\/lt\/wp-json\/wp\/v2\/product_tag?post=106034"}],"curies":[{"name":"wp","href":"https:\/\/api.w.org\/{rel}","templated":true}]}}